{"id":1305,"date":"2025-09-02T12:22:36","date_gmt":"2025-09-02T10:22:36","guid":{"rendered":"https:\/\/www.cogelec.fr\/our-partnerships\/"},"modified":"2026-02-03T15:56:43","modified_gmt":"2026-02-03T14:56:43","slug":"our-partnerships","status":"publish","type":"page","link":"https:\/\/www.cogelec.fr\/en\/our-partnerships\/","title":{"rendered":"Our partnerships"},"content":{"rendered":"\n<div style=\"height:46px\" aria-hidden=\"true\" class=\"wp-block-spacer\"><\/div>\n\n<div class=\"wp-block-group alignwide brands\"><div class=\"wp-block-group__inner-container is-layout-constrained wp-block-group-is-layout-constrained\">\n<div class=\"wp-block-group centered-text\"><div class=\"wp-block-group__inner-container is-layout-constrained wp-block-group-is-layout-constrained\">\n<h1 class=\"wp-block-heading has-text-align-center is-style-title-xl\">Our committed partnerships  <\/h1>\n\n\n\n<div style=\"height:40px\" aria-hidden=\"true\" class=\"wp-block-spacer\"><\/div>\n\n\n\n<p class=\"has-text-align-center\">The COGELEC Group&#8217;s partnerships are more than just commercial collaborations. <br\/>They are long-term commitments, driven by shared values and a shared desire to promote our brands <br\/>and our products throughout France and abroad.<\/p>\n<\/div><\/div>\n<\/div><\/div>\n\n<div class=\"wp-block-group overtitle-title-cards\"><div class=\"wp-block-group__inner-container is-layout-constrained wp-block-group-is-layout-constrained\">\n<div class=\"wp-block-group alignwide\"><div class=\"wp-block-group__inner-container is-layout-constrained wp-block-group-is-layout-constrained\">\n<div class=\"wp-block-group alignwide shadow-col-container\"><div class=\"wp-block-group__inner-container is-layout-flow wp-block-group-is-layout-flow\">\n<div class=\"wp-block-columns alignwide is-layout-flex wp-container-core-columns-is-layout-9d6595d7 wp-block-columns-is-layout-flex\">\n<div class=\"wp-block-column is-layout-flow wp-block-column-is-layout-flow\"><div class=\"wp-block-image\">\n<figure class=\"aligncenter size-full is-resized\"><img decoding=\"async\" width=\"1134\" height=\"1134\" src=\"https:\/\/www.cogelec.fr\/wp-content\/uploads\/2025\/08\/Logo-Membre-de-SA.png\" alt=\"\" class=\"wp-image-1191\" style=\"width:91px;height:auto\" srcset=\"https:\/\/www.cogelec.fr\/wp-content\/uploads\/2025\/08\/Logo-Membre-de-SA.png 1134w, https:\/\/www.cogelec.fr\/wp-content\/uploads\/2025\/08\/Logo-Membre-de-SA-300x300.png 300w, https:\/\/www.cogelec.fr\/wp-content\/uploads\/2025\/08\/Logo-Membre-de-SA-1024x1024.png 1024w, https:\/\/www.cogelec.fr\/wp-content\/uploads\/2025\/08\/Logo-Membre-de-SA-150x150.png 150w, https:\/\/www.cogelec.fr\/wp-content\/uploads\/2025\/08\/Logo-Membre-de-SA-768x768.png 768w\" sizes=\"(max-width: 1134px) 100vw, 1134px\" \/><\/figure>\n<\/div>\n\n\n<h2 class=\"wp-block-heading has-text-align-center is-style-title-sm\">SILVER ALLIANCE  <\/h2>\n\n\n\n<p class=\"has-text-align-center\">The <strong>Silver Alliance<\/strong> is a group of companies committed to ageing well, offering trusted solutions to enable people to live at home with peace of mind for as long as possible.<br\/><\/p>\n\n\n\n<div class=\"wp-block-buttons is-layout-flex wp-block-buttons-is-layout-flex\">\n<div class=\"wp-block-button\"><a class=\"wp-block-button__link wp-element-button\">Discover La Silver Alliance<\/a><\/div>\n<\/div>\n<\/div>\n\n\n\n<div class=\"wp-block-column is-layout-flow wp-block-column-is-layout-flow\">\n<div style=\"height:10px\" aria-hidden=\"true\" class=\"wp-block-spacer\"><\/div>\n\n\n<div class=\"wp-block-image\">\n<figure class=\"aligncenter size-full is-resized\"><img decoding=\"async\" width=\"2560\" height=\"990\" src=\"https:\/\/www.cogelec.fr\/wp-content\/uploads\/2025\/08\/KONE_Logo_Primary_RGB-6-scaled.png\" alt=\"\" class=\"wp-image-1194\" style=\"width:151px;height:auto\" srcset=\"https:\/\/www.cogelec.fr\/wp-content\/uploads\/2025\/08\/KONE_Logo_Primary_RGB-6-scaled.png 2560w, https:\/\/www.cogelec.fr\/wp-content\/uploads\/2025\/08\/KONE_Logo_Primary_RGB-6-300x116.png 300w, https:\/\/www.cogelec.fr\/wp-content\/uploads\/2025\/08\/KONE_Logo_Primary_RGB-6-1024x396.png 1024w, https:\/\/www.cogelec.fr\/wp-content\/uploads\/2025\/08\/KONE_Logo_Primary_RGB-6-768x297.png 768w, https:\/\/www.cogelec.fr\/wp-content\/uploads\/2025\/08\/KONE_Logo_Primary_RGB-6-1536x594.png 1536w, https:\/\/www.cogelec.fr\/wp-content\/uploads\/2025\/08\/KONE_Logo_Primary_RGB-6-2048x792.png 2048w\" sizes=\"(max-width: 2560px) 100vw, 2560px\" \/><\/figure>\n<\/div>\n\n\n<h2 class=\"wp-block-heading has-text-align-center is-style-title-sm\">KONE<\/h2>\n\n\n\n<p class=\"has-text-align-center\">By combining their intelligent technologies, <strong>INTRATONE <\/strong>and <strong><a href=\"https:\/\/www.kone.fr\/\" target=\"_blank\" rel=\"noreferrer noopener\">KONE<\/a><\/strong> offer new experiences combining comfort and safety for residents.<br\/><br\/><\/p>\n\n\n\n<div class=\"wp-block-buttons is-layout-flex wp-block-buttons-is-layout-flex\">\n<div class=\"wp-block-button\"><a class=\"wp-block-button__link wp-element-button\">Discover the solution<\/a><\/div>\n<\/div>\n<\/div>\n\n\n\n<div class=\"wp-block-column is-layout-flow wp-block-column-is-layout-flow\">\n<div style=\"height:19px\" aria-hidden=\"true\" class=\"wp-block-spacer\"><\/div>\n\n\n<div class=\"wp-block-image\">\n<figure class=\"aligncenter size-full is-resized\"><img decoding=\"async\" width=\"1347\" height=\"322\" src=\"https:\/\/www.cogelec.fr\/wp-content\/uploads\/2025\/08\/ARKEA_Care_QUADRI-2.png\" alt=\"\" class=\"wp-image-1196\" style=\"width:191px;height:auto\" srcset=\"https:\/\/www.cogelec.fr\/wp-content\/uploads\/2025\/08\/ARKEA_Care_QUADRI-2.png 1347w, https:\/\/www.cogelec.fr\/wp-content\/uploads\/2025\/08\/ARKEA_Care_QUADRI-2-300x72.png 300w, https:\/\/www.cogelec.fr\/wp-content\/uploads\/2025\/08\/ARKEA_Care_QUADRI-2-1024x245.png 1024w, https:\/\/www.cogelec.fr\/wp-content\/uploads\/2025\/08\/ARKEA_Care_QUADRI-2-768x184.png 768w\" sizes=\"(max-width: 1347px) 100vw, 1347px\" \/><\/figure>\n<\/div>\n\n\n<h2 class=\"wp-block-heading has-text-align-center is-style-title-sm\">ARKEA CARE  <\/h2>\n\n\n\n<p class=\"has-text-align-center\">Arkea Care and Cogelec combine their connected solutions<br\/>to promote ageing well. <br\/>Intratone intercoms are linked to Ark\u00e9a Care&#8217;s touchscreen control unit, providing residents with greater security and comfort<br\/>.<\/p>\n\n\n\n<div class=\"wp-block-buttons is-layout-flex wp-block-buttons-is-layout-flex\">\n<div class=\"wp-block-button\"><a class=\"wp-block-button__link wp-element-button\">Discover the solution<\/a><\/div>\n<\/div>\n<\/div>\n<\/div>\n\n\n\n<div class=\"wp-block-columns alignwide is-layout-flex wp-container-core-columns-is-layout-9d6595d7 wp-block-columns-is-layout-flex\">\n<div class=\"wp-block-column is-layout-flow wp-block-column-is-layout-flow\"><div class=\"wp-block-image\">\n<figure class=\"aligncenter size-full is-resized\"><img decoding=\"async\" width=\"1181\" height=\"591\" src=\"https:\/\/www.cogelec.fr\/wp-content\/uploads\/2025\/09\/LOGO-Vachette-AA_PMS032.jpg\" alt=\"\" class=\"wp-image-1216\" style=\"width:185px;height:auto\" srcset=\"https:\/\/www.cogelec.fr\/wp-content\/uploads\/2025\/09\/LOGO-Vachette-AA_PMS032.jpg 1181w, https:\/\/www.cogelec.fr\/wp-content\/uploads\/2025\/09\/LOGO-Vachette-AA_PMS032-300x150.jpg 300w, https:\/\/www.cogelec.fr\/wp-content\/uploads\/2025\/09\/LOGO-Vachette-AA_PMS032-1024x512.jpg 1024w, https:\/\/www.cogelec.fr\/wp-content\/uploads\/2025\/09\/LOGO-Vachette-AA_PMS032-768x384.jpg 768w\" sizes=\"(max-width: 1181px) 100vw, 1181px\" \/><\/figure>\n<\/div>\n\n\n<h2 class=\"wp-block-heading has-text-align-center is-style-title-sm\">VACHETTE<\/h2>\n\n\n\n<p class=\"has-text-align-center\">The <strong>Silver Alliance<\/strong> is a group of companies committed to ageing well, offering trusted solutions to enable people to live at home with peace of mind for as long as possible.<br\/><\/p>\n\n\n\n<div class=\"wp-block-buttons is-layout-flex wp-block-buttons-is-layout-flex\">\n<div class=\"wp-block-button\"><a class=\"wp-block-button__link wp-element-button\">Discover La Silver Alliance<\/a><\/div>\n<\/div>\n<\/div>\n\n\n\n<div class=\"wp-block-column is-layout-flow wp-block-column-is-layout-flow\"><div class=\"wp-block-image\">\n<figure class=\"aligncenter size-large is-resized\"><img decoding=\"async\" width=\"1024\" height=\"677\" src=\"https:\/\/www.cogelec.fr\/wp-content\/uploads\/2025\/09\/Amazon_Key_Stacked_Rgb_Dark_SquidInk_PrimeBlue-1024x677.png\" alt=\"\" class=\"wp-image-1244\" style=\"width:138px;height:auto\" srcset=\"https:\/\/www.cogelec.fr\/wp-content\/uploads\/2025\/09\/Amazon_Key_Stacked_Rgb_Dark_SquidInk_PrimeBlue-1024x677.png 1024w, https:\/\/www.cogelec.fr\/wp-content\/uploads\/2025\/09\/Amazon_Key_Stacked_Rgb_Dark_SquidInk_PrimeBlue-300x198.png 300w, https:\/\/www.cogelec.fr\/wp-content\/uploads\/2025\/09\/Amazon_Key_Stacked_Rgb_Dark_SquidInk_PrimeBlue-768x508.png 768w, https:\/\/www.cogelec.fr\/wp-content\/uploads\/2025\/09\/Amazon_Key_Stacked_Rgb_Dark_SquidInk_PrimeBlue-1536x1016.png 1536w, https:\/\/www.cogelec.fr\/wp-content\/uploads\/2025\/09\/Amazon_Key_Stacked_Rgb_Dark_SquidInk_PrimeBlue-2048x1354.png 2048w\" sizes=\"(max-width: 1024px) 100vw, 1024px\" \/><\/figure>\n<\/div>\n\n\n<h2 class=\"wp-block-heading has-text-align-center is-style-title-sm\">AMAZON KEY<\/h2>\n\n\n\n<p class=\"has-text-align-center\">COGELEC, via its INTRATONE brand, has entered into a strategic collaboration with Amazon Key to revolutionize delivery security in multi-family housing.<br\/><\/p>\n\n\n\n<div class=\"wp-block-buttons is-layout-flex wp-block-buttons-is-layout-flex\">\n<div class=\"wp-block-button\"><a class=\"wp-block-button__link wp-element-button\">Discover the service  <\/a><\/div>\n<\/div>\n<\/div>\n\n\n\n<div class=\"wp-block-column is-layout-flow wp-block-column-is-layout-flow\"><div class=\"wp-block-image\">\n<figure class=\"aligncenter size-full is-resized\"><img decoding=\"async\" width=\"768\" height=\"254\" src=\"https:\/\/www.cogelec.fr\/wp-content\/uploads\/2025\/09\/point-fort-fichet-768x254-1.png\" alt=\"\" class=\"wp-image-1246\" style=\"width:278px;height:auto\" srcset=\"https:\/\/www.cogelec.fr\/wp-content\/uploads\/2025\/09\/point-fort-fichet-768x254-1.png 768w, https:\/\/www.cogelec.fr\/wp-content\/uploads\/2025\/09\/point-fort-fichet-768x254-1-300x99.png 300w\" sizes=\"(max-width: 768px) 100vw, 768px\" \/><\/figure>\n<\/div>\n\n\n<h2 class=\"wp-block-heading has-text-align-center is-style-title-sm\">POINT FORT FICHET NETWORK<\/h2>\n\n\n\n<p class=\"has-text-align-center\">Through its Kibolt brand, Cogelec is working with Point Fort Fichet, France&#8217;s leading locksmith network, to market the Kibolt Home connected multipoint lock.<br\/><\/p>\n\n\n\n<div class=\"wp-block-buttons is-layout-flex wp-block-buttons-is-layout-flex\">\n<div class=\"wp-block-button\"><a class=\"wp-block-button__link wp-element-button\">Discover the press release  <\/a><\/div>\n<\/div>\n<\/div>\n<\/div>\n<\/div><\/div>\n<\/div><\/div>\n<\/div><\/div>\n\n<p><\/p>\n","protected":false},"excerpt":{"rendered":"<p>Our committed partnerships The COGELEC Group&#8217;s partnerships are more than just commercial collaborations. They are long-term commitments, driven by shared values and a shared desire to promote our brands and our products throughout France and abroad. SILVER ALLIANCE The Silver Alliance is a group of companies committed to ageing well, offering trusted solutions to enable [&hellip;]<\/p>\n","protected":false},"author":2,"featured_media":0,"parent":0,"menu_order":24,"comment_status":"closed","ping_status":"closed","template":"","meta":{"inline_featured_image":false,"footnotes":""},"class_list":["post-1305","page","type-page","status-publish","hentry"],"yoast_head":"<!-- This site is optimized with the Yoast SEO plugin v26.9 - https:\/\/yoast.com\/product\/yoast-seo-wordpress\/ -->\n<title>Our partnerships - Cogelec<\/title>\n<meta name=\"robots\" content=\"index, follow, max-snippet:-1, max-image-preview:large, max-video-preview:-1\" \/>\n<link rel=\"canonical\" href=\"https:\/\/www.cogelec.fr\/en\/our-partnerships\/\" \/>\n<meta property=\"og:locale\" content=\"en_US\" \/>\n<meta property=\"og:type\" content=\"article\" \/>\n<meta property=\"og:title\" content=\"Our partnerships - Cogelec\" \/>\n<meta property=\"og:description\" content=\"Our committed partnerships The COGELEC Group&#8217;s partnerships are more than just commercial collaborations. They are long-term commitments, driven by shared values and a shared desire to promote our brands and our products throughout France and abroad. SILVER ALLIANCE The Silver Alliance is a group of companies committed to ageing well, offering trusted solutions to enable [&hellip;]\" \/>\n<meta property=\"og:url\" content=\"https:\/\/www.cogelec.fr\/en\/our-partnerships\/\" \/>\n<meta property=\"og:site_name\" content=\"Cogelec\" \/>\n<meta property=\"article:modified_time\" content=\"2026-02-03T14:56:43+00:00\" \/>\n<meta property=\"og:image\" content=\"https:\/\/www.cogelec.fr\/wp-content\/uploads\/2025\/08\/Logo-Membre-de-SA.png\" \/>\n<meta name=\"twitter:card\" content=\"summary_large_image\" \/>\n<meta name=\"twitter:label1\" content=\"Est. reading time\" \/>\n\t<meta name=\"twitter:data1\" content=\"1 minute\" \/>\n<script type=\"application\/ld+json\" class=\"yoast-schema-graph\">{\"@context\":\"https:\/\/schema.org\",\"@graph\":[{\"@type\":\"WebPage\",\"@id\":\"https:\/\/www.cogelec.fr\/en\/our-partnerships\/\",\"url\":\"https:\/\/www.cogelec.fr\/en\/our-partnerships\/\",\"name\":\"Our partnerships - Cogelec\",\"isPartOf\":{\"@id\":\"https:\/\/www.cogelec.fr\/#website\"},\"primaryImageOfPage\":{\"@id\":\"https:\/\/www.cogelec.fr\/en\/our-partnerships\/#primaryimage\"},\"image\":{\"@id\":\"https:\/\/www.cogelec.fr\/en\/our-partnerships\/#primaryimage\"},\"thumbnailUrl\":\"https:\/\/www.cogelec.fr\/wp-content\/uploads\/2025\/08\/Logo-Membre-de-SA.png\",\"datePublished\":\"2025-09-02T10:22:36+00:00\",\"dateModified\":\"2026-02-03T14:56:43+00:00\",\"breadcrumb\":{\"@id\":\"https:\/\/www.cogelec.fr\/en\/our-partnerships\/#breadcrumb\"},\"inLanguage\":\"en-US\",\"potentialAction\":[{\"@type\":\"ReadAction\",\"target\":[\"https:\/\/www.cogelec.fr\/en\/our-partnerships\/\"]}]},{\"@type\":\"ImageObject\",\"inLanguage\":\"en-US\",\"@id\":\"https:\/\/www.cogelec.fr\/en\/our-partnerships\/#primaryimage\",\"url\":\"https:\/\/www.cogelec.fr\/wp-content\/uploads\/2025\/08\/Logo-Membre-de-SA.png\",\"contentUrl\":\"https:\/\/www.cogelec.fr\/wp-content\/uploads\/2025\/08\/Logo-Membre-de-SA.png\"},{\"@type\":\"BreadcrumbList\",\"@id\":\"https:\/\/www.cogelec.fr\/en\/our-partnerships\/#breadcrumb\",\"itemListElement\":[{\"@type\":\"ListItem\",\"position\":1,\"name\":\"Home\",\"item\":\"https:\/\/www.cogelec.fr\/en\/\"},{\"@type\":\"ListItem\",\"position\":2,\"name\":\"Our partnerships\"}]},{\"@type\":\"WebSite\",\"@id\":\"https:\/\/www.cogelec.fr\/#website\",\"url\":\"https:\/\/www.cogelec.fr\/\",\"name\":\"Cogelec\",\"description\":\"Interphones t\u00e9l\u00e9phoniques et contr\u00f4le d&#039;acc\u00e8s Vigik\u00ae\",\"publisher\":{\"@id\":\"https:\/\/www.cogelec.fr\/#organization\"},\"potentialAction\":[{\"@type\":\"SearchAction\",\"target\":{\"@type\":\"EntryPoint\",\"urlTemplate\":\"https:\/\/www.cogelec.fr\/?s={search_term_string}\"},\"query-input\":{\"@type\":\"PropertyValueSpecification\",\"valueRequired\":true,\"valueName\":\"search_term_string\"}}],\"inLanguage\":\"en-US\"},{\"@type\":\"Organization\",\"@id\":\"https:\/\/www.cogelec.fr\/#organization\",\"name\":\"Cogelec\",\"url\":\"https:\/\/www.cogelec.fr\/\",\"logo\":{\"@type\":\"ImageObject\",\"inLanguage\":\"en-US\",\"@id\":\"https:\/\/www.cogelec.fr\/#\/schema\/logo\/image\/\",\"url\":\"https:\/\/www.cogelec.fr\/wp-content\/uploads\/2025\/07\/logo-cogelec-black.svg\",\"contentUrl\":\"https:\/\/www.cogelec.fr\/wp-content\/uploads\/2025\/07\/logo-cogelec-black.svg\",\"caption\":\"Cogelec\"},\"image\":{\"@id\":\"https:\/\/www.cogelec.fr\/#\/schema\/logo\/image\/\"}}]}<\/script>\n<!-- \/ Yoast SEO plugin. -->","yoast_head_json":{"title":"Our partnerships - Cogelec","robots":{"index":"index","follow":"follow","max-snippet":"max-snippet:-1","max-image-preview":"max-image-preview:large","max-video-preview":"max-video-preview:-1"},"canonical":"https:\/\/www.cogelec.fr\/en\/our-partnerships\/","og_locale":"en_US","og_type":"article","og_title":"Our partnerships - Cogelec","og_description":"Our committed partnerships The COGELEC Group&#8217;s partnerships are more than just commercial collaborations. They are long-term commitments, driven by shared values and a shared desire to promote our brands and our products throughout France and abroad. SILVER ALLIANCE The Silver Alliance is a group of companies committed to ageing well, offering trusted solutions to enable [&hellip;]","og_url":"https:\/\/www.cogelec.fr\/en\/our-partnerships\/","og_site_name":"Cogelec","article_modified_time":"2026-02-03T14:56:43+00:00","og_image":[{"url":"https:\/\/www.cogelec.fr\/wp-content\/uploads\/2025\/08\/Logo-Membre-de-SA.png","type":"","width":"","height":""}],"twitter_card":"summary_large_image","twitter_misc":{"Est. reading time":"1 minute"},"schema":{"@context":"https:\/\/schema.org","@graph":[{"@type":"WebPage","@id":"https:\/\/www.cogelec.fr\/en\/our-partnerships\/","url":"https:\/\/www.cogelec.fr\/en\/our-partnerships\/","name":"Our partnerships - Cogelec","isPartOf":{"@id":"https:\/\/www.cogelec.fr\/#website"},"primaryImageOfPage":{"@id":"https:\/\/www.cogelec.fr\/en\/our-partnerships\/#primaryimage"},"image":{"@id":"https:\/\/www.cogelec.fr\/en\/our-partnerships\/#primaryimage"},"thumbnailUrl":"https:\/\/www.cogelec.fr\/wp-content\/uploads\/2025\/08\/Logo-Membre-de-SA.png","datePublished":"2025-09-02T10:22:36+00:00","dateModified":"2026-02-03T14:56:43+00:00","breadcrumb":{"@id":"https:\/\/www.cogelec.fr\/en\/our-partnerships\/#breadcrumb"},"inLanguage":"en-US","potentialAction":[{"@type":"ReadAction","target":["https:\/\/www.cogelec.fr\/en\/our-partnerships\/"]}]},{"@type":"ImageObject","inLanguage":"en-US","@id":"https:\/\/www.cogelec.fr\/en\/our-partnerships\/#primaryimage","url":"https:\/\/www.cogelec.fr\/wp-content\/uploads\/2025\/08\/Logo-Membre-de-SA.png","contentUrl":"https:\/\/www.cogelec.fr\/wp-content\/uploads\/2025\/08\/Logo-Membre-de-SA.png"},{"@type":"BreadcrumbList","@id":"https:\/\/www.cogelec.fr\/en\/our-partnerships\/#breadcrumb","itemListElement":[{"@type":"ListItem","position":1,"name":"Home","item":"https:\/\/www.cogelec.fr\/en\/"},{"@type":"ListItem","position":2,"name":"Our partnerships"}]},{"@type":"WebSite","@id":"https:\/\/www.cogelec.fr\/#website","url":"https:\/\/www.cogelec.fr\/","name":"Cogelec","description":"Interphones t\u00e9l\u00e9phoniques et contr\u00f4le d&#039;acc\u00e8s Vigik\u00ae","publisher":{"@id":"https:\/\/www.cogelec.fr\/#organization"},"potentialAction":[{"@type":"SearchAction","target":{"@type":"EntryPoint","urlTemplate":"https:\/\/www.cogelec.fr\/?s={search_term_string}"},"query-input":{"@type":"PropertyValueSpecification","valueRequired":true,"valueName":"search_term_string"}}],"inLanguage":"en-US"},{"@type":"Organization","@id":"https:\/\/www.cogelec.fr\/#organization","name":"Cogelec","url":"https:\/\/www.cogelec.fr\/","logo":{"@type":"ImageObject","inLanguage":"en-US","@id":"https:\/\/www.cogelec.fr\/#\/schema\/logo\/image\/","url":"https:\/\/www.cogelec.fr\/wp-content\/uploads\/2025\/07\/logo-cogelec-black.svg","contentUrl":"https:\/\/www.cogelec.fr\/wp-content\/uploads\/2025\/07\/logo-cogelec-black.svg","caption":"Cogelec"},"image":{"@id":"https:\/\/www.cogelec.fr\/#\/schema\/logo\/image\/"}}]}},"_links":{"self":[{"href":"https:\/\/www.cogelec.fr\/en\/wp-json\/wp\/v2\/pages\/1305","targetHints":{"allow":["GET"]}}],"collection":[{"href":"https:\/\/www.cogelec.fr\/en\/wp-json\/wp\/v2\/pages"}],"about":[{"href":"https:\/\/www.cogelec.fr\/en\/wp-json\/wp\/v2\/types\/page"}],"author":[{"embeddable":true,"href":"https:\/\/www.cogelec.fr\/en\/wp-json\/wp\/v2\/users\/2"}],"replies":[{"embeddable":true,"href":"https:\/\/www.cogelec.fr\/en\/wp-json\/wp\/v2\/comments?post=1305"}],"version-history":[{"count":3,"href":"https:\/\/www.cogelec.fr\/en\/wp-json\/wp\/v2\/pages\/1305\/revisions"}],"predecessor-version":[{"id":1561,"href":"https:\/\/www.cogelec.fr\/en\/wp-json\/wp\/v2\/pages\/1305\/revisions\/1561"}],"wp:attachment":[{"href":"https:\/\/www.cogelec.fr\/en\/wp-json\/wp\/v2\/media?parent=1305"}],"curies":[{"name":"wp","href":"https:\/\/api.w.org\/{rel}","templated":true}]}}