{"id":1331,"date":"2025-07-09T09:05:14","date_gmt":"2025-07-09T07:05:14","guid":{"rendered":"https:\/\/www.cogelec.fr\/terms-of-use\/"},"modified":"2026-02-04T09:26:02","modified_gmt":"2026-02-04T08:26:02","slug":"terms-of-use","status":"publish","type":"page","link":"https:\/\/www.cogelec.fr\/en\/terms-of-use\/","title":{"rendered":"Terms of use"},"content":{"rendered":"\n<h3 class=\"wp-block-heading\">Use of information on <strong>www.cogelec.fr<\/strong><\/h3>\n\n<p>Cogelec S.A. offers information and products on this website which are subject to the following terms and conditions. Please read the following terms and conditions regarding this site and its use. By accessing and using this site, you signify your agreement to these terms and conditions and agree to be bound by them.  <\/p>\n\n<p>Cogelec S.A. reserves the right to modify these terms and conditions, as well as the products and services mentioned on this site, at any time, at its sole discretion and without prior notice. The information and data contained in this site are also subject to change without notice. <\/p>\n\n<p>The information and data contained in this site are of a general nature and have no contractual value.<\/p>\n\n<p>Cogelec S.A. reserves the right to pursue all legal remedies available to it in the event of any breach of these conditions. All rights not expressly granted herein are reserved. <\/p>\n\n<h3 class=\"wp-block-heading\"><strong>Copyright<\/strong><\/h3>\n\n<p>The information provided on this website is protected by copyright. Unless specifically authorized, no part of this website may be distributed or reproduced by any means or in any form without the express prior written permission of Cogelec SAS. <\/p>\n\n<p>Design: <strong>Cogelec S.A.<\/strong><br\/>Copyright: Copyright \u00a9 Intratone.<br\/>All rights reserved. Reproduction prohibited. <\/p>\n\n<h3 class=\"wp-block-heading\"><strong>Information technology and civil liberties<\/strong><\/h3>\n\n<p>You are hereby informed that the information you provide, in particular via the forms on this site, is used to respond to your requests and is intended solely for Cogelec S.A., as data controller, for administrative and commercial management purposes.<br\/>In accordance with French law no. 78-17 of January 6, 1978 on data processing, data files and individual liberties, you have the right to access, rectify, modify and delete any data concerning you.<br\/>You may exercise your rights of access, rectification, modification and deletion by contacting us by post at the following address: Cogelec S.A., ZI de Maunit, 370 rue de Maunit, 85290 MORTAGNE SUR SEVRE.<\/p>\n\n<h3 class=\"wp-block-heading\"><strong>Hosting<\/strong><\/h3>\n\n<p>This site is hosted by OVH<\/p>\n\n<p>SAS with capital of \u20ac10,000,000<br\/>RCS Roubaix &#8211; Tourcoing 424 761 419 00045<br\/>Code APE 6202A<br\/>N\u00b0 TVA : FR 22 424 761 419<br\/>Head office : 2 rue Kellermann &#8211; 59100 Roubaix &#8211; France.<\/p>\n\n<h3 class=\"wp-block-heading\"><strong>Design<\/strong><\/h3>\n\n<p>This site was designed by A3 WEB &#8211; <a href=\"https:\/\/www.a3web.fr\/\">Conception de sites web<\/a><br\/>Rue de Belgique,<br\/>49280 La S\u00e9guini\u00e8re<br\/>Tel. + 33 (0)2 52 45 00 10<br\/>Fax. +33 (0)2 52 45 00 11<br\/>RCS Angers 790 244 438  <\/p>\n\n<h3 class=\"wp-block-heading\"><strong>Intellectual property and copyright<\/strong><\/h3>\n\n<p>Cogelec S.A. informs users of this site that most of the information and data contained therein are protected by legal provisions relating to intellectual property rights. In this respect, Cogelec S.A. informs users in particular that the Intratone brand and all the trademarks mentioned on this site are registered trademarks, and that the photographs appearing on this site are protected by copyright.<br\/>The information and data thus protected appearing on this site are the property of Cogelec S.A. or of third parties having authorized Cogelec S.A. to use them. Any representation, reproduction, use, adaptation or modification in whole or in part, as well as any use, even partial, of this information and data is prohibited without the express prior authorization of Cogelec S.A.. Failure to comply with this prohibition may render the user of this site civilly and criminally liable, in particular under the provisions of article L335-2 of the French Intellectual Property Code concerning counterfeiting, punishable by three years&#8217; imprisonment and a fine of 300,000 euros.   <\/p>\n\n<h3 class=\"wp-block-heading\"><strong>Publisher information<\/strong><\/h3>\n\n<p><strong>Cogelec S.A.<\/strong><br\/>ZI de Maunit, 370 rue de Maunit &#8211; 85290 MORTAGNE SUR SEVRE<br\/>S.A. au capital de 4 004 121,60 EUROS <br\/>RCS La Roche-sur-Yon B 433 034 782<br\/>Num\u00e9ro d&#8217;identification intra-communautaire : FR42 433 034 782<br\/>T\u00e9l\u00e9phone : 02 51 65 05 79<br\/>E-mail : <a href=\"mailto:info@cogelec.fr\" target=\"_blank\" rel=\"noreferrer noopener\">info@cogelec.fr<\/a><\/p>\n\n<p><strong>Publication Director:<\/strong><br\/>Roger LECLERC, Chairman and Chief Executive Officer<br\/><br\/><strong>Editorial Manager:<\/strong><br\/>C\u00e9dric MAZET, Communications Manager<\/p>\n\n<h3 class=\"wp-block-heading\"><strong>Applicable law<\/strong><\/h3>\n\n<p>The www.cogelec.fr website and these terms and conditions are governed by French law.<\/p>\n\n<h3 class=\"wp-block-heading\"><strong>Limits of liability<\/strong><\/h3>\n\n<p>You use the www.intratone.fr website at your own risk. Cogelec SAS may not be held liable for any direct or indirect damage, such as material loss, loss of data or programs, or financial loss resulting from access to or use of this site by the user or of sites linked to it. <\/p>\n\n<p>While Cogelec S.A. endeavors to provide accurate information on this website, some information may contain technical inaccuracies or typographical errors. The content of documents published on this website is believed to be current and accurate at the time of publication. Cogelec assumes no responsibility for the accuracy of the information. Cogelec S.A. reserves the right to modify the services or products mentioned at any time without notice. For more up-to-date and complete documentation, please contact Cogelec S.A. directly. Non-Cogelec products or services are mentioned here for information purposes only; this does not constitute an endorsement or recommendation.     <\/p>\n\n<p>All information, software, products and services are provided &#8220;as is&#8221; on this website, without warranty of any kind, either express or implied, statutory or otherwise. Cogelec S.A. disclaims all warranties, express or implied, including, without limitation, those of merchantability and fitness for a particular purpose, and non-infringement or arising from a course of dealing, usage or trade practice. <\/p>\n\n<p>Some jurisdictions do not allow the exclusion of implied warranties, so the above exclusion may not apply to you.<\/p>\n\n<h3 class=\"wp-block-heading\"><strong>Software use<\/strong><\/h3>\n\n<p>The software and associated documentation that can be downloaded from this site are copyrighted works of Cogelec SAS. Use of the software is governed by the terms of the end-user license agreement associated with the software. If a download is not accompanied by a license agreement, it is governed by the terms of the license agreement for the original product updated by this download. You may not use, download or install any software unless you agree to the terms of such end-user license agreement.   <\/p>\n\n<h3 class=\"wp-block-heading\"><strong>Links to third-party sites<\/strong><\/h3>\n\n<p>Cogelec S.A. shall not be held liable for any hypertext links within this site to other sites or, more generally, to any resources available on the Internet.<\/p>\n\n<p>This website may contain links to useful or informative third-party websites. Cogelec S.A. does not endorse or make any representations about third-party websites. Nor does the inclusion of links imply any such endorsement. If you click on these links, you will leave this website. Cogelec S.A. is not responsible for webcasts or other forms of transmission received from third-party sites. Cogelec S.A. does not control these third-party sites and is not responsible for their content, any links they may provide, any changes or updates to such sites, or their privacy practices, which may differ from those of Cogelec S.A.. Any personal information you may provide on these third-party websites is not covered by Cogelec S.A.&#8217;s privacy policy. Cogelec S.A. encourages you to consult the privacy policy of any company before submitting personal information.       <\/p>\n\n<h3 class=\"wp-block-heading\"><strong>Links to www.cogelec.fr<\/strong><\/h3>\n\n<p>Links to other sites are provided for information purposes only and Cogelec S.A. shall not be responsible or liable for access to or the content of sites linked to or from this website.  <\/p>\n\n<p>Links are granted in preference to websites whose content is similar to that of Cogelec S.A., and Cogelec S.A. reserves the right to decline a new link request without prior notice. The creation of a hypertext link to the www.cogelec.fr site is subject to the express prior authorization of France T\u00e9l\u00e9com. <\/p>\n\n<div style=\"height:100px\" aria-hidden=\"true\" class=\"wp-block-spacer\"><\/div>\n","protected":false},"excerpt":{"rendered":"<p>Use of information on www.cogelec.fr Cogelec S.A. offers information and products on this website which are subject to the following terms and conditions. Please read the following terms and conditions regarding this site and its use. By accessing and using this site, you signify your agreement to these terms and conditions and agree to be [&hellip;]<\/p>\n","protected":false},"author":1,"featured_media":0,"parent":0,"menu_order":56,"comment_status":"closed","ping_status":"closed","template":"","meta":{"inline_featured_image":false,"footnotes":""},"class_list":["post-1331","page","type-page","status-publish","hentry"],"yoast_head":"<!-- This site is optimized with the Yoast SEO plugin v26.9 - https:\/\/yoast.com\/product\/yoast-seo-wordpress\/ -->\n<title>Terms of use - Cogelec<\/title>\n<meta name=\"robots\" content=\"index, follow, max-snippet:-1, max-image-preview:large, max-video-preview:-1\" \/>\n<link rel=\"canonical\" href=\"https:\/\/www.cogelec.fr\/en\/terms-of-use\/\" \/>\n<meta property=\"og:locale\" content=\"en_US\" \/>\n<meta property=\"og:type\" content=\"article\" \/>\n<meta property=\"og:title\" content=\"Terms of use - Cogelec\" \/>\n<meta property=\"og:description\" content=\"Use of information on www.cogelec.fr Cogelec S.A. offers information and products on this website which are subject to the following terms and conditions. Please read the following terms and conditions regarding this site and its use. By accessing and using this site, you signify your agreement to these terms and conditions and agree to be [&hellip;]\" \/>\n<meta property=\"og:url\" content=\"https:\/\/www.cogelec.fr\/en\/terms-of-use\/\" \/>\n<meta property=\"og:site_name\" content=\"Cogelec\" \/>\n<meta property=\"article:modified_time\" content=\"2026-02-04T08:26:02+00:00\" \/>\n<meta name=\"twitter:card\" content=\"summary_large_image\" \/>\n<meta name=\"twitter:label1\" content=\"Est. reading time\" \/>\n\t<meta name=\"twitter:data1\" content=\"6 minutes\" \/>\n<script type=\"application\/ld+json\" class=\"yoast-schema-graph\">{\"@context\":\"https:\/\/schema.org\",\"@graph\":[{\"@type\":\"WebPage\",\"@id\":\"https:\/\/www.cogelec.fr\/en\/terms-of-use\/\",\"url\":\"https:\/\/www.cogelec.fr\/en\/terms-of-use\/\",\"name\":\"Terms of use - Cogelec\",\"isPartOf\":{\"@id\":\"https:\/\/www.cogelec.fr\/#website\"},\"datePublished\":\"2025-07-09T07:05:14+00:00\",\"dateModified\":\"2026-02-04T08:26:02+00:00\",\"breadcrumb\":{\"@id\":\"https:\/\/www.cogelec.fr\/en\/terms-of-use\/#breadcrumb\"},\"inLanguage\":\"en-US\",\"potentialAction\":[{\"@type\":\"ReadAction\",\"target\":[\"https:\/\/www.cogelec.fr\/en\/terms-of-use\/\"]}]},{\"@type\":\"BreadcrumbList\",\"@id\":\"https:\/\/www.cogelec.fr\/en\/terms-of-use\/#breadcrumb\",\"itemListElement\":[{\"@type\":\"ListItem\",\"position\":1,\"name\":\"Home\",\"item\":\"https:\/\/www.cogelec.fr\/en\/\"},{\"@type\":\"ListItem\",\"position\":2,\"name\":\"Terms of use\"}]},{\"@type\":\"WebSite\",\"@id\":\"https:\/\/www.cogelec.fr\/#website\",\"url\":\"https:\/\/www.cogelec.fr\/\",\"name\":\"Cogelec\",\"description\":\"Interphones t\u00e9l\u00e9phoniques et contr\u00f4le d&#039;acc\u00e8s Vigik\u00ae\",\"publisher\":{\"@id\":\"https:\/\/www.cogelec.fr\/#organization\"},\"potentialAction\":[{\"@type\":\"SearchAction\",\"target\":{\"@type\":\"EntryPoint\",\"urlTemplate\":\"https:\/\/www.cogelec.fr\/?s={search_term_string}\"},\"query-input\":{\"@type\":\"PropertyValueSpecification\",\"valueRequired\":true,\"valueName\":\"search_term_string\"}}],\"inLanguage\":\"en-US\"},{\"@type\":\"Organization\",\"@id\":\"https:\/\/www.cogelec.fr\/#organization\",\"name\":\"Cogelec\",\"url\":\"https:\/\/www.cogelec.fr\/\",\"logo\":{\"@type\":\"ImageObject\",\"inLanguage\":\"en-US\",\"@id\":\"https:\/\/www.cogelec.fr\/#\/schema\/logo\/image\/\",\"url\":\"https:\/\/www.cogelec.fr\/wp-content\/uploads\/2025\/07\/logo-cogelec-black.svg\",\"contentUrl\":\"https:\/\/www.cogelec.fr\/wp-content\/uploads\/2025\/07\/logo-cogelec-black.svg\",\"caption\":\"Cogelec\"},\"image\":{\"@id\":\"https:\/\/www.cogelec.fr\/#\/schema\/logo\/image\/\"}}]}<\/script>\n<!-- \/ Yoast SEO plugin. -->","yoast_head_json":{"title":"Terms of use - Cogelec","robots":{"index":"index","follow":"follow","max-snippet":"max-snippet:-1","max-image-preview":"max-image-preview:large","max-video-preview":"max-video-preview:-1"},"canonical":"https:\/\/www.cogelec.fr\/en\/terms-of-use\/","og_locale":"en_US","og_type":"article","og_title":"Terms of use - Cogelec","og_description":"Use of information on www.cogelec.fr Cogelec S.A. offers information and products on this website which are subject to the following terms and conditions. Please read the following terms and conditions regarding this site and its use. By accessing and using this site, you signify your agreement to these terms and conditions and agree to be [&hellip;]","og_url":"https:\/\/www.cogelec.fr\/en\/terms-of-use\/","og_site_name":"Cogelec","article_modified_time":"2026-02-04T08:26:02+00:00","twitter_card":"summary_large_image","twitter_misc":{"Est. reading time":"6 minutes"},"schema":{"@context":"https:\/\/schema.org","@graph":[{"@type":"WebPage","@id":"https:\/\/www.cogelec.fr\/en\/terms-of-use\/","url":"https:\/\/www.cogelec.fr\/en\/terms-of-use\/","name":"Terms of use - Cogelec","isPartOf":{"@id":"https:\/\/www.cogelec.fr\/#website"},"datePublished":"2025-07-09T07:05:14+00:00","dateModified":"2026-02-04T08:26:02+00:00","breadcrumb":{"@id":"https:\/\/www.cogelec.fr\/en\/terms-of-use\/#breadcrumb"},"inLanguage":"en-US","potentialAction":[{"@type":"ReadAction","target":["https:\/\/www.cogelec.fr\/en\/terms-of-use\/"]}]},{"@type":"BreadcrumbList","@id":"https:\/\/www.cogelec.fr\/en\/terms-of-use\/#breadcrumb","itemListElement":[{"@type":"ListItem","position":1,"name":"Home","item":"https:\/\/www.cogelec.fr\/en\/"},{"@type":"ListItem","position":2,"name":"Terms of use"}]},{"@type":"WebSite","@id":"https:\/\/www.cogelec.fr\/#website","url":"https:\/\/www.cogelec.fr\/","name":"Cogelec","description":"Interphones t\u00e9l\u00e9phoniques et contr\u00f4le d&#039;acc\u00e8s Vigik\u00ae","publisher":{"@id":"https:\/\/www.cogelec.fr\/#organization"},"potentialAction":[{"@type":"SearchAction","target":{"@type":"EntryPoint","urlTemplate":"https:\/\/www.cogelec.fr\/?s={search_term_string}"},"query-input":{"@type":"PropertyValueSpecification","valueRequired":true,"valueName":"search_term_string"}}],"inLanguage":"en-US"},{"@type":"Organization","@id":"https:\/\/www.cogelec.fr\/#organization","name":"Cogelec","url":"https:\/\/www.cogelec.fr\/","logo":{"@type":"ImageObject","inLanguage":"en-US","@id":"https:\/\/www.cogelec.fr\/#\/schema\/logo\/image\/","url":"https:\/\/www.cogelec.fr\/wp-content\/uploads\/2025\/07\/logo-cogelec-black.svg","contentUrl":"https:\/\/www.cogelec.fr\/wp-content\/uploads\/2025\/07\/logo-cogelec-black.svg","caption":"Cogelec"},"image":{"@id":"https:\/\/www.cogelec.fr\/#\/schema\/logo\/image\/"}}]}},"_links":{"self":[{"href":"https:\/\/www.cogelec.fr\/en\/wp-json\/wp\/v2\/pages\/1331","targetHints":{"allow":["GET"]}}],"collection":[{"href":"https:\/\/www.cogelec.fr\/en\/wp-json\/wp\/v2\/pages"}],"about":[{"href":"https:\/\/www.cogelec.fr\/en\/wp-json\/wp\/v2\/types\/page"}],"author":[{"embeddable":true,"href":"https:\/\/www.cogelec.fr\/en\/wp-json\/wp\/v2\/users\/1"}],"replies":[{"embeddable":true,"href":"https:\/\/www.cogelec.fr\/en\/wp-json\/wp\/v2\/comments?post=1331"}],"version-history":[{"count":3,"href":"https:\/\/www.cogelec.fr\/en\/wp-json\/wp\/v2\/pages\/1331\/revisions"}],"predecessor-version":[{"id":1575,"href":"https:\/\/www.cogelec.fr\/en\/wp-json\/wp\/v2\/pages\/1331\/revisions\/1575"}],"wp:attachment":[{"href":"https:\/\/www.cogelec.fr\/en\/wp-json\/wp\/v2\/media?parent=1331"}],"curies":[{"name":"wp","href":"https:\/\/api.w.org\/{rel}","templated":true}]}}