{"id":1334,"date":"2025-07-07T16:30:52","date_gmt":"2025-07-07T14:30:52","guid":{"rendered":"https:\/\/www.cogelec.fr\/news\/"},"modified":"2026-01-14T14:23:22","modified_gmt":"2026-01-14T13:23:22","slug":"news","status":"publish","type":"page","link":"https:\/\/www.cogelec.fr\/en\/news\/","title":{"rendered":"News"},"content":{"rendered":"\n<div class=\"wp-block-group alignwide\"><div class=\"wp-block-group__inner-container is-layout-constrained wp-block-group-is-layout-constrained\">\n<h1 class=\"wp-block-heading alignwide\">NEWS &amp; EVENTS<\/h1>\n\n\n\n<div class=\"wp-block-query alignwide is-layout-flow wp-block-query-is-layout-flow\"><ul class=\"wp-block-post-template is-layout-flow wp-block-post-template-is-layout-flow\"><li class=\"wp-block-post post-1681 post type-post status-publish format-standard has-post-thumbnail hentry category-headlines\">\n<figure class=\"wp-block-post-featured-image\"><a href=\"https:\/\/www.cogelec.fr\/en\/kibolt-event-2\/\" target=\"_self\"  ><img decoding=\"async\" width=\"590\" height=\"250\" src=\"https:\/\/www.cogelec.fr\/wp-content\/uploads\/2026\/03\/BANNIERE.jpg\" class=\"attachment-post-thumbnail size-post-thumbnail wp-post-image\" alt=\"KIBOLT EVENT\" style=\"object-fit:cover;\" srcset=\"https:\/\/www.cogelec.fr\/wp-content\/uploads\/2026\/03\/BANNIERE.jpg 590w, https:\/\/www.cogelec.fr\/wp-content\/uploads\/2026\/03\/BANNIERE-300x127.jpg 300w\" sizes=\"(max-width: 590px) 100vw, 590px\" \/><\/a><\/figure>\n\n\n<div class=\"wp-block-group\"><div class=\"wp-block-group__inner-container is-layout-constrained wp-block-group-is-layout-constrained\"><h2 class=\"wp-block-post-title\"><a href=\"https:\/\/www.cogelec.fr\/en\/kibolt-event-2\/\" target=\"_self\" >KIBOLT EVENT<\/a><\/h2>\n\n<div class=\"wp-block-post-excerpt\"><p class=\"wp-block-post-excerpt__excerpt\">THE KIBOLT BRAND AT SILVERECO Meet our sales team at SILVER ECO, Le Festival du Bien-Viillir et de la Silver&hellip;<\/p><p class=\"wp-block-post-excerpt__more-text\"><a class=\"wp-block-post-excerpt__more-link\" href=\"https:\/\/www.cogelec.fr\/en\/kibolt-event-2\/\">Read more<\/a><\/p><\/div><\/div><\/div>\n\n<\/li><li class=\"wp-block-post post-1627 post type-post status-publish format-standard has-post-thumbnail hentry category-headlines\">\n<figure class=\"wp-block-post-featured-image\"><a href=\"https:\/\/www.cogelec.fr\/en\/event-salon-de-la-copro-2\/\" target=\"_self\"  ><img decoding=\"async\" width=\"800\" height=\"450\" src=\"https:\/\/www.cogelec.fr\/wp-content\/uploads\/2026\/02\/32ac43db-957e-4b20-8810-714da7090753.jpg\" class=\"attachment-post-thumbnail size-post-thumbnail wp-post-image\" alt=\"EVENT SALON DE LA COPRO\" style=\"object-fit:cover;\" srcset=\"https:\/\/www.cogelec.fr\/wp-content\/uploads\/2026\/02\/32ac43db-957e-4b20-8810-714da7090753.jpg 800w, https:\/\/www.cogelec.fr\/wp-content\/uploads\/2026\/02\/32ac43db-957e-4b20-8810-714da7090753-300x169.jpg 300w, https:\/\/www.cogelec.fr\/wp-content\/uploads\/2026\/02\/32ac43db-957e-4b20-8810-714da7090753-768x432.jpg 768w\" sizes=\"(max-width: 800px) 100vw, 800px\" \/><\/a><\/figure>\n\n\n<div class=\"wp-block-group\"><div class=\"wp-block-group__inner-container is-layout-constrained wp-block-group-is-layout-constrained\"><h2 class=\"wp-block-post-title\"><a href=\"https:\/\/www.cogelec.fr\/en\/event-salon-de-la-copro-2\/\" target=\"_self\" >EVENT SALON DE LA COPRO<\/a><\/h2>\n\n<div class=\"wp-block-post-excerpt\"><p class=\"wp-block-post-excerpt__excerpt\">THE INTRATONE &amp; KIBOLT BRAND AT THE SALON DE LA COPRO Intratone&#8217;s sales teams will be present at the 30th&hellip;<\/p><p class=\"wp-block-post-excerpt__more-text\"><a class=\"wp-block-post-excerpt__more-link\" href=\"https:\/\/www.cogelec.fr\/en\/event-salon-de-la-copro-2\/\">Read more<\/a><\/p><\/div><\/div><\/div>\n\n<\/li><li class=\"wp-block-post post-1310 post type-post status-publish format-standard has-post-thumbnail hentry category-headlines\">\n<figure class=\"wp-block-post-featured-image\"><a href=\"https:\/\/www.cogelec.fr\/en\/groupe-legrand-has-made-an-offer-to-take-over-cogelec\/\" target=\"_self\"  ><img decoding=\"async\" width=\"1772\" height=\"709\" src=\"https:\/\/www.cogelec.fr\/wp-content\/uploads\/2025\/07\/bloc-marques-noir.png\" class=\"attachment-post-thumbnail size-post-thumbnail wp-post-image\" alt=\"GROUPE LEGRAND has made an offer to take over COGELEC\" style=\"object-fit:cover;\" srcset=\"https:\/\/www.cogelec.fr\/wp-content\/uploads\/2025\/07\/bloc-marques-noir.png 1772w, https:\/\/www.cogelec.fr\/wp-content\/uploads\/2025\/07\/bloc-marques-noir-300x120.png 300w, https:\/\/www.cogelec.fr\/wp-content\/uploads\/2025\/07\/bloc-marques-noir-1024x410.png 1024w, https:\/\/www.cogelec.fr\/wp-content\/uploads\/2025\/07\/bloc-marques-noir-768x307.png 768w, https:\/\/www.cogelec.fr\/wp-content\/uploads\/2025\/07\/bloc-marques-noir-1536x615.png 1536w\" sizes=\"(max-width: 1772px) 100vw, 1772px\" \/><\/a><\/figure>\n\n\n<div class=\"wp-block-group\"><div class=\"wp-block-group__inner-container is-layout-constrained wp-block-group-is-layout-constrained\"><h2 class=\"wp-block-post-title\"><a href=\"https:\/\/www.cogelec.fr\/en\/groupe-legrand-has-made-an-offer-to-take-over-cogelec\/\" target=\"_self\" >GROUPE LEGRAND has made an offer to take over COGELEC<\/a><\/h2>\n\n<div class=\"wp-block-post-excerpt\"><p class=\"wp-block-post-excerpt__excerpt\"><\/p><p class=\"wp-block-post-excerpt__more-text\"><a class=\"wp-block-post-excerpt__more-link\" href=\"https:\/\/www.cogelec.fr\/en\/groupe-legrand-has-made-an-offer-to-take-over-cogelec\/\">Read more<\/a><\/p><\/div><\/div><\/div>\n\n<\/li><li class=\"wp-block-post post-1316 post type-post status-publish format-standard has-post-thumbnail hentry category-headlines\">\n<figure class=\"wp-block-post-featured-image\"><a href=\"https:\/\/www.cogelec.fr\/en\/event-salon-de-la-copro\/\" target=\"_self\"  ><img decoding=\"async\" width=\"1600\" height=\"739\" src=\"https:\/\/www.cogelec.fr\/wp-content\/uploads\/2025\/07\/7b2b8dca-bd80-45d8-8380-ffb8a1dcb303.jpg\" class=\"attachment-post-thumbnail size-post-thumbnail wp-post-image\" alt=\"EVENT SALON DE LA COPRO\" style=\"object-fit:cover;\" srcset=\"https:\/\/www.cogelec.fr\/wp-content\/uploads\/2025\/07\/7b2b8dca-bd80-45d8-8380-ffb8a1dcb303.jpg 1600w, https:\/\/www.cogelec.fr\/wp-content\/uploads\/2025\/07\/7b2b8dca-bd80-45d8-8380-ffb8a1dcb303-300x139.jpg 300w, https:\/\/www.cogelec.fr\/wp-content\/uploads\/2025\/07\/7b2b8dca-bd80-45d8-8380-ffb8a1dcb303-1024x473.jpg 1024w, https:\/\/www.cogelec.fr\/wp-content\/uploads\/2025\/07\/7b2b8dca-bd80-45d8-8380-ffb8a1dcb303-768x355.jpg 768w, https:\/\/www.cogelec.fr\/wp-content\/uploads\/2025\/07\/7b2b8dca-bd80-45d8-8380-ffb8a1dcb303-1536x709.jpg 1536w\" sizes=\"(max-width: 1600px) 100vw, 1600px\" \/><\/a><\/figure>\n\n\n<div class=\"wp-block-group\"><div class=\"wp-block-group__inner-container is-layout-constrained wp-block-group-is-layout-constrained\"><h2 class=\"wp-block-post-title\"><a href=\"https:\/\/www.cogelec.fr\/en\/event-salon-de-la-copro\/\" target=\"_self\" >EVENT SALON DE LA COPRO<\/a><\/h2>\n\n<div class=\"wp-block-post-excerpt\"><p class=\"wp-block-post-excerpt__excerpt\">THE INTRATONE &amp; KIBOLT BRAND AT THE SALON DE LA COPRO Intratone&#8217;s sales teams will be present at the 30th&hellip;<\/p><p class=\"wp-block-post-excerpt__more-text\"><a class=\"wp-block-post-excerpt__more-link\" href=\"https:\/\/www.cogelec.fr\/en\/event-salon-de-la-copro\/\">Read more<\/a><\/p><\/div><\/div><\/div>\n\n<\/li><li class=\"wp-block-post post-1313 post type-post status-publish format-standard has-post-thumbnail hentry category-headlines\">\n<figure class=\"wp-block-post-featured-image\"><a href=\"https:\/\/www.cogelec.fr\/en\/cogelec-event\/\" target=\"_self\"  ><img decoding=\"async\" width=\"1600\" height=\"894\" src=\"https:\/\/www.cogelec.fr\/wp-content\/uploads\/2025\/07\/IKVZ6080.jpg\" class=\"attachment-post-thumbnail size-post-thumbnail wp-post-image\" alt=\"COGELEC EVENT\" style=\"object-fit:cover;\" srcset=\"https:\/\/www.cogelec.fr\/wp-content\/uploads\/2025\/07\/IKVZ6080.jpg 1600w, https:\/\/www.cogelec.fr\/wp-content\/uploads\/2025\/07\/IKVZ6080-300x168.jpg 300w, https:\/\/www.cogelec.fr\/wp-content\/uploads\/2025\/07\/IKVZ6080-1024x572.jpg 1024w, https:\/\/www.cogelec.fr\/wp-content\/uploads\/2025\/07\/IKVZ6080-768x429.jpg 768w, https:\/\/www.cogelec.fr\/wp-content\/uploads\/2025\/07\/IKVZ6080-1536x858.jpg 1536w\" sizes=\"(max-width: 1600px) 100vw, 1600px\" \/><\/a><\/figure>\n\n\n<div class=\"wp-block-group\"><div class=\"wp-block-group__inner-container is-layout-constrained wp-block-group-is-layout-constrained\"><h2 class=\"wp-block-post-title\"><a href=\"https:\/\/www.cogelec.fr\/en\/cogelec-event\/\" target=\"_self\" >COGELEC EVENT<\/a><\/h2>\n\n<div class=\"wp-block-post-excerpt\"><p class=\"wp-block-post-excerpt__excerpt\">COGELEC GROUP BRANDS at ARTIBAT The construction industry&#8217;s flagship event returns in 2025 with its 20th edition, from October 22nd&hellip;<\/p><p class=\"wp-block-post-excerpt__more-text\"><a class=\"wp-block-post-excerpt__more-link\" href=\"https:\/\/www.cogelec.fr\/en\/cogelec-event\/\">Read more<\/a><\/p><\/div><\/div><\/div>\n\n<\/li><li class=\"wp-block-post post-1319 post type-post status-publish format-standard has-post-thumbnail hentry category-headlines\">\n<figure class=\"wp-block-post-featured-image\"><a href=\"https:\/\/www.cogelec.fr\/en\/kibolt-event\/\" target=\"_self\"  ><img decoding=\"async\" width=\"1411\" height=\"771\" src=\"https:\/\/www.cogelec.fr\/wp-content\/uploads\/2025\/07\/kibolt-home-mise-en-situation.png\" class=\"attachment-post-thumbnail size-post-thumbnail wp-post-image\" alt=\"KIBOLT EVENT\" style=\"object-fit:cover;\" srcset=\"https:\/\/www.cogelec.fr\/wp-content\/uploads\/2025\/07\/kibolt-home-mise-en-situation.png 1411w, https:\/\/www.cogelec.fr\/wp-content\/uploads\/2025\/07\/kibolt-home-mise-en-situation-300x164.png 300w, https:\/\/www.cogelec.fr\/wp-content\/uploads\/2025\/07\/kibolt-home-mise-en-situation-1024x560.png 1024w, https:\/\/www.cogelec.fr\/wp-content\/uploads\/2025\/07\/kibolt-home-mise-en-situation-768x420.png 768w\" sizes=\"(max-width: 1411px) 100vw, 1411px\" \/><\/a><\/figure>\n\n\n<div class=\"wp-block-group\"><div class=\"wp-block-group__inner-container is-layout-constrained wp-block-group-is-layout-constrained\"><h2 class=\"wp-block-post-title\"><a href=\"https:\/\/www.cogelec.fr\/en\/kibolt-event\/\" target=\"_self\" >KIBOLT EVENT<\/a><\/h2>\n\n<div class=\"wp-block-post-excerpt\"><p class=\"wp-block-post-excerpt__excerpt\">THE KIBOLT BRAND AT SILVERECO Meet our sales team at SILVER ECO, Le Festival du Bien-Viillir et de la Silver&hellip;<\/p><p class=\"wp-block-post-excerpt__more-text\"><a class=\"wp-block-post-excerpt__more-link\" href=\"https:\/\/www.cogelec.fr\/en\/kibolt-event\/\">Read more<\/a><\/p><\/div><\/div><\/div>\n\n<\/li><li class=\"wp-block-post post-1322 post type-post status-publish format-standard has-post-thumbnail hentry category-headlines\">\n<figure class=\"wp-block-post-featured-image\"><a href=\"https:\/\/www.cogelec.fr\/en\/hexpo-event\/\" target=\"_self\"  ><img decoding=\"async\" width=\"2167\" height=\"3044\" src=\"https:\/\/www.cogelec.fr\/wp-content\/uploads\/2025\/07\/affiche-A2-beige-pdf.jpg\" class=\"attachment-post-thumbnail size-post-thumbnail wp-post-image\" alt=\"H&#8217;EXPO EVENT\" style=\"object-fit:cover;\" \/><\/a><\/figure>\n\n\n<div class=\"wp-block-group\"><div class=\"wp-block-group__inner-container is-layout-constrained wp-block-group-is-layout-constrained\"><h2 class=\"wp-block-post-title\"><a href=\"https:\/\/www.cogelec.fr\/en\/hexpo-event\/\" target=\"_self\" >H&#8217;EXPO EVENT<\/a><\/h2>\n\n<div class=\"wp-block-post-excerpt\"><p class=\"wp-block-post-excerpt__excerpt\">THE INTRATONE BRAND AT H&#8217;EXPO Intratone sales teams will be at the H&#8217;EXPO trade show in Paris, Portes de Vesrailles,&hellip;<\/p><p class=\"wp-block-post-excerpt__more-text\"><a class=\"wp-block-post-excerpt__more-link\" href=\"https:\/\/www.cogelec.fr\/en\/hexpo-event\/\">Read more<\/a><\/p><\/div><\/div><\/div>\n\n<\/li><\/ul>\n\n\n\n<\/div>\n<\/div><\/div>\n\n<div class=\"wp-block-cover alignfull\"><img decoding=\"async\" width=\"2000\" height=\"1333\" class=\"wp-block-cover__image-background wp-image-5 size-full\" alt=\"\" src=\"https:\/\/www.cogelec.fr\/wp-content\/uploads\/2025\/05\/sample.jpg\" data-object-fit=\"cover\" srcset=\"https:\/\/www.cogelec.fr\/wp-content\/uploads\/2025\/05\/sample.jpg 2000w, https:\/\/www.cogelec.fr\/wp-content\/uploads\/2025\/05\/sample-300x200.jpg 300w, https:\/\/www.cogelec.fr\/wp-content\/uploads\/2025\/05\/sample-1024x682.jpg 1024w, https:\/\/www.cogelec.fr\/wp-content\/uploads\/2025\/05\/sample-768x512.jpg 768w, https:\/\/www.cogelec.fr\/wp-content\/uploads\/2025\/05\/sample-1536x1024.jpg 1536w\" sizes=\"(max-width: 2000px) 100vw, 2000px\" \/><span aria-hidden=\"true\" class=\"wp-block-cover__background has-background-dim-100 has-background-dim wp-block-cover__gradient-background has-background-gradient\" style=\"background:linear-gradient(90deg,rgba(0,0,0,0.3) 34%,rgba(0,0,0,0) 100%)\"><\/span><div class=\"wp-block-cover__inner-container is-layout-constrained wp-block-cover-is-layout-constrained\">\n<h2 class=\"wp-block-heading has-text-align-left is-style-title-xl\">FIND US ON LINKEDIN<\/h2>\n\n\n\n<div class=\"wp-block-buttons is-layout-flex wp-block-buttons-is-layout-flex\">\n<div class=\"wp-block-button is-style-secondary\"><a class=\"wp-block-button__link wp-element-button\">FOLLOW US<\/a><\/div>\n<\/div>\n<\/div><\/div>\n","protected":false},"excerpt":{"rendered":"<p>NEWS &amp; EVENTS<\/p>\n","protected":false},"author":1,"featured_media":0,"parent":0,"menu_order":36,"comment_status":"closed","ping_status":"closed","template":"","meta":{"inline_featured_image":false,"footnotes":""},"class_list":["post-1334","page","type-page","status-publish","hentry"],"yoast_head":"<!-- This site is optimized with the Yoast SEO plugin v26.9 - https:\/\/yoast.com\/product\/yoast-seo-wordpress\/ -->\n<title>News - Cogelec<\/title>\n<meta name=\"robots\" content=\"index, follow, max-snippet:-1, max-image-preview:large, max-video-preview:-1\" \/>\n<link rel=\"canonical\" href=\"https:\/\/www.cogelec.fr\/en\/news\/\" \/>\n<meta property=\"og:locale\" content=\"en_US\" \/>\n<meta property=\"og:type\" content=\"article\" \/>\n<meta property=\"og:title\" content=\"News - Cogelec\" \/>\n<meta property=\"og:description\" content=\"NEWS &amp; EVENTS\" \/>\n<meta property=\"og:url\" content=\"https:\/\/www.cogelec.fr\/en\/news\/\" \/>\n<meta property=\"og:site_name\" content=\"Cogelec\" \/>\n<meta property=\"article:modified_time\" content=\"2026-01-14T13:23:22+00:00\" \/>\n<meta property=\"og:image\" content=\"https:\/\/www.cogelec.fr\/wp-content\/uploads\/2025\/05\/sample.jpg\" \/>\n<meta name=\"twitter:card\" content=\"summary_large_image\" \/>\n<script type=\"application\/ld+json\" class=\"yoast-schema-graph\">{\"@context\":\"https:\/\/schema.org\",\"@graph\":[{\"@type\":\"WebPage\",\"@id\":\"https:\/\/www.cogelec.fr\/en\/news\/\",\"url\":\"https:\/\/www.cogelec.fr\/en\/news\/\",\"name\":\"News - Cogelec\",\"isPartOf\":{\"@id\":\"https:\/\/www.cogelec.fr\/#website\"},\"primaryImageOfPage\":{\"@id\":\"https:\/\/www.cogelec.fr\/en\/news\/#primaryimage\"},\"image\":{\"@id\":\"https:\/\/www.cogelec.fr\/en\/news\/#primaryimage\"},\"thumbnailUrl\":\"https:\/\/www.cogelec.fr\/wp-content\/uploads\/2025\/05\/sample.jpg\",\"datePublished\":\"2025-07-07T14:30:52+00:00\",\"dateModified\":\"2026-01-14T13:23:22+00:00\",\"breadcrumb\":{\"@id\":\"https:\/\/www.cogelec.fr\/en\/news\/#breadcrumb\"},\"inLanguage\":\"en-US\",\"potentialAction\":[{\"@type\":\"ReadAction\",\"target\":[\"https:\/\/www.cogelec.fr\/en\/news\/\"]}]},{\"@type\":\"ImageObject\",\"inLanguage\":\"en-US\",\"@id\":\"https:\/\/www.cogelec.fr\/en\/news\/#primaryimage\",\"url\":\"https:\/\/www.cogelec.fr\/wp-content\/uploads\/2025\/05\/sample.jpg\",\"contentUrl\":\"https:\/\/www.cogelec.fr\/wp-content\/uploads\/2025\/05\/sample.jpg\"},{\"@type\":\"BreadcrumbList\",\"@id\":\"https:\/\/www.cogelec.fr\/en\/news\/#breadcrumb\",\"itemListElement\":[{\"@type\":\"ListItem\",\"position\":1,\"name\":\"Home\",\"item\":\"https:\/\/www.cogelec.fr\/en\/\"},{\"@type\":\"ListItem\",\"position\":2,\"name\":\"News\"}]},{\"@type\":\"WebSite\",\"@id\":\"https:\/\/www.cogelec.fr\/#website\",\"url\":\"https:\/\/www.cogelec.fr\/\",\"name\":\"Cogelec\",\"description\":\"Interphones t\u00e9l\u00e9phoniques et contr\u00f4le d&#039;acc\u00e8s Vigik\u00ae\",\"publisher\":{\"@id\":\"https:\/\/www.cogelec.fr\/#organization\"},\"potentialAction\":[{\"@type\":\"SearchAction\",\"target\":{\"@type\":\"EntryPoint\",\"urlTemplate\":\"https:\/\/www.cogelec.fr\/?s={search_term_string}\"},\"query-input\":{\"@type\":\"PropertyValueSpecification\",\"valueRequired\":true,\"valueName\":\"search_term_string\"}}],\"inLanguage\":\"en-US\"},{\"@type\":\"Organization\",\"@id\":\"https:\/\/www.cogelec.fr\/#organization\",\"name\":\"Cogelec\",\"url\":\"https:\/\/www.cogelec.fr\/\",\"logo\":{\"@type\":\"ImageObject\",\"inLanguage\":\"en-US\",\"@id\":\"https:\/\/www.cogelec.fr\/#\/schema\/logo\/image\/\",\"url\":\"https:\/\/www.cogelec.fr\/wp-content\/uploads\/2025\/07\/logo-cogelec-black.svg\",\"contentUrl\":\"https:\/\/www.cogelec.fr\/wp-content\/uploads\/2025\/07\/logo-cogelec-black.svg\",\"caption\":\"Cogelec\"},\"image\":{\"@id\":\"https:\/\/www.cogelec.fr\/#\/schema\/logo\/image\/\"}}]}<\/script>\n<!-- \/ Yoast SEO plugin. -->","yoast_head_json":{"title":"News - Cogelec","robots":{"index":"index","follow":"follow","max-snippet":"max-snippet:-1","max-image-preview":"max-image-preview:large","max-video-preview":"max-video-preview:-1"},"canonical":"https:\/\/www.cogelec.fr\/en\/news\/","og_locale":"en_US","og_type":"article","og_title":"News - Cogelec","og_description":"NEWS &amp; EVENTS","og_url":"https:\/\/www.cogelec.fr\/en\/news\/","og_site_name":"Cogelec","article_modified_time":"2026-01-14T13:23:22+00:00","og_image":[{"url":"https:\/\/www.cogelec.fr\/wp-content\/uploads\/2025\/05\/sample.jpg","type":"","width":"","height":""}],"twitter_card":"summary_large_image","schema":{"@context":"https:\/\/schema.org","@graph":[{"@type":"WebPage","@id":"https:\/\/www.cogelec.fr\/en\/news\/","url":"https:\/\/www.cogelec.fr\/en\/news\/","name":"News - Cogelec","isPartOf":{"@id":"https:\/\/www.cogelec.fr\/#website"},"primaryImageOfPage":{"@id":"https:\/\/www.cogelec.fr\/en\/news\/#primaryimage"},"image":{"@id":"https:\/\/www.cogelec.fr\/en\/news\/#primaryimage"},"thumbnailUrl":"https:\/\/www.cogelec.fr\/wp-content\/uploads\/2025\/05\/sample.jpg","datePublished":"2025-07-07T14:30:52+00:00","dateModified":"2026-01-14T13:23:22+00:00","breadcrumb":{"@id":"https:\/\/www.cogelec.fr\/en\/news\/#breadcrumb"},"inLanguage":"en-US","potentialAction":[{"@type":"ReadAction","target":["https:\/\/www.cogelec.fr\/en\/news\/"]}]},{"@type":"ImageObject","inLanguage":"en-US","@id":"https:\/\/www.cogelec.fr\/en\/news\/#primaryimage","url":"https:\/\/www.cogelec.fr\/wp-content\/uploads\/2025\/05\/sample.jpg","contentUrl":"https:\/\/www.cogelec.fr\/wp-content\/uploads\/2025\/05\/sample.jpg"},{"@type":"BreadcrumbList","@id":"https:\/\/www.cogelec.fr\/en\/news\/#breadcrumb","itemListElement":[{"@type":"ListItem","position":1,"name":"Home","item":"https:\/\/www.cogelec.fr\/en\/"},{"@type":"ListItem","position":2,"name":"News"}]},{"@type":"WebSite","@id":"https:\/\/www.cogelec.fr\/#website","url":"https:\/\/www.cogelec.fr\/","name":"Cogelec","description":"Interphones t\u00e9l\u00e9phoniques et contr\u00f4le d&#039;acc\u00e8s Vigik\u00ae","publisher":{"@id":"https:\/\/www.cogelec.fr\/#organization"},"potentialAction":[{"@type":"SearchAction","target":{"@type":"EntryPoint","urlTemplate":"https:\/\/www.cogelec.fr\/?s={search_term_string}"},"query-input":{"@type":"PropertyValueSpecification","valueRequired":true,"valueName":"search_term_string"}}],"inLanguage":"en-US"},{"@type":"Organization","@id":"https:\/\/www.cogelec.fr\/#organization","name":"Cogelec","url":"https:\/\/www.cogelec.fr\/","logo":{"@type":"ImageObject","inLanguage":"en-US","@id":"https:\/\/www.cogelec.fr\/#\/schema\/logo\/image\/","url":"https:\/\/www.cogelec.fr\/wp-content\/uploads\/2025\/07\/logo-cogelec-black.svg","contentUrl":"https:\/\/www.cogelec.fr\/wp-content\/uploads\/2025\/07\/logo-cogelec-black.svg","caption":"Cogelec"},"image":{"@id":"https:\/\/www.cogelec.fr\/#\/schema\/logo\/image\/"}}]}},"_links":{"self":[{"href":"https:\/\/www.cogelec.fr\/en\/wp-json\/wp\/v2\/pages\/1334","targetHints":{"allow":["GET"]}}],"collection":[{"href":"https:\/\/www.cogelec.fr\/en\/wp-json\/wp\/v2\/pages"}],"about":[{"href":"https:\/\/www.cogelec.fr\/en\/wp-json\/wp\/v2\/types\/page"}],"author":[{"embeddable":true,"href":"https:\/\/www.cogelec.fr\/en\/wp-json\/wp\/v2\/users\/1"}],"replies":[{"embeddable":true,"href":"https:\/\/www.cogelec.fr\/en\/wp-json\/wp\/v2\/comments?post=1334"}],"version-history":[{"count":2,"href":"https:\/\/www.cogelec.fr\/en\/wp-json\/wp\/v2\/pages\/1334\/revisions"}],"predecessor-version":[{"id":1337,"href":"https:\/\/www.cogelec.fr\/en\/wp-json\/wp\/v2\/pages\/1334\/revisions\/1337"}],"wp:attachment":[{"href":"https:\/\/www.cogelec.fr\/en\/wp-json\/wp\/v2\/media?parent=1334"}],"curies":[{"name":"wp","href":"https:\/\/api.w.org\/{rel}","templated":true}]}}