{"id":1364,"date":"2025-07-16T15:06:02","date_gmt":"2025-07-16T13:06:02","guid":{"rendered":"https:\/\/www.cogelec.fr\/cogelec-brands\/"},"modified":"2026-01-14T14:24:02","modified_gmt":"2026-01-14T13:24:02","slug":"cogelec-brands","status":"publish","type":"page","link":"https:\/\/www.cogelec.fr\/en\/cogelec-brands\/","title":{"rendered":"COGELEC brands"},"content":{"rendered":"\n<div style=\"height:56px\" aria-hidden=\"true\" class=\"wp-block-spacer\"><\/div>\n\n<figure class=\"wp-block-image size-large\"><img decoding=\"async\" width=\"1024\" height=\"410\" src=\"https:\/\/www.cogelec.fr\/wp-content\/uploads\/2025\/07\/bloc-marques-noir-blanc-et-bleu-1024x410.png\" alt=\"\" class=\"wp-image-950\" srcset=\"https:\/\/www.cogelec.fr\/wp-content\/uploads\/2025\/07\/bloc-marques-noir-blanc-et-bleu-1024x410.png 1024w, https:\/\/www.cogelec.fr\/wp-content\/uploads\/2025\/07\/bloc-marques-noir-blanc-et-bleu-300x120.png 300w, https:\/\/www.cogelec.fr\/wp-content\/uploads\/2025\/07\/bloc-marques-noir-blanc-et-bleu-768x307.png 768w, https:\/\/www.cogelec.fr\/wp-content\/uploads\/2025\/07\/bloc-marques-noir-blanc-et-bleu-1536x615.png 1536w, https:\/\/www.cogelec.fr\/wp-content\/uploads\/2025\/07\/bloc-marques-noir-blanc-et-bleu.png 1772w\" sizes=\"(max-width: 1024px) 100vw, 1024px\" \/><\/figure>\n\n<div style=\"height:56px\" aria-hidden=\"true\" class=\"wp-block-spacer\"><\/div>\n\n<div class=\"wp-block-media-text is-stacked-on-mobile\" style=\"grid-template-columns:45% auto\"><figure class=\"wp-block-media-text__media\"><img decoding=\"async\" width=\"1024\" height=\"316\" src=\"https:\/\/www.cogelec.fr\/wp-content\/uploads\/2025\/07\/Intratone_Logo_Intratone_Logo_recadre-1024x316.png\" alt=\"\" class=\"wp-image-858 size-full\" srcset=\"https:\/\/www.cogelec.fr\/wp-content\/uploads\/2025\/07\/Intratone_Logo_Intratone_Logo_recadre-1024x316.png 1024w, https:\/\/www.cogelec.fr\/wp-content\/uploads\/2025\/07\/Intratone_Logo_Intratone_Logo_recadre-300x93.png 300w, https:\/\/www.cogelec.fr\/wp-content\/uploads\/2025\/07\/Intratone_Logo_Intratone_Logo_recadre-768x237.png 768w, https:\/\/www.cogelec.fr\/wp-content\/uploads\/2025\/07\/Intratone_Logo_Intratone_Logo_recadre-1536x474.png 1536w, https:\/\/www.cogelec.fr\/wp-content\/uploads\/2025\/07\/Intratone_Logo_Intratone_Logo_recadre-2048x632.png 2048w\" sizes=\"(max-width: 1024px) 100vw, 1024px\" \/><\/figure><div class=\"wp-block-media-text__content\">\n<p><sup>Intratone\u00ae<\/sup>, the 1st subscription-based GSM intercom system<\/p>\n\n\n\n<p class=\"has-black-color has-text-color has-link-color wp-elements-2687b8ec1c71f5620ca4c4952b9804cf\">In 2007, Cogelec creates the <sup>1st<\/sup> global offer for wireless intercom via GSM. Since then, more than 2.6 million homes have subscribed to the Intratone offer. With no wiring required, the products in the range are economical and quick to install.  <\/p>\n\n\n\n<p>Residents are won over by the system&#8217;s practicality: they use their own telephone rather than a handset. Finally, property managers (landlords, property managers) benefit from a flexible, responsive working tool, with remote management in real time via an ergonomic interface. Intratone offers a range of complementary equipment (digital scoreboards, surveillance cameras, etc.) to help enhance and preserve heritage assets.  <\/p>\n\n\n\n<div class=\"wp-block-buttons is-content-justification-center is-layout-flex wp-container-core-buttons-is-layout-16018d1d wp-block-buttons-is-layout-flex\">\n<div class=\"wp-block-button is-style-default\"><a class=\"wp-block-button__link has-text-align-center wp-element-button\" href=\"https:\/\/www.intratone.fr\/\" target=\"_blank\" rel=\"noreferrer noopener\">Discover Intratone.fr<\/a><\/div>\n<\/div>\n<\/div><\/div>\n\n<div style=\"height:56px\" aria-hidden=\"true\" class=\"wp-block-spacer\"><\/div>\n\n<div class=\"wp-block-media-text has-media-on-the-right is-stacked-on-mobile\" style=\"grid-template-columns:auto 42%\"><div class=\"wp-block-media-text__content\">\n<p><\/p>\n\n\n\n<p><\/p>\n\n\n\n<p>Rozoh designs and manufactures wireless access control systems in France for town halls, local authorities, schools, commercial building managers and industry.<\/p>\n\n\n\n<p>From product design and manufacture to technical support and after-sales service, everything is carried out in our workshops in Mortagne-sur-S\u00e8vre. This choice of all-French production reflects our commitment to quality, responsiveness and local know-how.<\/p>\n\n\n\n<div class=\"wp-block-buttons is-content-justification-center is-layout-flex wp-container-core-buttons-is-layout-16018d1d wp-block-buttons-is-layout-flex\">\n<div class=\"wp-block-button is-style-tertiary\"><a class=\"wp-block-button__link wp-element-button\" href=\"https:\/\/www.rozoh.fr\/\" target=\"_blank\" rel=\"noreferrer noopener\">Discover rozoh.fr<\/a><\/div>\n<\/div>\n<\/div><figure class=\"wp-block-media-text__media\"><img decoding=\"async\" width=\"204\" height=\"81\" src=\"https:\/\/www.cogelec.fr\/wp-content\/uploads\/2025\/07\/LOGO-ROZOH_CMJN-1.png\" alt=\"\" class=\"wp-image-522 size-full\"\/><\/figure><\/div>\n\n<div style=\"height:56px\" aria-hidden=\"true\" class=\"wp-block-spacer\"><\/div>\n\n<div class=\"wp-block-media-text is-stacked-on-mobile\" style=\"grid-template-columns:40% auto\"><figure class=\"wp-block-media-text__media\"><img decoding=\"async\" width=\"284\" height=\"81\" src=\"https:\/\/www.cogelec.fr\/wp-content\/uploads\/2025\/07\/KIBOLT-logo-baseline-1.png\" alt=\"\" class=\"wp-image-520 size-full\"\/><\/figure><div class=\"wp-block-media-text__content\">\n<p>KIBOLT is a brand offering solutions for securing all doors and controlling access to apartment buildings, condominiums, commercial premises and private homes.<\/p>\n\n\n\n<p>From the bike room to the house, office or home of elderly relatives, Kibolt\u00ae lets you manage all access authorizations remotely, via a free, secure management tool. Loaned key, lost key? Two clicks and authorization is deactivated.<\/p>\n\n\n\n<div class=\"wp-block-buttons is-content-justification-center is-layout-flex wp-container-core-buttons-is-layout-16018d1d wp-block-buttons-is-layout-flex\">\n<div class=\"wp-block-button is-style-primary\"><a class=\"wp-block-button__link wp-element-button\" href=\"https:\/\/www.kibolt.fr\/\" target=\"_blank\" rel=\"noreferrer noopener\">Discover kibolt.fr<\/a><\/div>\n<\/div>\n<\/div><\/div>\n\n<div style=\"height:56px\" aria-hidden=\"true\" class=\"wp-block-spacer\"><\/div>\n\n<div class=\"wp-block-media-text has-media-on-the-right is-stacked-on-mobile\" style=\"grid-template-columns:auto 41%\"><div class=\"wp-block-media-text__content\">\n<p><sup>Hexact\u00ae<\/sup>, the access control solution most widely used by social landlords<\/p>\n\n\n\n<p>Created in 2000, the <sup>Hexact\u00ae<\/sup> brand provides secure access control solutions that comply with the <sup>Vigik\u00ae<\/sup> standard. It equips France&#8217;s leading access control manufacturers, integrating with all keypad, wired and wireless intercom systems.<\/p>\n\n\n\n<p>Designed for apartment buildings, the secure <sup>Hexact\u00ae<\/sup> badge and reader system has been chosen by 70% of social landlords to manage their access. Since 2003, <sup>Hexact\u00ae<\/sup> has remained the sector leader, with a 40% share of the French market.<\/p>\n\n\n\n<div class=\"wp-block-buttons is-content-justification-center is-layout-flex wp-container-core-buttons-is-layout-16018d1d wp-block-buttons-is-layout-flex\">\n<div class=\"wp-block-button\"><a class=\"wp-block-button__link wp-element-button\" href=\"https:\/\/www.hexact.fr\/\" target=\"_blank\" rel=\"noreferrer noopener\">Discover hexact.fr<\/a><\/div>\n<\/div>\n<\/div><figure class=\"wp-block-media-text__media\"><img decoding=\"async\" width=\"500\" height=\"317\" src=\"https:\/\/www.cogelec.fr\/wp-content\/uploads\/2025\/07\/logo-Hexact-500-317.jpg\" alt=\"\" class=\"wp-image-860 size-full\" srcset=\"https:\/\/www.cogelec.fr\/wp-content\/uploads\/2025\/07\/logo-Hexact-500-317.jpg 500w, https:\/\/www.cogelec.fr\/wp-content\/uploads\/2025\/07\/logo-Hexact-500-317-300x190.jpg 300w\" sizes=\"(max-width: 500px) 100vw, 500px\" \/><\/figure><\/div>\n\n<div style=\"height:56px\" aria-hidden=\"true\" class=\"wp-block-spacer\"><\/div>\n","protected":false},"excerpt":{"rendered":"","protected":false},"author":2,"featured_media":0,"parent":0,"menu_order":25,"comment_status":"closed","ping_status":"closed","template":"","meta":{"inline_featured_image":false,"footnotes":""},"class_list":["post-1364","page","type-page","status-publish","hentry"],"yoast_head":"<!-- This site is optimized with the Yoast SEO plugin v26.9 - https:\/\/yoast.com\/product\/yoast-seo-wordpress\/ -->\n<title>COGELEC brands<\/title>\n<meta name=\"robots\" content=\"index, follow, max-snippet:-1, max-image-preview:large, max-video-preview:-1\" \/>\n<link rel=\"canonical\" href=\"https:\/\/www.cogelec.fr\/en\/cogelec-brands\/\" \/>\n<meta property=\"og:locale\" content=\"en_US\" \/>\n<meta property=\"og:type\" content=\"article\" \/>\n<meta property=\"og:title\" content=\"COGELEC brands\" \/>\n<meta property=\"og:url\" content=\"https:\/\/www.cogelec.fr\/en\/cogelec-brands\/\" \/>\n<meta property=\"og:site_name\" content=\"Cogelec\" \/>\n<meta property=\"article:modified_time\" content=\"2026-01-14T13:24:02+00:00\" \/>\n<meta property=\"og:image\" content=\"https:\/\/www.cogelec.fr\/wp-content\/uploads\/2025\/07\/bloc-marques-noir-blanc-et-bleu-1024x410.png\" \/>\n<meta name=\"twitter:card\" content=\"summary_large_image\" \/>\n<meta name=\"twitter:label1\" content=\"Est. reading time\" \/>\n\t<meta name=\"twitter:data1\" content=\"2 minutes\" \/>\n<script type=\"application\/ld+json\" class=\"yoast-schema-graph\">{\"@context\":\"https:\/\/schema.org\",\"@graph\":[{\"@type\":\"WebPage\",\"@id\":\"https:\/\/www.cogelec.fr\/en\/cogelec-brands\/\",\"url\":\"https:\/\/www.cogelec.fr\/en\/cogelec-brands\/\",\"name\":\"COGELEC brands\",\"isPartOf\":{\"@id\":\"https:\/\/www.cogelec.fr\/#website\"},\"primaryImageOfPage\":{\"@id\":\"https:\/\/www.cogelec.fr\/en\/cogelec-brands\/#primaryimage\"},\"image\":{\"@id\":\"https:\/\/www.cogelec.fr\/en\/cogelec-brands\/#primaryimage\"},\"thumbnailUrl\":\"https:\/\/www.cogelec.fr\/wp-content\/uploads\/2025\/07\/bloc-marques-noir-blanc-et-bleu-1024x410.png\",\"datePublished\":\"2025-07-16T13:06:02+00:00\",\"dateModified\":\"2026-01-14T13:24:02+00:00\",\"breadcrumb\":{\"@id\":\"https:\/\/www.cogelec.fr\/en\/cogelec-brands\/#breadcrumb\"},\"inLanguage\":\"en-US\",\"potentialAction\":[{\"@type\":\"ReadAction\",\"target\":[\"https:\/\/www.cogelec.fr\/en\/cogelec-brands\/\"]}]},{\"@type\":\"ImageObject\",\"inLanguage\":\"en-US\",\"@id\":\"https:\/\/www.cogelec.fr\/en\/cogelec-brands\/#primaryimage\",\"url\":\"https:\/\/www.cogelec.fr\/wp-content\/uploads\/2025\/07\/bloc-marques-noir-blanc-et-bleu-1024x410.png\",\"contentUrl\":\"https:\/\/www.cogelec.fr\/wp-content\/uploads\/2025\/07\/bloc-marques-noir-blanc-et-bleu-1024x410.png\"},{\"@type\":\"BreadcrumbList\",\"@id\":\"https:\/\/www.cogelec.fr\/en\/cogelec-brands\/#breadcrumb\",\"itemListElement\":[{\"@type\":\"ListItem\",\"position\":1,\"name\":\"Home\",\"item\":\"https:\/\/www.cogelec.fr\/en\/\"},{\"@type\":\"ListItem\",\"position\":2,\"name\":\"COGELEC brands\"}]},{\"@type\":\"WebSite\",\"@id\":\"https:\/\/www.cogelec.fr\/#website\",\"url\":\"https:\/\/www.cogelec.fr\/\",\"name\":\"Cogelec\",\"description\":\"Interphones t\u00e9l\u00e9phoniques et contr\u00f4le d&#039;acc\u00e8s Vigik\u00ae\",\"publisher\":{\"@id\":\"https:\/\/www.cogelec.fr\/#organization\"},\"potentialAction\":[{\"@type\":\"SearchAction\",\"target\":{\"@type\":\"EntryPoint\",\"urlTemplate\":\"https:\/\/www.cogelec.fr\/?s={search_term_string}\"},\"query-input\":{\"@type\":\"PropertyValueSpecification\",\"valueRequired\":true,\"valueName\":\"search_term_string\"}}],\"inLanguage\":\"en-US\"},{\"@type\":\"Organization\",\"@id\":\"https:\/\/www.cogelec.fr\/#organization\",\"name\":\"Cogelec\",\"url\":\"https:\/\/www.cogelec.fr\/\",\"logo\":{\"@type\":\"ImageObject\",\"inLanguage\":\"en-US\",\"@id\":\"https:\/\/www.cogelec.fr\/#\/schema\/logo\/image\/\",\"url\":\"https:\/\/www.cogelec.fr\/wp-content\/uploads\/2025\/07\/logo-cogelec-black.svg\",\"contentUrl\":\"https:\/\/www.cogelec.fr\/wp-content\/uploads\/2025\/07\/logo-cogelec-black.svg\",\"caption\":\"Cogelec\"},\"image\":{\"@id\":\"https:\/\/www.cogelec.fr\/#\/schema\/logo\/image\/\"}}]}<\/script>\n<!-- \/ Yoast SEO plugin. -->","yoast_head_json":{"title":"COGELEC brands","robots":{"index":"index","follow":"follow","max-snippet":"max-snippet:-1","max-image-preview":"max-image-preview:large","max-video-preview":"max-video-preview:-1"},"canonical":"https:\/\/www.cogelec.fr\/en\/cogelec-brands\/","og_locale":"en_US","og_type":"article","og_title":"COGELEC brands","og_url":"https:\/\/www.cogelec.fr\/en\/cogelec-brands\/","og_site_name":"Cogelec","article_modified_time":"2026-01-14T13:24:02+00:00","og_image":[{"url":"https:\/\/www.cogelec.fr\/wp-content\/uploads\/2025\/07\/bloc-marques-noir-blanc-et-bleu-1024x410.png","type":"","width":"","height":""}],"twitter_card":"summary_large_image","twitter_misc":{"Est. reading time":"2 minutes"},"schema":{"@context":"https:\/\/schema.org","@graph":[{"@type":"WebPage","@id":"https:\/\/www.cogelec.fr\/en\/cogelec-brands\/","url":"https:\/\/www.cogelec.fr\/en\/cogelec-brands\/","name":"COGELEC brands","isPartOf":{"@id":"https:\/\/www.cogelec.fr\/#website"},"primaryImageOfPage":{"@id":"https:\/\/www.cogelec.fr\/en\/cogelec-brands\/#primaryimage"},"image":{"@id":"https:\/\/www.cogelec.fr\/en\/cogelec-brands\/#primaryimage"},"thumbnailUrl":"https:\/\/www.cogelec.fr\/wp-content\/uploads\/2025\/07\/bloc-marques-noir-blanc-et-bleu-1024x410.png","datePublished":"2025-07-16T13:06:02+00:00","dateModified":"2026-01-14T13:24:02+00:00","breadcrumb":{"@id":"https:\/\/www.cogelec.fr\/en\/cogelec-brands\/#breadcrumb"},"inLanguage":"en-US","potentialAction":[{"@type":"ReadAction","target":["https:\/\/www.cogelec.fr\/en\/cogelec-brands\/"]}]},{"@type":"ImageObject","inLanguage":"en-US","@id":"https:\/\/www.cogelec.fr\/en\/cogelec-brands\/#primaryimage","url":"https:\/\/www.cogelec.fr\/wp-content\/uploads\/2025\/07\/bloc-marques-noir-blanc-et-bleu-1024x410.png","contentUrl":"https:\/\/www.cogelec.fr\/wp-content\/uploads\/2025\/07\/bloc-marques-noir-blanc-et-bleu-1024x410.png"},{"@type":"BreadcrumbList","@id":"https:\/\/www.cogelec.fr\/en\/cogelec-brands\/#breadcrumb","itemListElement":[{"@type":"ListItem","position":1,"name":"Home","item":"https:\/\/www.cogelec.fr\/en\/"},{"@type":"ListItem","position":2,"name":"COGELEC brands"}]},{"@type":"WebSite","@id":"https:\/\/www.cogelec.fr\/#website","url":"https:\/\/www.cogelec.fr\/","name":"Cogelec","description":"Interphones t\u00e9l\u00e9phoniques et contr\u00f4le d&#039;acc\u00e8s Vigik\u00ae","publisher":{"@id":"https:\/\/www.cogelec.fr\/#organization"},"potentialAction":[{"@type":"SearchAction","target":{"@type":"EntryPoint","urlTemplate":"https:\/\/www.cogelec.fr\/?s={search_term_string}"},"query-input":{"@type":"PropertyValueSpecification","valueRequired":true,"valueName":"search_term_string"}}],"inLanguage":"en-US"},{"@type":"Organization","@id":"https:\/\/www.cogelec.fr\/#organization","name":"Cogelec","url":"https:\/\/www.cogelec.fr\/","logo":{"@type":"ImageObject","inLanguage":"en-US","@id":"https:\/\/www.cogelec.fr\/#\/schema\/logo\/image\/","url":"https:\/\/www.cogelec.fr\/wp-content\/uploads\/2025\/07\/logo-cogelec-black.svg","contentUrl":"https:\/\/www.cogelec.fr\/wp-content\/uploads\/2025\/07\/logo-cogelec-black.svg","caption":"Cogelec"},"image":{"@id":"https:\/\/www.cogelec.fr\/#\/schema\/logo\/image\/"}}]}},"_links":{"self":[{"href":"https:\/\/www.cogelec.fr\/en\/wp-json\/wp\/v2\/pages\/1364","targetHints":{"allow":["GET"]}}],"collection":[{"href":"https:\/\/www.cogelec.fr\/en\/wp-json\/wp\/v2\/pages"}],"about":[{"href":"https:\/\/www.cogelec.fr\/en\/wp-json\/wp\/v2\/types\/page"}],"author":[{"embeddable":true,"href":"https:\/\/www.cogelec.fr\/en\/wp-json\/wp\/v2\/users\/2"}],"replies":[{"embeddable":true,"href":"https:\/\/www.cogelec.fr\/en\/wp-json\/wp\/v2\/comments?post=1364"}],"version-history":[{"count":2,"href":"https:\/\/www.cogelec.fr\/en\/wp-json\/wp\/v2\/pages\/1364\/revisions"}],"predecessor-version":[{"id":1366,"href":"https:\/\/www.cogelec.fr\/en\/wp-json\/wp\/v2\/pages\/1364\/revisions\/1366"}],"wp:attachment":[{"href":"https:\/\/www.cogelec.fr\/en\/wp-json\/wp\/v2\/media?parent=1364"}],"curies":[{"name":"wp","href":"https:\/\/api.w.org\/{rel}","templated":true}]}}