{"id":1372,"date":"2025-06-30T08:29:56","date_gmt":"2025-06-30T06:29:56","guid":{"rendered":"https:\/\/www.cogelec.fr\/home\/"},"modified":"2026-02-05T11:56:26","modified_gmt":"2026-02-05T10:56:26","slug":"home","status":"publish","type":"page","link":"https:\/\/www.cogelec.fr\/en\/","title":{"rendered":"Home"},"content":{"rendered":"\n<div class=\"wp-block-getwid-images-slider home-slider has-arrows-none has-dots-inside has-images-center has-cropped-images has-fixed-height alignfull\"><div class=\"wp-block-getwid-images-slider__wrapper\" data-effect=\"slide\" data-slides-show=\"1\" data-slides-show-laptop=\"1\" data-slides-show-tablet=\"1\" data-slides-show-mobile=\"1\" data-slides-scroll=\"1\" data-autoplay=\"false\" data-pause-hover=\"false\" data-autoplay-speed=\"6000\" data-infinite=\"true\" data-animation-speed=\"800\" data-center-mode=\"false\" data-variable-width=\"false\" data-arrows=\"none\" data-dots=\"inside\" data-spacing=\"none\"><div class=\"wp-block-getwid-images-slider__item\" style=\"height:486px\"><figure><img decoding=\"async\" width=\"1920\" height=\"486\" src=\"https:\/\/www.cogelec.fr\/wp-content\/uploads\/2025\/06\/Frame-65.jpg\" data-id=\"131\" data-link=\"https:\/\/www.cogelec.fr\/frame-65\/\" data-original-link=\"https:\/\/www.cogelec.fr\/wp-content\/uploads\/2025\/06\/Frame-65.jpg\" class=\"wp-block-getwid-images-slider__image wp-image-131\" srcset=\"https:\/\/www.cogelec.fr\/wp-content\/uploads\/2025\/06\/Frame-65.jpg 1920w, https:\/\/www.cogelec.fr\/wp-content\/uploads\/2025\/06\/Frame-65-300x76.jpg 300w, https:\/\/www.cogelec.fr\/wp-content\/uploads\/2025\/06\/Frame-65-1024x259.jpg 1024w, https:\/\/www.cogelec.fr\/wp-content\/uploads\/2025\/06\/Frame-65-768x194.jpg 768w, https:\/\/www.cogelec.fr\/wp-content\/uploads\/2025\/06\/Frame-65-1536x389.jpg 1536w\" sizes=\"(max-width: 1920px) 100vw, 1920px\" \/><\/figure><\/div><div class=\"wp-block-getwid-images-slider__item\" style=\"height:486px\"><figure><img decoding=\"async\" width=\"2000\" height=\"480\" src=\"https:\/\/www.cogelec.fr\/wp-content\/uploads\/2025\/07\/2.png\" data-id=\"638\" data-link=\"https:\/\/www.cogelec.fr\/accueil\/attachment\/2\/\" data-original-link=\"https:\/\/www.cogelec.fr\/wp-content\/uploads\/2025\/07\/2.png\" class=\"wp-block-getwid-images-slider__image wp-image-638\" srcset=\"https:\/\/www.cogelec.fr\/wp-content\/uploads\/2025\/07\/2.png 2000w, https:\/\/www.cogelec.fr\/wp-content\/uploads\/2025\/07\/2-300x72.png 300w, https:\/\/www.cogelec.fr\/wp-content\/uploads\/2025\/07\/2-1024x246.png 1024w, https:\/\/www.cogelec.fr\/wp-content\/uploads\/2025\/07\/2-768x184.png 768w, https:\/\/www.cogelec.fr\/wp-content\/uploads\/2025\/07\/2-1536x369.png 1536w\" sizes=\"(max-width: 2000px) 100vw, 2000px\" \/><\/figure><\/div><\/div><\/div>\n\n\n\n<div class=\"wp-block-group centered-text\"><div class=\"wp-block-group__inner-container is-layout-constrained wp-block-group-is-layout-constrained\">\n<h2 class=\"wp-block-heading has-text-align-center is-style-title-xl\">COGELEC FRENCH MANUFACTURER OF WIRELESS INTERCOM AND VIGIK+\u00ae ACCESS CONTROL SYSTEMS<\/h2>\n\n\n\n<p class=\"has-text-align-center\">Cogelec offers innovative solutions, specifically adapted to collective housing (social or private, parking lots, etc.). Cogelec&#8217;s many innovations quickly made it the French market leader in Vigik+\u00ae access control and wireless intercom systems. Building on this success, Cogelec turned its attention to export, and today sells its products in 12 countries across Europe.  <\/p>\n<\/div><\/div>\n\n\n\n<div class=\"wp-block-group alignfull offset-background txt-img has-color-4-background-color has-background\" data-aos=\"fade-up\"><div class=\"wp-block-group__inner-container is-layout-constrained wp-block-group-is-layout-constrained\">\n<div class=\"wp-block-columns alignwide is-layout-flex wp-container-core-columns-is-layout-9d6595d7 wp-block-columns-is-layout-flex\">\n<div class=\"wp-block-column is-layout-flow wp-block-column-is-layout-flow\">\n<h2 class=\"wp-block-heading has-text-align-left is-style-title-xl\">JOB OFFERS<\/h2>\n\n\n\n<p><strong>Join an innovative and committed company<\/strong>! Are you looking for a new professional challenge in a dynamic, growing company? We&#8217;re always on the lookout for new talent. Discover all our opportunities on our recruitment page.    <\/p>\n\n\n\n<div class=\"wp-block-buttons is-layout-flex wp-block-buttons-is-layout-flex\">\n<div class=\"wp-block-button is-style-tertiary\"><a class=\"wp-block-button__link wp-element-button\" href=\"https:\/\/www.cogelec.fr\/en\/our-job-offers\/\">ACCESS TO OFFERS<\/a><\/div>\n<\/div>\n<\/div>\n\n\n\n<div class=\"wp-block-column is-layout-flow wp-block-column-is-layout-flow\">\n<figure class=\"wp-block-image size-full is-style-shadow\"><img decoding=\"async\" width=\"1920\" height=\"2560\" src=\"https:\/\/www.cogelec.fr\/wp-content\/uploads\/2025\/07\/4Y8A7133-scaled.jpg\" alt=\"\" class=\"wp-image-645\" srcset=\"https:\/\/www.cogelec.fr\/wp-content\/uploads\/2025\/07\/4Y8A7133-scaled.jpg 1920w, https:\/\/www.cogelec.fr\/wp-content\/uploads\/2025\/07\/4Y8A7133-225x300.jpg 225w, https:\/\/www.cogelec.fr\/wp-content\/uploads\/2025\/07\/4Y8A7133-768x1024.jpg 768w, https:\/\/www.cogelec.fr\/wp-content\/uploads\/2025\/07\/4Y8A7133-1152x1536.jpg 1152w, https:\/\/www.cogelec.fr\/wp-content\/uploads\/2025\/07\/4Y8A7133-1536x2048.jpg 1536w\" sizes=\"(max-width: 1920px) 100vw, 1920px\" \/><\/figure>\n<\/div>\n<\/div>\n<\/div><\/div>\n\n\n\n<div class=\"wp-block-cover alignfull banner-counter\"><img decoding=\"async\" width=\"1024\" height=\"295\" class=\"wp-block-cover__image-background wp-image-132 size-large\" alt=\"\" src=\"https:\/\/www.cogelec.fr\/wp-content\/uploads\/2025\/06\/Frame-612-1024x295.jpg\" data-object-fit=\"cover\" srcset=\"https:\/\/www.cogelec.fr\/wp-content\/uploads\/2025\/06\/Frame-612-1024x295.jpg 1024w, https:\/\/www.cogelec.fr\/wp-content\/uploads\/2025\/06\/Frame-612-300x87.jpg 300w, https:\/\/www.cogelec.fr\/wp-content\/uploads\/2025\/06\/Frame-612-768x221.jpg 768w, https:\/\/www.cogelec.fr\/wp-content\/uploads\/2025\/06\/Frame-612-1536x443.jpg 1536w, https:\/\/www.cogelec.fr\/wp-content\/uploads\/2025\/06\/Frame-612-2048x591.jpg 2048w, https:\/\/www.cogelec.fr\/wp-content\/uploads\/2025\/06\/Frame-612-350x100.jpg 350w\" sizes=\"(max-width: 1024px) 100vw, 1024px\" \/><span aria-hidden=\"true\" class=\"wp-block-cover__background has-color-1-background-color has-background-dim-70 has-background-dim\"><\/span><div class=\"wp-block-cover__inner-container is-layout-flow wp-block-cover-is-layout-flow\">\n<div class=\"wp-block-group alignfull\"><div class=\"wp-block-group__inner-container is-layout-constrained wp-block-group-is-layout-constrained\">\n<h2 class=\"wp-block-heading has-text-align-center is-style-title-xl\">OUR KEY FIGURES<\/h2>\n\n\n\n<p><\/p>\n\n\n\n<div class=\"wp-block-columns alignwide columns-w-sepa counter-container is-layout-flex wp-container-core-columns-is-layout-9d6595d7 wp-block-columns-is-layout-flex\">\n<div class=\"wp-block-column is-layout-flow wp-block-column-is-layout-flow\">\n<p class=\"has-text-align-center counter\">350<\/p>\n\n\n\n<p class=\"has-text-align-center\">Employees<\/p>\n<\/div>\n\n\n\n<div class=\"wp-block-column is-layout-flow wp-block-column-is-layout-flow\">\n<p class=\"has-text-align-center counter\">4<\/p>\n\n\n\n<p class=\"has-text-align-center\">brands<\/p>\n<\/div>\n\n\n\n<div class=\"wp-block-column is-layout-flow wp-block-column-is-layout-flow\">\n<p class=\"has-text-align-center counter\">+80<\/p>\n\n\n\n<p class=\"has-text-align-center\">Patents filed<\/p>\n<\/div>\n<\/div>\n<\/div><\/div>\n<\/div><\/div>\n\n\n\n<div class=\"wp-block-group alignwide txt-img reverse\"><div class=\"wp-block-group__inner-container is-layout-constrained wp-block-group-is-layout-constrained\"><\/div><\/div>\n\n\n\n<div class=\"wp-block-group alignwide\" data-aos=\"fade-right\"><div class=\"wp-block-group__inner-container is-layout-constrained wp-block-group-is-layout-constrained\">\n<div class=\"wp-block-query alignwide is-layout-flow wp-block-query-is-layout-flow\">\n<div class=\"wp-block-group alignwide\"><div class=\"wp-block-group__inner-container is-layout-constrained wp-block-group-is-layout-constrained\">\n<h2 class=\"wp-block-heading alignwide is-style-title-xl\">ARTICLES<\/h2>\n\n\n\n<div class=\"wp-block-query alignwide is-layout-flow wp-block-query-is-layout-flow\"><ul class=\"wp-block-post-template is-layout-flow wp-block-post-template-is-layout-flow\"><li class=\"wp-block-post post-1681 post type-post status-publish format-standard has-post-thumbnail hentry category-headlines\">\n<figure class=\"wp-block-post-featured-image\"><a href=\"https:\/\/www.cogelec.fr\/en\/kibolt-event-2\/\" target=\"_self\"  ><img decoding=\"async\" width=\"590\" height=\"250\" src=\"https:\/\/www.cogelec.fr\/wp-content\/uploads\/2026\/03\/BANNIERE.jpg\" class=\"attachment-post-thumbnail size-post-thumbnail wp-post-image\" alt=\"KIBOLT EVENT\" style=\"object-fit:cover;\" srcset=\"https:\/\/www.cogelec.fr\/wp-content\/uploads\/2026\/03\/BANNIERE.jpg 590w, https:\/\/www.cogelec.fr\/wp-content\/uploads\/2026\/03\/BANNIERE-300x127.jpg 300w\" sizes=\"(max-width: 590px) 100vw, 590px\" \/><\/a><\/figure>\n\n\n<div class=\"wp-block-group\"><div class=\"wp-block-group__inner-container is-layout-constrained wp-block-group-is-layout-constrained\"><h2 class=\"wp-block-post-title\"><a href=\"https:\/\/www.cogelec.fr\/en\/kibolt-event-2\/\" target=\"_self\" >KIBOLT EVENT<\/a><\/h2>\n\n<div class=\"wp-block-post-excerpt\"><p class=\"wp-block-post-excerpt__excerpt\">THE KIBOLT BRAND AT SILVERECO Meet our sales team at SILVER ECO, Le Festival du Bien-Viillir et de la Silver&hellip;<\/p><p class=\"wp-block-post-excerpt__more-text\"><a class=\"wp-block-post-excerpt__more-link\" href=\"https:\/\/www.cogelec.fr\/en\/kibolt-event-2\/\">Read more<\/a><\/p><\/div><\/div><\/div>\n\n<\/li><li class=\"wp-block-post post-1627 post type-post status-publish format-standard has-post-thumbnail hentry category-headlines\">\n<figure class=\"wp-block-post-featured-image\"><a href=\"https:\/\/www.cogelec.fr\/en\/event-salon-de-la-copro-2\/\" target=\"_self\"  ><img decoding=\"async\" width=\"800\" height=\"450\" src=\"https:\/\/www.cogelec.fr\/wp-content\/uploads\/2026\/02\/32ac43db-957e-4b20-8810-714da7090753.jpg\" class=\"attachment-post-thumbnail size-post-thumbnail wp-post-image\" alt=\"EVENT SALON DE LA COPRO\" style=\"object-fit:cover;\" srcset=\"https:\/\/www.cogelec.fr\/wp-content\/uploads\/2026\/02\/32ac43db-957e-4b20-8810-714da7090753.jpg 800w, https:\/\/www.cogelec.fr\/wp-content\/uploads\/2026\/02\/32ac43db-957e-4b20-8810-714da7090753-300x169.jpg 300w, https:\/\/www.cogelec.fr\/wp-content\/uploads\/2026\/02\/32ac43db-957e-4b20-8810-714da7090753-768x432.jpg 768w\" sizes=\"(max-width: 800px) 100vw, 800px\" \/><\/a><\/figure>\n\n\n<div class=\"wp-block-group\"><div class=\"wp-block-group__inner-container is-layout-constrained wp-block-group-is-layout-constrained\"><h2 class=\"wp-block-post-title\"><a href=\"https:\/\/www.cogelec.fr\/en\/event-salon-de-la-copro-2\/\" target=\"_self\" >EVENT SALON DE LA COPRO<\/a><\/h2>\n\n<div class=\"wp-block-post-excerpt\"><p class=\"wp-block-post-excerpt__excerpt\">THE INTRATONE &amp; KIBOLT BRAND AT THE SALON DE LA COPRO Intratone&#8217;s sales teams will be present at the 30th&hellip;<\/p><p class=\"wp-block-post-excerpt__more-text\"><a class=\"wp-block-post-excerpt__more-link\" href=\"https:\/\/www.cogelec.fr\/en\/event-salon-de-la-copro-2\/\">Read more<\/a><\/p><\/div><\/div><\/div>\n\n<\/li><li class=\"wp-block-post post-1310 post type-post status-publish format-standard has-post-thumbnail hentry category-headlines\">\n<figure class=\"wp-block-post-featured-image\"><a href=\"https:\/\/www.cogelec.fr\/en\/groupe-legrand-has-made-an-offer-to-take-over-cogelec\/\" target=\"_self\"  ><img decoding=\"async\" width=\"1772\" height=\"709\" src=\"https:\/\/www.cogelec.fr\/wp-content\/uploads\/2025\/07\/bloc-marques-noir.png\" class=\"attachment-post-thumbnail size-post-thumbnail wp-post-image\" alt=\"GROUPE LEGRAND has made an offer to take over COGELEC\" style=\"object-fit:cover;\" srcset=\"https:\/\/www.cogelec.fr\/wp-content\/uploads\/2025\/07\/bloc-marques-noir.png 1772w, https:\/\/www.cogelec.fr\/wp-content\/uploads\/2025\/07\/bloc-marques-noir-300x120.png 300w, https:\/\/www.cogelec.fr\/wp-content\/uploads\/2025\/07\/bloc-marques-noir-1024x410.png 1024w, https:\/\/www.cogelec.fr\/wp-content\/uploads\/2025\/07\/bloc-marques-noir-768x307.png 768w, https:\/\/www.cogelec.fr\/wp-content\/uploads\/2025\/07\/bloc-marques-noir-1536x615.png 1536w\" sizes=\"(max-width: 1772px) 100vw, 1772px\" \/><\/a><\/figure>\n\n\n<div class=\"wp-block-group\"><div class=\"wp-block-group__inner-container is-layout-constrained wp-block-group-is-layout-constrained\"><h2 class=\"wp-block-post-title\"><a href=\"https:\/\/www.cogelec.fr\/en\/groupe-legrand-has-made-an-offer-to-take-over-cogelec\/\" target=\"_self\" >GROUPE LEGRAND has made an offer to take over COGELEC<\/a><\/h2>\n\n<div class=\"wp-block-post-excerpt\"><p class=\"wp-block-post-excerpt__excerpt\"><\/p><p class=\"wp-block-post-excerpt__more-text\"><a class=\"wp-block-post-excerpt__more-link\" href=\"https:\/\/www.cogelec.fr\/en\/groupe-legrand-has-made-an-offer-to-take-over-cogelec\/\">Read more<\/a><\/p><\/div><\/div><\/div>\n\n<\/li><\/ul>\n\n<\/div>\n<\/div><\/div>\n<\/div>\n<\/div><\/div>\n\n\n\n<div class=\"wp-block-cover alignfull responsive-cover\"><img decoding=\"async\" width=\"1024\" height=\"330\" class=\"wp-block-cover__image-background wp-image-130 size-large\" alt=\"\" src=\"https:\/\/www.cogelec.fr\/wp-content\/uploads\/2025\/06\/Frame-48-1024x330.jpg\" data-object-fit=\"cover\" srcset=\"https:\/\/www.cogelec.fr\/wp-content\/uploads\/2025\/06\/Frame-48-1024x330.jpg 1024w, https:\/\/www.cogelec.fr\/wp-content\/uploads\/2025\/06\/Frame-48-300x97.jpg 300w, https:\/\/www.cogelec.fr\/wp-content\/uploads\/2025\/06\/Frame-48-768x247.jpg 768w, https:\/\/www.cogelec.fr\/wp-content\/uploads\/2025\/06\/Frame-48-1536x494.jpg 1536w, https:\/\/www.cogelec.fr\/wp-content\/uploads\/2025\/06\/Frame-48.jpg 1985w\" sizes=\"(max-width: 1024px) 100vw, 1024px\" \/><span aria-hidden=\"true\" class=\"wp-block-cover__background has-background-dim-100 has-background-dim wp-block-cover__gradient-background has-background-gradient\" style=\"background:linear-gradient(90deg,rgba(0,0,0,0.3) 34%,rgba(0,0,0,0) 100%)\"><\/span><div class=\"wp-block-cover__inner-container is-layout-constrained wp-block-cover-is-layout-constrained\">\n<h2 class=\"wp-block-heading has-text-align-left is-style-title-xl\">FIND US ON LINKEDIN<\/h2>\n\n\n\n<div class=\"wp-block-buttons is-layout-flex wp-block-buttons-is-layout-flex\">\n<div class=\"wp-block-button is-style-secondary\"><a class=\"wp-block-button__link wp-element-button\" href=\"https:\/\/gb.linkedin.com\/company\/cogelec-intratone\">FOLLOW US<\/a><\/div>\n<\/div>\n<\/div><\/div>\n","protected":false},"excerpt":{"rendered":"<p>COGELEC FRENCH MANUFACTURER OF WIRELESS INTERCOM AND VIGIK+\u00ae ACCESS CONTROL SYSTEMS Cogelec offers innovative solutions, specifically adapted to collective housing (social or private, parking lots, etc.). Cogelec&#8217;s many innovations quickly made it the French market leader in Vigik+\u00ae access control and wireless intercom systems. Building on this success, Cogelec turned its attention to export, and [&hellip;]<\/p>\n","protected":false},"author":1,"featured_media":0,"parent":0,"menu_order":46,"comment_status":"closed","ping_status":"closed","template":"","meta":{"inline_featured_image":false,"footnotes":""},"class_list":["post-1372","page","type-page","status-publish","hentry"],"yoast_head":"<!-- This site is optimized with the Yoast SEO plugin v26.9 - https:\/\/yoast.com\/product\/yoast-seo-wordpress\/ -->\n<title>Cogelec - Vigik\u00ae telephone intercoms and access control systems<\/title>\n<meta name=\"robots\" content=\"index, follow, max-snippet:-1, max-image-preview:large, max-video-preview:-1\" \/>\n<link rel=\"canonical\" href=\"https:\/\/www.cogelec.fr\/en\/\" \/>\n<meta property=\"og:locale\" content=\"en_US\" \/>\n<meta property=\"og:type\" content=\"article\" \/>\n<meta property=\"og:title\" content=\"Cogelec - Vigik\u00ae telephone intercoms and access control systems\" \/>\n<meta property=\"og:description\" content=\"COGELEC FRENCH MANUFACTURER OF WIRELESS INTERCOM AND VIGIK+\u00ae ACCESS CONTROL SYSTEMS Cogelec offers innovative solutions, specifically adapted to collective housing (social or private, parking lots, etc.). Cogelec&#8217;s many innovations quickly made it the French market leader in Vigik+\u00ae access control and wireless intercom systems. Building on this success, Cogelec turned its attention to export, and [&hellip;]\" \/>\n<meta property=\"og:url\" content=\"https:\/\/www.cogelec.fr\/en\/\" \/>\n<meta property=\"og:site_name\" content=\"Cogelec\" \/>\n<meta property=\"article:modified_time\" content=\"2026-02-05T10:56:26+00:00\" \/>\n<meta property=\"og:image\" content=\"https:\/\/www.cogelec.fr\/wp-content\/uploads\/2025\/06\/Frame-65.jpg\" \/>\n\t<meta property=\"og:image:width\" content=\"1920\" \/>\n\t<meta property=\"og:image:height\" content=\"486\" \/>\n\t<meta property=\"og:image:type\" content=\"image\/jpeg\" \/>\n<meta name=\"twitter:card\" content=\"summary_large_image\" \/>\n<meta name=\"twitter:label1\" content=\"Est. reading time\" \/>\n\t<meta name=\"twitter:data1\" content=\"2 minutes\" \/>\n<script type=\"application\/ld+json\" class=\"yoast-schema-graph\">{\"@context\":\"https:\/\/schema.org\",\"@graph\":[{\"@type\":\"WebPage\",\"@id\":\"https:\/\/www.cogelec.fr\/en\/\",\"url\":\"https:\/\/www.cogelec.fr\/en\/\",\"name\":\"Cogelec - Vigik\u00ae telephone intercoms and access control systems\",\"isPartOf\":{\"@id\":\"https:\/\/www.cogelec.fr\/#website\"},\"primaryImageOfPage\":{\"@id\":\"https:\/\/www.cogelec.fr\/en\/#primaryimage\"},\"image\":{\"@id\":\"https:\/\/www.cogelec.fr\/en\/#primaryimage\"},\"thumbnailUrl\":\"https:\/\/www.cogelec.fr\/wp-content\/uploads\/2025\/06\/Frame-65.jpg\",\"datePublished\":\"2025-06-30T06:29:56+00:00\",\"dateModified\":\"2026-02-05T10:56:26+00:00\",\"breadcrumb\":{\"@id\":\"https:\/\/www.cogelec.fr\/en\/#breadcrumb\"},\"inLanguage\":\"en-US\",\"potentialAction\":[{\"@type\":\"ReadAction\",\"target\":[\"https:\/\/www.cogelec.fr\/en\/\"]}]},{\"@type\":\"ImageObject\",\"inLanguage\":\"en-US\",\"@id\":\"https:\/\/www.cogelec.fr\/en\/#primaryimage\",\"url\":\"https:\/\/www.cogelec.fr\/wp-content\/uploads\/2025\/06\/Frame-65.jpg\",\"contentUrl\":\"https:\/\/www.cogelec.fr\/wp-content\/uploads\/2025\/06\/Frame-65.jpg\"},{\"@type\":\"BreadcrumbList\",\"@id\":\"https:\/\/www.cogelec.fr\/en\/#breadcrumb\",\"itemListElement\":[{\"@type\":\"ListItem\",\"position\":1,\"name\":\"Home\",\"item\":\"https:\/\/www.cogelec.fr\/en\/\"},{\"@type\":\"ListItem\",\"position\":2,\"name\":\"Home\"}]},{\"@type\":\"WebSite\",\"@id\":\"https:\/\/www.cogelec.fr\/#website\",\"url\":\"https:\/\/www.cogelec.fr\/\",\"name\":\"Cogelec\",\"description\":\"Interphones t\u00e9l\u00e9phoniques et contr\u00f4le d&#039;acc\u00e8s Vigik\u00ae\",\"publisher\":{\"@id\":\"https:\/\/www.cogelec.fr\/#organization\"},\"potentialAction\":[{\"@type\":\"SearchAction\",\"target\":{\"@type\":\"EntryPoint\",\"urlTemplate\":\"https:\/\/www.cogelec.fr\/?s={search_term_string}\"},\"query-input\":{\"@type\":\"PropertyValueSpecification\",\"valueRequired\":true,\"valueName\":\"search_term_string\"}}],\"inLanguage\":\"en-US\"},{\"@type\":\"Organization\",\"@id\":\"https:\/\/www.cogelec.fr\/#organization\",\"name\":\"Cogelec\",\"url\":\"https:\/\/www.cogelec.fr\/\",\"logo\":{\"@type\":\"ImageObject\",\"inLanguage\":\"en-US\",\"@id\":\"https:\/\/www.cogelec.fr\/#\/schema\/logo\/image\/\",\"url\":\"https:\/\/www.cogelec.fr\/wp-content\/uploads\/2025\/07\/logo-cogelec-black.svg\",\"contentUrl\":\"https:\/\/www.cogelec.fr\/wp-content\/uploads\/2025\/07\/logo-cogelec-black.svg\",\"caption\":\"Cogelec\"},\"image\":{\"@id\":\"https:\/\/www.cogelec.fr\/#\/schema\/logo\/image\/\"}}]}<\/script>\n<!-- \/ Yoast SEO plugin. -->","yoast_head_json":{"title":"Cogelec - Vigik\u00ae telephone intercoms and access control systems","robots":{"index":"index","follow":"follow","max-snippet":"max-snippet:-1","max-image-preview":"max-image-preview:large","max-video-preview":"max-video-preview:-1"},"canonical":"https:\/\/www.cogelec.fr\/en\/","og_locale":"en_US","og_type":"article","og_title":"Cogelec - Vigik\u00ae telephone intercoms and access control systems","og_description":"COGELEC FRENCH MANUFACTURER OF WIRELESS INTERCOM AND VIGIK+\u00ae ACCESS CONTROL SYSTEMS Cogelec offers innovative solutions, specifically adapted to collective housing (social or private, parking lots, etc.). Cogelec&#8217;s many innovations quickly made it the French market leader in Vigik+\u00ae access control and wireless intercom systems. Building on this success, Cogelec turned its attention to export, and [&hellip;]","og_url":"https:\/\/www.cogelec.fr\/en\/","og_site_name":"Cogelec","article_modified_time":"2026-02-05T10:56:26+00:00","og_image":[{"width":1920,"height":486,"url":"https:\/\/www.cogelec.fr\/wp-content\/uploads\/2025\/06\/Frame-65.jpg","type":"image\/jpeg"}],"twitter_card":"summary_large_image","twitter_misc":{"Est. reading time":"2 minutes"},"schema":{"@context":"https:\/\/schema.org","@graph":[{"@type":"WebPage","@id":"https:\/\/www.cogelec.fr\/en\/","url":"https:\/\/www.cogelec.fr\/en\/","name":"Cogelec - Vigik\u00ae telephone intercoms and access control systems","isPartOf":{"@id":"https:\/\/www.cogelec.fr\/#website"},"primaryImageOfPage":{"@id":"https:\/\/www.cogelec.fr\/en\/#primaryimage"},"image":{"@id":"https:\/\/www.cogelec.fr\/en\/#primaryimage"},"thumbnailUrl":"https:\/\/www.cogelec.fr\/wp-content\/uploads\/2025\/06\/Frame-65.jpg","datePublished":"2025-06-30T06:29:56+00:00","dateModified":"2026-02-05T10:56:26+00:00","breadcrumb":{"@id":"https:\/\/www.cogelec.fr\/en\/#breadcrumb"},"inLanguage":"en-US","potentialAction":[{"@type":"ReadAction","target":["https:\/\/www.cogelec.fr\/en\/"]}]},{"@type":"ImageObject","inLanguage":"en-US","@id":"https:\/\/www.cogelec.fr\/en\/#primaryimage","url":"https:\/\/www.cogelec.fr\/wp-content\/uploads\/2025\/06\/Frame-65.jpg","contentUrl":"https:\/\/www.cogelec.fr\/wp-content\/uploads\/2025\/06\/Frame-65.jpg"},{"@type":"BreadcrumbList","@id":"https:\/\/www.cogelec.fr\/en\/#breadcrumb","itemListElement":[{"@type":"ListItem","position":1,"name":"Home","item":"https:\/\/www.cogelec.fr\/en\/"},{"@type":"ListItem","position":2,"name":"Home"}]},{"@type":"WebSite","@id":"https:\/\/www.cogelec.fr\/#website","url":"https:\/\/www.cogelec.fr\/","name":"Cogelec","description":"Interphones t\u00e9l\u00e9phoniques et contr\u00f4le d&#039;acc\u00e8s Vigik\u00ae","publisher":{"@id":"https:\/\/www.cogelec.fr\/#organization"},"potentialAction":[{"@type":"SearchAction","target":{"@type":"EntryPoint","urlTemplate":"https:\/\/www.cogelec.fr\/?s={search_term_string}"},"query-input":{"@type":"PropertyValueSpecification","valueRequired":true,"valueName":"search_term_string"}}],"inLanguage":"en-US"},{"@type":"Organization","@id":"https:\/\/www.cogelec.fr\/#organization","name":"Cogelec","url":"https:\/\/www.cogelec.fr\/","logo":{"@type":"ImageObject","inLanguage":"en-US","@id":"https:\/\/www.cogelec.fr\/#\/schema\/logo\/image\/","url":"https:\/\/www.cogelec.fr\/wp-content\/uploads\/2025\/07\/logo-cogelec-black.svg","contentUrl":"https:\/\/www.cogelec.fr\/wp-content\/uploads\/2025\/07\/logo-cogelec-black.svg","caption":"Cogelec"},"image":{"@id":"https:\/\/www.cogelec.fr\/#\/schema\/logo\/image\/"}}]}},"_links":{"self":[{"href":"https:\/\/www.cogelec.fr\/en\/wp-json\/wp\/v2\/pages\/1372","targetHints":{"allow":["GET"]}}],"collection":[{"href":"https:\/\/www.cogelec.fr\/en\/wp-json\/wp\/v2\/pages"}],"about":[{"href":"https:\/\/www.cogelec.fr\/en\/wp-json\/wp\/v2\/types\/page"}],"author":[{"embeddable":true,"href":"https:\/\/www.cogelec.fr\/en\/wp-json\/wp\/v2\/users\/1"}],"replies":[{"embeddable":true,"href":"https:\/\/www.cogelec.fr\/en\/wp-json\/wp\/v2\/comments?post=1372"}],"version-history":[{"count":6,"href":"https:\/\/www.cogelec.fr\/en\/wp-json\/wp\/v2\/pages\/1372\/revisions"}],"predecessor-version":[{"id":1598,"href":"https:\/\/www.cogelec.fr\/en\/wp-json\/wp\/v2\/pages\/1372\/revisions\/1598"}],"wp:attachment":[{"href":"https:\/\/www.cogelec.fr\/en\/wp-json\/wp\/v2\/media?parent=1372"}],"curies":[{"name":"wp","href":"https:\/\/api.w.org\/{rel}","templated":true}]}}