{"id":1381,"date":"2025-07-23T16:56:48","date_gmt":"2025-07-23T14:56:48","guid":{"rendered":"https:\/\/www.cogelec.fr\/our-job-offers\/"},"modified":"2026-01-14T14:24:08","modified_gmt":"2026-01-14T13:24:08","slug":"our-job-offers","status":"publish","type":"page","link":"https:\/\/www.cogelec.fr\/en\/our-job-offers\/","title":{"rendered":"Our job offers"},"content":{"rendered":"\n<div class=\"wp-block-group alignwide job-list\" data-aos=\"fade-up\"><div class=\"wp-block-group__inner-container is-layout-constrained wp-block-group-is-layout-constrained\">\n<div class=\"wp-block-query alignwide is-layout-flow wp-block-query-is-layout-flow\">\n<div class=\"wp-block-group job-filter is-layout-flex wp-block-group-is-layout-flex\"><div class=\"a3qf-filter-block\"><label>Localisation<\/label><select class=\"a3qf-filter-block-select\" name=\"lieux\"><option value=\"\">See all<\/option><option value=\"mortagne-sur-sevre\">Mortagne-sur-S\u00e8vre<\/option><option value=\"nantes\">Nantes<\/option><option value=\"paris\">Paris<\/option><\/select><\/div>\n\n<div class=\"a3qf-filter-block\"><label>Type de contrat<\/label><select class=\"a3qf-filter-block-select\" name=\"type_de_poste\"><option value=\"\">See all<\/option><option value=\"alternance\">Alternance<\/option><option value=\"cdi\">CDI<\/option><\/select><\/div><\/div>\n\n\n<ul class=\"wp-block-post-template is-layout-flow wp-block-post-template-is-layout-flow\"><li class=\"wp-block-post post-1722 a3web_offre_emploi type-a3web_offre_emploi status-publish hentry lieux-mortagne-sur-sevre type_de_poste-alternance\">\n\n<div class=\"wp-block-columns alignfull is-layout-flex wp-container-core-columns-is-layout-9d6595d7 wp-block-columns-is-layout-flex\">\n<div class=\"wp-block-column is-layout-flow wp-block-column-is-layout-flow\" style=\"flex-basis:70%\"><h1 class=\"wp-block-post-title\"><a href=\"https:\/\/www.cogelec.fr\/en\/offres-emploi\/technicien-electronique-sav-f-h\/\" target=\"_self\" >Technicien \u00e9lectronique SAV F\/H<\/a><\/h1>\n\n\n<div class=\"wp-block-group is-content-justification-space-between is-layout-flex wp-container-core-group-is-layout-e3bc7287 wp-block-group-is-layout-flex\"><p class=\"a3web-jobs-meta type\">Alternance<\/p>\n\n<div class=\"taxonomy-lieux wp-block-post-terms\"><a href=\"https:\/\/www.cogelec.fr\/en\/lieux\/mortagne-sur-sevre\/\" rel=\"tag\">Mortagne-sur-S\u00e8vre<\/a><\/div>\n\n<p class=\"a3web-jobs-meta contract\">Temps plein<\/p><\/div>\n<\/div>\n\n\n\n<div class=\"wp-block-column is-layout-flow wp-block-column-is-layout-flow\" style=\"flex-basis:50%\"><div class=\"has-text-align-center wp-block-post-excerpt\"><p class=\"wp-block-post-excerpt__excerpt\"><\/p><p class=\"wp-block-post-excerpt__more-text\"><a class=\"wp-block-post-excerpt__more-link\" href=\"https:\/\/www.cogelec.fr\/en\/offres-emploi\/technicien-electronique-sav-f-h\/\">See the offer<\/a><\/p><\/div><\/div>\n<\/div>\n\n<\/li><li class=\"wp-block-post post-1721 a3web_offre_emploi type-a3web_offre_emploi status-publish hentry lieux-mortagne-sur-sevre type_de_poste-alternance\">\n\n<div class=\"wp-block-columns alignfull is-layout-flex wp-container-core-columns-is-layout-9d6595d7 wp-block-columns-is-layout-flex\">\n<div class=\"wp-block-column is-layout-flow wp-block-column-is-layout-flow\" style=\"flex-basis:70%\"><h1 class=\"wp-block-post-title\"><a href=\"https:\/\/www.cogelec.fr\/en\/offres-emploi\/ingenieur-qualite-securite-environnement-f-h\/\" target=\"_self\" >Ing\u00e9nieur Qualit\u00e9 S\u00e9curit\u00e9 Environnement F\/H<\/a><\/h1>\n\n\n<div class=\"wp-block-group is-content-justification-space-between is-layout-flex wp-container-core-group-is-layout-e3bc7287 wp-block-group-is-layout-flex\"><p class=\"a3web-jobs-meta type\">Alternance<\/p>\n\n<div class=\"taxonomy-lieux wp-block-post-terms\"><a href=\"https:\/\/www.cogelec.fr\/en\/lieux\/mortagne-sur-sevre\/\" rel=\"tag\">Mortagne-sur-S\u00e8vre<\/a><\/div>\n\n<p class=\"a3web-jobs-meta contract\">Temps plein<\/p><\/div>\n<\/div>\n\n\n\n<div class=\"wp-block-column is-layout-flow wp-block-column-is-layout-flow\" style=\"flex-basis:50%\"><div class=\"has-text-align-center wp-block-post-excerpt\"><p class=\"wp-block-post-excerpt__excerpt\"><\/p><p class=\"wp-block-post-excerpt__more-text\"><a class=\"wp-block-post-excerpt__more-link\" href=\"https:\/\/www.cogelec.fr\/en\/offres-emploi\/ingenieur-qualite-securite-environnement-f-h\/\">See the offer<\/a><\/p><\/div><\/div>\n<\/div>\n\n<\/li><li class=\"wp-block-post post-1720 a3web_offre_emploi type-a3web_offre_emploi status-publish hentry lieux-mortagne-sur-sevre type_de_poste-alternance\">\n\n<div class=\"wp-block-columns alignfull is-layout-flex wp-container-core-columns-is-layout-9d6595d7 wp-block-columns-is-layout-flex\">\n<div class=\"wp-block-column is-layout-flow wp-block-column-is-layout-flow\" style=\"flex-basis:70%\"><h1 class=\"wp-block-post-title\"><a href=\"https:\/\/www.cogelec.fr\/en\/offres-emploi\/commercial-sedentaire-f-h\/\" target=\"_self\" >Commercial s\u00e9dentaire F\/H<\/a><\/h1>\n\n\n<div class=\"wp-block-group is-content-justification-space-between is-layout-flex wp-container-core-group-is-layout-e3bc7287 wp-block-group-is-layout-flex\"><p class=\"a3web-jobs-meta type\">Alternance<\/p>\n\n<div class=\"taxonomy-lieux wp-block-post-terms\"><a href=\"https:\/\/www.cogelec.fr\/en\/lieux\/mortagne-sur-sevre\/\" rel=\"tag\">Mortagne-sur-S\u00e8vre<\/a><\/div>\n\n<p class=\"a3web-jobs-meta contract\">Temps plein<\/p><\/div>\n<\/div>\n\n\n\n<div class=\"wp-block-column is-layout-flow wp-block-column-is-layout-flow\" style=\"flex-basis:50%\"><div class=\"has-text-align-center wp-block-post-excerpt\"><p class=\"wp-block-post-excerpt__excerpt\"><\/p><p class=\"wp-block-post-excerpt__more-text\"><a class=\"wp-block-post-excerpt__more-link\" href=\"https:\/\/www.cogelec.fr\/en\/offres-emploi\/commercial-sedentaire-f-h\/\">See the offer<\/a><\/p><\/div><\/div>\n<\/div>\n\n<\/li><li class=\"wp-block-post post-1707 a3web_offre_emploi type-a3web_offre_emploi status-publish hentry lieux-paris type_de_poste-cdi\">\n\n<div class=\"wp-block-columns alignfull is-layout-flex wp-container-core-columns-is-layout-9d6595d7 wp-block-columns-is-layout-flex\">\n<div class=\"wp-block-column is-layout-flow wp-block-column-is-layout-flow\" style=\"flex-basis:70%\"><h1 class=\"wp-block-post-title\"><a href=\"https:\/\/www.cogelec.fr\/en\/offres-emploi\/technicien-sav-formateur-produits-itinerant-f-h\/\" target=\"_self\" >Technicien SAV &amp; Formateur Produits \u2013 Itin\u00e9rant F\/H<\/a><\/h1>\n\n\n<div class=\"wp-block-group is-content-justification-space-between is-layout-flex wp-container-core-group-is-layout-e3bc7287 wp-block-group-is-layout-flex\"><p class=\"a3web-jobs-meta type\">CDI<\/p>\n\n<div class=\"taxonomy-lieux wp-block-post-terms\"><a href=\"https:\/\/www.cogelec.fr\/en\/lieux\/paris\/\" rel=\"tag\">Paris<\/a><\/div>\n\n<p class=\"a3web-jobs-meta contract\">Temps plein<\/p><\/div>\n<\/div>\n\n\n\n<div class=\"wp-block-column is-layout-flow wp-block-column-is-layout-flow\" style=\"flex-basis:50%\"><div class=\"has-text-align-center wp-block-post-excerpt\"><p class=\"wp-block-post-excerpt__excerpt\"><\/p><p class=\"wp-block-post-excerpt__more-text\"><a class=\"wp-block-post-excerpt__more-link\" href=\"https:\/\/www.cogelec.fr\/en\/offres-emploi\/technicien-sav-formateur-produits-itinerant-f-h\/\">See the offer<\/a><\/p><\/div><\/div>\n<\/div>\n\n<\/li><li class=\"wp-block-post post-1670 a3web_offre_emploi type-a3web_offre_emploi status-publish hentry lieux-mortagne-sur-sevre type_de_poste-cdi\">\n\n<div class=\"wp-block-columns alignfull is-layout-flex wp-container-core-columns-is-layout-9d6595d7 wp-block-columns-is-layout-flex\">\n<div class=\"wp-block-column is-layout-flow wp-block-column-is-layout-flow\" style=\"flex-basis:70%\"><h1 class=\"wp-block-post-title\"><a href=\"https:\/\/www.cogelec.fr\/en\/offres-emploi\/commercial-sedentaire-b-to-b-f-h\/\" target=\"_self\" >Commercial s\u00e9dentaire B to B F\/H<\/a><\/h1>\n\n\n<div class=\"wp-block-group is-content-justification-space-between is-layout-flex wp-container-core-group-is-layout-e3bc7287 wp-block-group-is-layout-flex\"><p class=\"a3web-jobs-meta type\">CDI<\/p>\n\n<div class=\"taxonomy-lieux wp-block-post-terms\"><a href=\"https:\/\/www.cogelec.fr\/en\/lieux\/mortagne-sur-sevre\/\" rel=\"tag\">Mortagne-sur-S\u00e8vre<\/a><\/div>\n\n<p class=\"a3web-jobs-meta contract\">Temps plein<\/p><\/div>\n<\/div>\n\n\n\n<div class=\"wp-block-column is-layout-flow wp-block-column-is-layout-flow\" style=\"flex-basis:50%\"><div class=\"has-text-align-center wp-block-post-excerpt\"><p class=\"wp-block-post-excerpt__excerpt\"><\/p><p class=\"wp-block-post-excerpt__more-text\"><a class=\"wp-block-post-excerpt__more-link\" href=\"https:\/\/www.cogelec.fr\/en\/offres-emploi\/commercial-sedentaire-b-to-b-f-h\/\">See the offer<\/a><\/p><\/div><\/div>\n<\/div>\n\n<\/li><li class=\"wp-block-post post-1296 a3web_offre_emploi type-a3web_offre_emploi status-publish hentry lieux-nantes type_de_poste-cdi\">\n\n<div class=\"wp-block-columns alignfull is-layout-flex wp-container-core-columns-is-layout-9d6595d7 wp-block-columns-is-layout-flex\">\n<div class=\"wp-block-column is-layout-flow wp-block-column-is-layout-flow\" style=\"flex-basis:70%\"><h1 class=\"wp-block-post-title\"><a href=\"https:\/\/www.cogelec.fr\/en\/offres-emploi\/administrateur-systemes-et-reseaux-f-h\/\" target=\"_self\" >Administrateur syst\u00e8mes et r\u00e9seaux F\/H<\/a><\/h1>\n\n\n<div class=\"wp-block-group is-content-justification-space-between is-layout-flex wp-container-core-group-is-layout-e3bc7287 wp-block-group-is-layout-flex\"><p class=\"a3web-jobs-meta type\">CDI<\/p>\n\n<div class=\"taxonomy-lieux wp-block-post-terms\"><a href=\"https:\/\/www.cogelec.fr\/en\/lieux\/nantes\/\" rel=\"tag\">Nantes<\/a><\/div>\n\n<p class=\"a3web-jobs-meta contract\">Temps plein<\/p><\/div>\n<\/div>\n\n\n\n<div class=\"wp-block-column is-layout-flow wp-block-column-is-layout-flow\" style=\"flex-basis:50%\"><div class=\"has-text-align-center wp-block-post-excerpt\"><p class=\"wp-block-post-excerpt__excerpt\"><\/p><p class=\"wp-block-post-excerpt__more-text\"><a class=\"wp-block-post-excerpt__more-link\" href=\"https:\/\/www.cogelec.fr\/en\/offres-emploi\/administrateur-systemes-et-reseaux-f-h\/\">See the offer<\/a><\/p><\/div><\/div>\n<\/div>\n\n<\/li><li class=\"wp-block-post post-1294 a3web_offre_emploi type-a3web_offre_emploi status-publish hentry lieux-nantes type_de_poste-cdi\">\n\n<div class=\"wp-block-columns alignfull is-layout-flex wp-container-core-columns-is-layout-9d6595d7 wp-block-columns-is-layout-flex\">\n<div class=\"wp-block-column is-layout-flow wp-block-column-is-layout-flow\" style=\"flex-basis:70%\"><h1 class=\"wp-block-post-title\"><a href=\"https:\/\/www.cogelec.fr\/en\/offres-emploi\/responsable-infra-cloud-f-h\/\" target=\"_self\" >Responsable Infra Cloud F\/H<\/a><\/h1>\n\n\n<div class=\"wp-block-group is-content-justification-space-between is-layout-flex wp-container-core-group-is-layout-e3bc7287 wp-block-group-is-layout-flex\"><p class=\"a3web-jobs-meta type\">CDI<\/p>\n\n<div class=\"taxonomy-lieux wp-block-post-terms\"><a href=\"https:\/\/www.cogelec.fr\/en\/lieux\/nantes\/\" rel=\"tag\">Nantes<\/a><\/div>\n\n<p class=\"a3web-jobs-meta contract\">Temps plein<\/p><\/div>\n<\/div>\n\n\n\n<div class=\"wp-block-column is-layout-flow wp-block-column-is-layout-flow\" style=\"flex-basis:50%\"><div class=\"has-text-align-center wp-block-post-excerpt\"><p class=\"wp-block-post-excerpt__excerpt\"><\/p><p class=\"wp-block-post-excerpt__more-text\"><a class=\"wp-block-post-excerpt__more-link\" href=\"https:\/\/www.cogelec.fr\/en\/offres-emploi\/responsable-infra-cloud-f-h\/\">See the offer<\/a><\/p><\/div><\/div>\n<\/div>\n\n<\/li><li class=\"wp-block-post post-1240 a3web_offre_emploi type-a3web_offre_emploi status-publish hentry lieux-mortagne-sur-sevre type_de_poste-cdi\">\n\n<div class=\"wp-block-columns alignfull is-layout-flex wp-container-core-columns-is-layout-9d6595d7 wp-block-columns-is-layout-flex\">\n<div class=\"wp-block-column is-layout-flow wp-block-column-is-layout-flow\" style=\"flex-basis:70%\"><h1 class=\"wp-block-post-title\"><a href=\"https:\/\/www.cogelec.fr\/en\/offres-emploi\/charge-de-support-technique-f-h\/\" target=\"_self\" >T\u00e9l\u00e9conseiller F\/H<\/a><\/h1>\n\n\n<div class=\"wp-block-group is-content-justification-space-between is-layout-flex wp-container-core-group-is-layout-e3bc7287 wp-block-group-is-layout-flex\"><p class=\"a3web-jobs-meta type\">CDI<\/p>\n\n<div class=\"taxonomy-lieux wp-block-post-terms\"><a href=\"https:\/\/www.cogelec.fr\/en\/lieux\/mortagne-sur-sevre\/\" rel=\"tag\">Mortagne-sur-S\u00e8vre<\/a><\/div>\n\n<p class=\"a3web-jobs-meta contract\">Temps plein<\/p><\/div>\n<\/div>\n\n\n\n<div class=\"wp-block-column is-layout-flow wp-block-column-is-layout-flow\" style=\"flex-basis:50%\"><div class=\"has-text-align-center wp-block-post-excerpt\"><p class=\"wp-block-post-excerpt__excerpt\"><\/p><p class=\"wp-block-post-excerpt__more-text\"><a class=\"wp-block-post-excerpt__more-link\" href=\"https:\/\/www.cogelec.fr\/en\/offres-emploi\/charge-de-support-technique-f-h\/\">See the offer<\/a><\/p><\/div><\/div>\n<\/div>\n\n<\/li><\/ul>\n\n\n\n<\/div>\n<\/div><\/div>\n","protected":false},"excerpt":{"rendered":"","protected":false},"author":2,"featured_media":0,"parent":0,"menu_order":12,"comment_status":"closed","ping_status":"closed","template":"","meta":{"inline_featured_image":false,"footnotes":""},"class_list":["post-1381","page","type-page","status-publish","hentry"],"yoast_head":"<!-- This site is optimized with the Yoast SEO plugin v26.9 - https:\/\/yoast.com\/product\/yoast-seo-wordpress\/ -->\n<title>Our job offers - Cogelec<\/title>\n<meta name=\"robots\" content=\"index, follow, max-snippet:-1, max-image-preview:large, max-video-preview:-1\" \/>\n<link rel=\"canonical\" href=\"https:\/\/www.cogelec.fr\/en\/our-job-offers\/\" \/>\n<meta property=\"og:locale\" content=\"en_US\" \/>\n<meta property=\"og:type\" content=\"article\" \/>\n<meta property=\"og:title\" content=\"Our job offers - Cogelec\" \/>\n<meta property=\"og:url\" content=\"https:\/\/www.cogelec.fr\/en\/our-job-offers\/\" \/>\n<meta property=\"og:site_name\" content=\"Cogelec\" \/>\n<meta property=\"article:modified_time\" content=\"2026-01-14T13:24:08+00:00\" \/>\n<meta name=\"twitter:card\" content=\"summary_large_image\" \/>\n<script type=\"application\/ld+json\" class=\"yoast-schema-graph\">{\"@context\":\"https:\/\/schema.org\",\"@graph\":[{\"@type\":\"WebPage\",\"@id\":\"https:\/\/www.cogelec.fr\/en\/our-job-offers\/\",\"url\":\"https:\/\/www.cogelec.fr\/en\/our-job-offers\/\",\"name\":\"Our job offers - Cogelec\",\"isPartOf\":{\"@id\":\"https:\/\/www.cogelec.fr\/#website\"},\"datePublished\":\"2025-07-23T14:56:48+00:00\",\"dateModified\":\"2026-01-14T13:24:08+00:00\",\"breadcrumb\":{\"@id\":\"https:\/\/www.cogelec.fr\/en\/our-job-offers\/#breadcrumb\"},\"inLanguage\":\"en-US\",\"potentialAction\":[{\"@type\":\"ReadAction\",\"target\":[\"https:\/\/www.cogelec.fr\/en\/our-job-offers\/\"]}]},{\"@type\":\"BreadcrumbList\",\"@id\":\"https:\/\/www.cogelec.fr\/en\/our-job-offers\/#breadcrumb\",\"itemListElement\":[{\"@type\":\"ListItem\",\"position\":1,\"name\":\"Home\",\"item\":\"https:\/\/www.cogelec.fr\/en\/\"},{\"@type\":\"ListItem\",\"position\":2,\"name\":\"Our job offers\"}]},{\"@type\":\"WebSite\",\"@id\":\"https:\/\/www.cogelec.fr\/#website\",\"url\":\"https:\/\/www.cogelec.fr\/\",\"name\":\"Cogelec\",\"description\":\"Interphones t\u00e9l\u00e9phoniques et contr\u00f4le d&#039;acc\u00e8s Vigik\u00ae\",\"publisher\":{\"@id\":\"https:\/\/www.cogelec.fr\/#organization\"},\"potentialAction\":[{\"@type\":\"SearchAction\",\"target\":{\"@type\":\"EntryPoint\",\"urlTemplate\":\"https:\/\/www.cogelec.fr\/?s={search_term_string}\"},\"query-input\":{\"@type\":\"PropertyValueSpecification\",\"valueRequired\":true,\"valueName\":\"search_term_string\"}}],\"inLanguage\":\"en-US\"},{\"@type\":\"Organization\",\"@id\":\"https:\/\/www.cogelec.fr\/#organization\",\"name\":\"Cogelec\",\"url\":\"https:\/\/www.cogelec.fr\/\",\"logo\":{\"@type\":\"ImageObject\",\"inLanguage\":\"en-US\",\"@id\":\"https:\/\/www.cogelec.fr\/#\/schema\/logo\/image\/\",\"url\":\"https:\/\/www.cogelec.fr\/wp-content\/uploads\/2025\/07\/logo-cogelec-black.svg\",\"contentUrl\":\"https:\/\/www.cogelec.fr\/wp-content\/uploads\/2025\/07\/logo-cogelec-black.svg\",\"caption\":\"Cogelec\"},\"image\":{\"@id\":\"https:\/\/www.cogelec.fr\/#\/schema\/logo\/image\/\"}}]}<\/script>\n<!-- \/ Yoast SEO plugin. -->","yoast_head_json":{"title":"Our job offers - Cogelec","robots":{"index":"index","follow":"follow","max-snippet":"max-snippet:-1","max-image-preview":"max-image-preview:large","max-video-preview":"max-video-preview:-1"},"canonical":"https:\/\/www.cogelec.fr\/en\/our-job-offers\/","og_locale":"en_US","og_type":"article","og_title":"Our job offers - Cogelec","og_url":"https:\/\/www.cogelec.fr\/en\/our-job-offers\/","og_site_name":"Cogelec","article_modified_time":"2026-01-14T13:24:08+00:00","twitter_card":"summary_large_image","schema":{"@context":"https:\/\/schema.org","@graph":[{"@type":"WebPage","@id":"https:\/\/www.cogelec.fr\/en\/our-job-offers\/","url":"https:\/\/www.cogelec.fr\/en\/our-job-offers\/","name":"Our job offers - Cogelec","isPartOf":{"@id":"https:\/\/www.cogelec.fr\/#website"},"datePublished":"2025-07-23T14:56:48+00:00","dateModified":"2026-01-14T13:24:08+00:00","breadcrumb":{"@id":"https:\/\/www.cogelec.fr\/en\/our-job-offers\/#breadcrumb"},"inLanguage":"en-US","potentialAction":[{"@type":"ReadAction","target":["https:\/\/www.cogelec.fr\/en\/our-job-offers\/"]}]},{"@type":"BreadcrumbList","@id":"https:\/\/www.cogelec.fr\/en\/our-job-offers\/#breadcrumb","itemListElement":[{"@type":"ListItem","position":1,"name":"Home","item":"https:\/\/www.cogelec.fr\/en\/"},{"@type":"ListItem","position":2,"name":"Our job offers"}]},{"@type":"WebSite","@id":"https:\/\/www.cogelec.fr\/#website","url":"https:\/\/www.cogelec.fr\/","name":"Cogelec","description":"Interphones t\u00e9l\u00e9phoniques et contr\u00f4le d&#039;acc\u00e8s Vigik\u00ae","publisher":{"@id":"https:\/\/www.cogelec.fr\/#organization"},"potentialAction":[{"@type":"SearchAction","target":{"@type":"EntryPoint","urlTemplate":"https:\/\/www.cogelec.fr\/?s={search_term_string}"},"query-input":{"@type":"PropertyValueSpecification","valueRequired":true,"valueName":"search_term_string"}}],"inLanguage":"en-US"},{"@type":"Organization","@id":"https:\/\/www.cogelec.fr\/#organization","name":"Cogelec","url":"https:\/\/www.cogelec.fr\/","logo":{"@type":"ImageObject","inLanguage":"en-US","@id":"https:\/\/www.cogelec.fr\/#\/schema\/logo\/image\/","url":"https:\/\/www.cogelec.fr\/wp-content\/uploads\/2025\/07\/logo-cogelec-black.svg","contentUrl":"https:\/\/www.cogelec.fr\/wp-content\/uploads\/2025\/07\/logo-cogelec-black.svg","caption":"Cogelec"},"image":{"@id":"https:\/\/www.cogelec.fr\/#\/schema\/logo\/image\/"}}]}},"_links":{"self":[{"href":"https:\/\/www.cogelec.fr\/en\/wp-json\/wp\/v2\/pages\/1381","targetHints":{"allow":["GET"]}}],"collection":[{"href":"https:\/\/www.cogelec.fr\/en\/wp-json\/wp\/v2\/pages"}],"about":[{"href":"https:\/\/www.cogelec.fr\/en\/wp-json\/wp\/v2\/types\/page"}],"author":[{"embeddable":true,"href":"https:\/\/www.cogelec.fr\/en\/wp-json\/wp\/v2\/users\/2"}],"replies":[{"embeddable":true,"href":"https:\/\/www.cogelec.fr\/en\/wp-json\/wp\/v2\/comments?post=1381"}],"version-history":[{"count":2,"href":"https:\/\/www.cogelec.fr\/en\/wp-json\/wp\/v2\/pages\/1381\/revisions"}],"predecessor-version":[{"id":1383,"href":"https:\/\/www.cogelec.fr\/en\/wp-json\/wp\/v2\/pages\/1381\/revisions\/1383"}],"wp:attachment":[{"href":"https:\/\/www.cogelec.fr\/en\/wp-json\/wp\/v2\/media?parent=1381"}],"curies":[{"name":"wp","href":"https:\/\/api.w.org\/{rel}","templated":true}]}}