{"id":1384,"date":"2025-07-23T16:58:10","date_gmt":"2025-07-23T14:58:10","guid":{"rendered":"https:\/\/www.cogelec.fr\/discover-us\/"},"modified":"2026-02-03T15:17:47","modified_gmt":"2026-02-03T14:17:47","slug":"discover-us","status":"publish","type":"page","link":"https:\/\/www.cogelec.fr\/en\/discover-us\/","title":{"rendered":"Discover us"},"content":{"rendered":"\n<h1 class=\"wp-block-heading\">Welcome to Cogelec!<\/h1>\n\n<div class=\"wp-block-getwid-images-slider has-arrows-inside has-dots-outside is-carousel has-slides-gap-normal has-images-center has-cropped-images has-fixed-height\"><div class=\"wp-block-getwid-images-slider__wrapper\" data-effect=\"slide\" data-slides-show=\"3\" data-slides-show-laptop=\"3\" data-slides-show-tablet=\"3\" data-slides-show-mobile=\"2\" data-slides-scroll=\"1\" data-autoplay=\"false\" data-pause-hover=\"false\" data-autoplay-speed=\"6000\" data-infinite=\"true\" data-animation-speed=\"800\" data-center-mode=\"false\" data-variable-width=\"false\" data-arrows=\"inside\" data-dots=\"outside\" data-spacing=\"normal\"><div class=\"wp-block-getwid-images-slider__item\" style=\"height:240px\"><figure><img decoding=\"async\" width=\"2560\" height=\"1707\" src=\"https:\/\/www.cogelec.fr\/wp-content\/uploads\/2025\/07\/4Y8A7885-scaled.jpg\" data-id=\"647\" data-link=\"https:\/\/www.cogelec.fr\/accueil\/4y8a7885\/\" data-original-link=\"https:\/\/www.cogelec.fr\/wp-content\/uploads\/2025\/07\/4Y8A7885-scaled.jpg\" class=\"wp-block-getwid-images-slider__image wp-image-647\" srcset=\"https:\/\/www.cogelec.fr\/wp-content\/uploads\/2025\/07\/4Y8A7885-scaled.jpg 2560w, https:\/\/www.cogelec.fr\/wp-content\/uploads\/2025\/07\/4Y8A7885-300x200.jpg 300w, https:\/\/www.cogelec.fr\/wp-content\/uploads\/2025\/07\/4Y8A7885-1024x683.jpg 1024w, https:\/\/www.cogelec.fr\/wp-content\/uploads\/2025\/07\/4Y8A7885-768x512.jpg 768w, https:\/\/www.cogelec.fr\/wp-content\/uploads\/2025\/07\/4Y8A7885-1536x1024.jpg 1536w, https:\/\/www.cogelec.fr\/wp-content\/uploads\/2025\/07\/4Y8A7885-2048x1365.jpg 2048w\" sizes=\"(max-width: 2560px) 100vw, 2560px\" \/><\/figure><\/div><div class=\"wp-block-getwid-images-slider__item\" style=\"height:240px\"><figure><img decoding=\"async\" width=\"2560\" height=\"1707\" src=\"https:\/\/www.cogelec.fr\/wp-content\/uploads\/2025\/07\/4Y8A7267-scaled.jpg\" data-id=\"1085\" data-link=\"https:\/\/www.cogelec.fr\/decouvrez-nos-metiers\/4y8a7267\/\" data-original-link=\"https:\/\/www.cogelec.fr\/wp-content\/uploads\/2025\/07\/4Y8A7267-scaled.jpg\" class=\"wp-block-getwid-images-slider__image wp-image-1085\" srcset=\"https:\/\/www.cogelec.fr\/wp-content\/uploads\/2025\/07\/4Y8A7267-scaled.jpg 2560w, https:\/\/www.cogelec.fr\/wp-content\/uploads\/2025\/07\/4Y8A7267-300x200.jpg 300w, https:\/\/www.cogelec.fr\/wp-content\/uploads\/2025\/07\/4Y8A7267-1024x683.jpg 1024w, https:\/\/www.cogelec.fr\/wp-content\/uploads\/2025\/07\/4Y8A7267-768x512.jpg 768w, https:\/\/www.cogelec.fr\/wp-content\/uploads\/2025\/07\/4Y8A7267-1536x1024.jpg 1536w, https:\/\/www.cogelec.fr\/wp-content\/uploads\/2025\/07\/4Y8A7267-2048x1365.jpg 2048w\" sizes=\"(max-width: 2560px) 100vw, 2560px\" \/><\/figure><\/div><div class=\"wp-block-getwid-images-slider__item\" style=\"height:240px\"><figure><img decoding=\"async\" width=\"2560\" height=\"1707\" src=\"https:\/\/www.cogelec.fr\/wp-content\/uploads\/2025\/07\/4Y8A7795-scaled.jpg\" data-id=\"1087\" data-link=\"https:\/\/www.cogelec.fr\/decouvrez-nos-metiers\/4y8a7795\/\" data-original-link=\"https:\/\/www.cogelec.fr\/wp-content\/uploads\/2025\/07\/4Y8A7795-scaled.jpg\" class=\"wp-block-getwid-images-slider__image wp-image-1087\" srcset=\"https:\/\/www.cogelec.fr\/wp-content\/uploads\/2025\/07\/4Y8A7795-scaled.jpg 2560w, https:\/\/www.cogelec.fr\/wp-content\/uploads\/2025\/07\/4Y8A7795-300x200.jpg 300w, https:\/\/www.cogelec.fr\/wp-content\/uploads\/2025\/07\/4Y8A7795-1024x683.jpg 1024w, https:\/\/www.cogelec.fr\/wp-content\/uploads\/2025\/07\/4Y8A7795-768x512.jpg 768w, https:\/\/www.cogelec.fr\/wp-content\/uploads\/2025\/07\/4Y8A7795-1536x1024.jpg 1536w, https:\/\/www.cogelec.fr\/wp-content\/uploads\/2025\/07\/4Y8A7795-2048x1365.jpg 2048w\" sizes=\"(max-width: 2560px) 100vw, 2560px\" \/><\/figure><\/div><div class=\"wp-block-getwid-images-slider__item\" style=\"height:240px\"><figure><img decoding=\"async\" width=\"2560\" height=\"1707\" src=\"https:\/\/www.cogelec.fr\/wp-content\/uploads\/2025\/07\/4Y8A7798-scaled.jpg\" data-id=\"1089\" data-link=\"https:\/\/www.cogelec.fr\/decouvrez-nos-metiers\/4y8a7798\/\" data-original-link=\"https:\/\/www.cogelec.fr\/wp-content\/uploads\/2025\/07\/4Y8A7798-scaled.jpg\" class=\"wp-block-getwid-images-slider__image wp-image-1089\" srcset=\"https:\/\/www.cogelec.fr\/wp-content\/uploads\/2025\/07\/4Y8A7798-scaled.jpg 2560w, https:\/\/www.cogelec.fr\/wp-content\/uploads\/2025\/07\/4Y8A7798-300x200.jpg 300w, https:\/\/www.cogelec.fr\/wp-content\/uploads\/2025\/07\/4Y8A7798-1024x683.jpg 1024w, https:\/\/www.cogelec.fr\/wp-content\/uploads\/2025\/07\/4Y8A7798-768x512.jpg 768w, https:\/\/www.cogelec.fr\/wp-content\/uploads\/2025\/07\/4Y8A7798-1536x1024.jpg 1536w, https:\/\/www.cogelec.fr\/wp-content\/uploads\/2025\/07\/4Y8A7798-2048x1365.jpg 2048w\" sizes=\"(max-width: 2560px) 100vw, 2560px\" \/><\/figure><\/div><div class=\"wp-block-getwid-images-slider__item\" style=\"height:240px\"><figure><img decoding=\"async\" width=\"2560\" height=\"1707\" src=\"https:\/\/www.cogelec.fr\/wp-content\/uploads\/2025\/07\/4Y8A7820-scaled.jpg\" data-id=\"1091\" data-link=\"https:\/\/www.cogelec.fr\/decouvrez-nos-metiers\/4y8a7820\/\" data-original-link=\"https:\/\/www.cogelec.fr\/wp-content\/uploads\/2025\/07\/4Y8A7820-scaled.jpg\" class=\"wp-block-getwid-images-slider__image wp-image-1091\" srcset=\"https:\/\/www.cogelec.fr\/wp-content\/uploads\/2025\/07\/4Y8A7820-scaled.jpg 2560w, https:\/\/www.cogelec.fr\/wp-content\/uploads\/2025\/07\/4Y8A7820-300x200.jpg 300w, https:\/\/www.cogelec.fr\/wp-content\/uploads\/2025\/07\/4Y8A7820-1024x683.jpg 1024w, https:\/\/www.cogelec.fr\/wp-content\/uploads\/2025\/07\/4Y8A7820-768x512.jpg 768w, https:\/\/www.cogelec.fr\/wp-content\/uploads\/2025\/07\/4Y8A7820-1536x1024.jpg 1536w, https:\/\/www.cogelec.fr\/wp-content\/uploads\/2025\/07\/4Y8A7820-2048x1365.jpg 2048w\" sizes=\"(max-width: 2560px) 100vw, 2560px\" \/><\/figure><\/div><div class=\"wp-block-getwid-images-slider__item\" style=\"height:240px\"><figure><img decoding=\"async\" width=\"474\" height=\"418\" src=\"https:\/\/www.cogelec.fr\/wp-content\/uploads\/2025\/07\/Rectangle-44.jpg\" data-id=\"316\" data-link=\"https:\/\/www.cogelec.fr\/gouvernance-dentreprise\/rectangle-44\/\" data-original-link=\"https:\/\/www.cogelec.fr\/wp-content\/uploads\/2025\/07\/Rectangle-44.jpg\" class=\"wp-block-getwid-images-slider__image wp-image-316\" srcset=\"https:\/\/www.cogelec.fr\/wp-content\/uploads\/2025\/07\/Rectangle-44.jpg 474w, https:\/\/www.cogelec.fr\/wp-content\/uploads\/2025\/07\/Rectangle-44-300x265.jpg 300w\" sizes=\"(max-width: 474px) 100vw, 474px\" \/><\/figure><\/div><div class=\"wp-block-getwid-images-slider__item\" style=\"height:240px\"><figure><img decoding=\"async\" width=\"2560\" height=\"1707\" src=\"https:\/\/www.cogelec.fr\/wp-content\/uploads\/2025\/07\/4Y8A7078-scaled.jpg\" data-id=\"1093\" data-link=\"https:\/\/www.cogelec.fr\/decouvrez-nos-metiers\/4y8a7078\/\" data-original-link=\"https:\/\/www.cogelec.fr\/wp-content\/uploads\/2025\/07\/4Y8A7078-scaled.jpg\" class=\"wp-block-getwid-images-slider__image wp-image-1093\" srcset=\"https:\/\/www.cogelec.fr\/wp-content\/uploads\/2025\/07\/4Y8A7078-scaled.jpg 2560w, https:\/\/www.cogelec.fr\/wp-content\/uploads\/2025\/07\/4Y8A7078-300x200.jpg 300w, https:\/\/www.cogelec.fr\/wp-content\/uploads\/2025\/07\/4Y8A7078-1024x683.jpg 1024w, https:\/\/www.cogelec.fr\/wp-content\/uploads\/2025\/07\/4Y8A7078-768x512.jpg 768w, https:\/\/www.cogelec.fr\/wp-content\/uploads\/2025\/07\/4Y8A7078-1536x1024.jpg 1536w, https:\/\/www.cogelec.fr\/wp-content\/uploads\/2025\/07\/4Y8A7078-2048x1365.jpg 2048w\" sizes=\"(max-width: 2560px) 100vw, 2560px\" \/><\/figure><\/div><\/div><\/div>\n\n<h2 class=\"wp-block-heading\">A fulfilling professional environment<\/h2>\n\n<p><strong>Individualized working hours<\/strong> depending on the position<\/p>\n\n<p>It&#8217;s up to you to manage your weekly schedule, based on a common set of hours for the whole company. Do you have a family, obligations or passions? So do we!  <\/p>\n\n<p><\/p>\n\n<p><strong>Services for your workplace<\/strong><\/p>\n\n<p>Stress-free everyday life!<\/p>\n\n<ul class=\"wp-block-list\">\n<li>Corporate concierge services (dry cleaning, bread delivery, vegetable baskets, parcel service, meal delivery, etc.)<\/li>\n\n\n\n<li>Sports sessions (fitness, fitball, running, ball games, etc.) organized on site during lunch breaks or at the end of the day.  <\/li>\n\n\n\n<li>Wellness breaks (monthly &#8220;seated massage&#8221; sessions, etc.)<\/li>\n<\/ul>\n\n<div style=\"height:42px\" aria-hidden=\"true\" class=\"wp-block-spacer\"><\/div>\n\n<h2 class=\"wp-block-heading\">Challenging responsibilities<\/h2>\n\n<div class=\"wp-block-media-text is-stacked-on-mobile\" style=\"grid-template-columns:45% auto\"><figure class=\"wp-block-media-text__media\"><img decoding=\"async\" width=\"1024\" height=\"683\" src=\"https:\/\/www.cogelec.fr\/wp-content\/uploads\/2025\/07\/4Y8A8002-1024x683.jpg\" alt=\"\" class=\"wp-image-1105 size-full\" srcset=\"https:\/\/www.cogelec.fr\/wp-content\/uploads\/2025\/07\/4Y8A8002-1024x683.jpg 1024w, https:\/\/www.cogelec.fr\/wp-content\/uploads\/2025\/07\/4Y8A8002-300x200.jpg 300w, https:\/\/www.cogelec.fr\/wp-content\/uploads\/2025\/07\/4Y8A8002-768x512.jpg 768w, https:\/\/www.cogelec.fr\/wp-content\/uploads\/2025\/07\/4Y8A8002-1536x1024.jpg 1536w, https:\/\/www.cogelec.fr\/wp-content\/uploads\/2025\/07\/4Y8A8002-2048x1365.jpg 2048w\" sizes=\"(max-width: 1024px) 100vw, 1024px\" \/><\/figure><div class=\"wp-block-media-text__content\">\n<p>Cogelec has kept its start-up spirit to remain agile! We build our successes in project mode, all together. We value everyone&#8217;s involvement in achieving the Group&#8217;s objectives.    <\/p>\n\n\n\n<p>How can we help? By giving you the means to turn your ideas into reality. Are you a self-starter with a sense of responsibility and the ability to make suggestions? We offer you a working environment that is both open-minded and demanding. Come and realize your ambitions!    <\/p>\n<\/div><\/div>\n\n<div style=\"height:42px\" aria-hidden=\"true\" class=\"wp-block-spacer\"><\/div>\n\n<h2 class=\"wp-block-heading\">Development opportunities<\/h2>\n\n<div class=\"wp-block-media-text has-media-on-the-right is-stacked-on-mobile\" style=\"grid-template-columns:auto 45%\"><div class=\"wp-block-media-text__content\">\n<p>Cogelec is a rapidly expanding group in France and Europe. All our businesses (from production to sales, support functions and research and development) have been positively impacted. <\/p>\n\n\n\n<p>What does this mean for our employees? Dynamic careers where the field of possibilities is wide open!   <\/p>\n\n\n\n<p>Cogelec also has its own internal mobility process.  <strong>In 2025, 19 of our employees benefited from internal career development!<\/strong><\/p>\n<\/div><figure class=\"wp-block-media-text__media\"><video controls src=\"https:\/\/www.cogelec.fr\/wp-content\/uploads\/2026\/01\/Mobilite-interne-CHARLINE.mp4\"><\/video><\/figure><\/div>\n\n<div style=\"height:42px\" aria-hidden=\"true\" class=\"wp-block-spacer\"><\/div>\n\n<div class=\"wp-block-group alignfull offset-background txt-img has-color-4-background-color has-background\"><div class=\"wp-block-group__inner-container is-layout-constrained wp-block-group-is-layout-constrained\">\n<div class=\"wp-block-columns is-layout-flex wp-container-core-columns-is-layout-9d6595d7 wp-block-columns-is-layout-flex\">\n<div class=\"wp-block-column is-layout-flow wp-block-column-is-layout-flow\">\n<h2 class=\"wp-block-heading is-style-title-lg\">Our recruitment process<\/h2>\n\n\n\n<p>We are convinced that a short, agile recruitment process enables both candidates and recruiters to achieve quality exchanges.<\/p>\n\n\n\n<ul class=\"wp-block-list\">\n<li>We consider <strong>ALL applications<\/strong>.<\/li>\n\n\n\n<li>We meet with an <strong>HR interview<\/strong> and a <strong>manager interview<\/strong>.<\/li>\n\n\n\n<li>Decision-making is a <strong>collegial<\/strong> process between the manager and the HR recruiter.<\/li>\n\n\n\n<li>We&#8217;ll give you a definitive answer <strong>over the phone.<\/strong><\/li>\n<\/ul>\n\n\n\n<div class=\"wp-block-buttons is-layout-flex wp-block-buttons-is-layout-flex\">\n<div class=\"wp-block-button is-style-tertiary\"><a class=\"wp-block-button__link wp-element-button\" href=\"https:\/\/www.cogelec.fr\/nos-offres-demploi\/\" target=\"_blank\" rel=\"noreferrer noopener\">ACCESS TO OFFERS<\/a><\/div>\n<\/div>\n<\/div>\n\n\n\n<div class=\"wp-block-column is-layout-flow wp-block-column-is-layout-flow\">\n<figure class=\"wp-block-image size-full is-style-shadow\"><img decoding=\"async\" width=\"2560\" height=\"1707\" src=\"https:\/\/www.cogelec.fr\/wp-content\/uploads\/2025\/07\/4Y8A7820-scaled.jpg\" alt=\"\" class=\"wp-image-1091\" srcset=\"https:\/\/www.cogelec.fr\/wp-content\/uploads\/2025\/07\/4Y8A7820-scaled.jpg 2560w, https:\/\/www.cogelec.fr\/wp-content\/uploads\/2025\/07\/4Y8A7820-300x200.jpg 300w, https:\/\/www.cogelec.fr\/wp-content\/uploads\/2025\/07\/4Y8A7820-1024x683.jpg 1024w, https:\/\/www.cogelec.fr\/wp-content\/uploads\/2025\/07\/4Y8A7820-768x512.jpg 768w, https:\/\/www.cogelec.fr\/wp-content\/uploads\/2025\/07\/4Y8A7820-1536x1024.jpg 1536w, https:\/\/www.cogelec.fr\/wp-content\/uploads\/2025\/07\/4Y8A7820-2048x1365.jpg 2048w\" sizes=\"(max-width: 2560px) 100vw, 2560px\" \/><\/figure>\n\n\n\n<div style=\"height:100px\" aria-hidden=\"true\" class=\"wp-block-spacer\"><\/div>\n<\/div>\n<\/div>\n<\/div><\/div>\n\n<h2 class=\"wp-block-heading has-text-align-center has-color-1-color has-text-color has-link-color wp-elements-f43f8e23661c27ecbc2f732b42c5770f\">3 tips for a successful interview!<\/h2>\n\n<div class=\"wp-block-columns is-layout-flex wp-container-core-columns-is-layout-9d6595d7 wp-block-columns-is-layout-flex\">\n<div class=\"wp-block-column is-layout-flow wp-block-column-is-layout-flow\">\n<h3 class=\"wp-block-heading has-text-align-center is-style-title-lg\"><strong>Be yourself  <\/strong><\/h3>\n\n\n\n<p class=\"has-text-align-center\">No dress code here!<br\/>Be natural and honest about your skills and ambitions. We&#8217;re looking for new employees who are ready to commit themselves 100% to our project. Are you?  <\/p>\n<\/div>\n\n\n\n<div class=\"wp-block-column is-layout-flow wp-block-column-is-layout-flow\">\n<h3 class=\"wp-block-heading has-text-align-center is-style-title-lg\"><strong>Brush up on your English<\/strong><\/h3>\n\n\n\n<p class=\"has-text-align-center\">Don&#8217;t panic, you may not need to speak it in your job! But Cogelec&#8217;s future is being written in a European context. And that&#8217;s pretty cool, isn&#8217;t it? (And our foreign colleagues like to test our language skills, we warn you \ud83d\ude09 ).   <\/p>\n<\/div>\n\n\n\n<div class=\"wp-block-column is-layout-flow wp-block-column-is-layout-flow\">\n<h3 class=\"wp-block-heading has-text-align-center is-style-title-lg\"><strong>Get to know us<\/strong><\/h3>\n\n\n\n<p class=\"has-text-align-center\">Cogelec shakes things up! Our signature: innovation and proximity to the field. And our customers are as important as our products&#8230; Intratone, does that ring a bell?  <br\/>GSM? If not, take a look at these questions&#8230; <\/p>\n<\/div>\n<\/div>\n\n<div style=\"height:47px\" aria-hidden=\"true\" class=\"wp-block-spacer\"><\/div>\n","protected":false},"excerpt":{"rendered":"<p>Welcome to Cogelec! A fulfilling professional environment Individualized working hours depending on the position It&#8217;s up to you to manage your weekly schedule, based on a common set of hours for the whole company. Do you have a family, obligations or passions? So do we! Services for your workplace Stress-free everyday life! Challenging responsibilities Cogelec [&hellip;]<\/p>\n","protected":false},"author":2,"featured_media":0,"parent":0,"menu_order":14,"comment_status":"closed","ping_status":"closed","template":"","meta":{"inline_featured_image":false,"footnotes":""},"class_list":["post-1384","page","type-page","status-publish","hentry"],"yoast_head":"<!-- This site is optimized with the Yoast SEO plugin v26.9 - https:\/\/yoast.com\/product\/yoast-seo-wordpress\/ -->\n<title>Working at Cogelec<\/title>\n<meta name=\"robots\" content=\"index, follow, max-snippet:-1, max-image-preview:large, max-video-preview:-1\" \/>\n<link rel=\"canonical\" href=\"https:\/\/www.cogelec.fr\/en\/discover-us\/\" \/>\n<meta property=\"og:locale\" content=\"en_US\" \/>\n<meta property=\"og:type\" content=\"article\" \/>\n<meta property=\"og:title\" content=\"Working at Cogelec\" \/>\n<meta property=\"og:description\" content=\"Welcome to Cogelec! A fulfilling professional environment Individualized working hours depending on the position It&#8217;s up to you to manage your weekly schedule, based on a common set of hours for the whole company. Do you have a family, obligations or passions? So do we! Services for your workplace Stress-free everyday life! Challenging responsibilities Cogelec [&hellip;]\" \/>\n<meta property=\"og:url\" content=\"https:\/\/www.cogelec.fr\/en\/discover-us\/\" \/>\n<meta property=\"og:site_name\" content=\"Cogelec\" \/>\n<meta property=\"article:modified_time\" content=\"2026-02-03T14:17:47+00:00\" \/>\n<meta property=\"og:image\" content=\"https:\/\/www.cogelec.fr\/wp-content\/uploads\/2025\/07\/4Y8A7885-scaled.jpg\" \/>\n<meta name=\"twitter:card\" content=\"summary_large_image\" \/>\n<meta name=\"twitter:label1\" content=\"Est. reading time\" \/>\n\t<meta name=\"twitter:data1\" content=\"2 minutes\" \/>\n<script type=\"application\/ld+json\" class=\"yoast-schema-graph\">{\"@context\":\"https:\/\/schema.org\",\"@graph\":[{\"@type\":\"WebPage\",\"@id\":\"https:\/\/www.cogelec.fr\/en\/discover-us\/\",\"url\":\"https:\/\/www.cogelec.fr\/en\/discover-us\/\",\"name\":\"Working at Cogelec\",\"isPartOf\":{\"@id\":\"https:\/\/www.cogelec.fr\/#website\"},\"primaryImageOfPage\":{\"@id\":\"https:\/\/www.cogelec.fr\/en\/discover-us\/#primaryimage\"},\"image\":{\"@id\":\"https:\/\/www.cogelec.fr\/en\/discover-us\/#primaryimage\"},\"thumbnailUrl\":\"https:\/\/www.cogelec.fr\/wp-content\/uploads\/2025\/07\/4Y8A7885-scaled.jpg\",\"datePublished\":\"2025-07-23T14:58:10+00:00\",\"dateModified\":\"2026-02-03T14:17:47+00:00\",\"breadcrumb\":{\"@id\":\"https:\/\/www.cogelec.fr\/en\/discover-us\/#breadcrumb\"},\"inLanguage\":\"en-US\",\"potentialAction\":[{\"@type\":\"ReadAction\",\"target\":[\"https:\/\/www.cogelec.fr\/en\/discover-us\/\"]}]},{\"@type\":\"ImageObject\",\"inLanguage\":\"en-US\",\"@id\":\"https:\/\/www.cogelec.fr\/en\/discover-us\/#primaryimage\",\"url\":\"https:\/\/www.cogelec.fr\/wp-content\/uploads\/2025\/07\/4Y8A7885-scaled.jpg\",\"contentUrl\":\"https:\/\/www.cogelec.fr\/wp-content\/uploads\/2025\/07\/4Y8A7885-scaled.jpg\"},{\"@type\":\"BreadcrumbList\",\"@id\":\"https:\/\/www.cogelec.fr\/en\/discover-us\/#breadcrumb\",\"itemListElement\":[{\"@type\":\"ListItem\",\"position\":1,\"name\":\"Home\",\"item\":\"https:\/\/www.cogelec.fr\/en\/\"},{\"@type\":\"ListItem\",\"position\":2,\"name\":\"Discover us\"}]},{\"@type\":\"WebSite\",\"@id\":\"https:\/\/www.cogelec.fr\/#website\",\"url\":\"https:\/\/www.cogelec.fr\/\",\"name\":\"Cogelec\",\"description\":\"Interphones t\u00e9l\u00e9phoniques et contr\u00f4le d&#039;acc\u00e8s Vigik\u00ae\",\"publisher\":{\"@id\":\"https:\/\/www.cogelec.fr\/#organization\"},\"potentialAction\":[{\"@type\":\"SearchAction\",\"target\":{\"@type\":\"EntryPoint\",\"urlTemplate\":\"https:\/\/www.cogelec.fr\/?s={search_term_string}\"},\"query-input\":{\"@type\":\"PropertyValueSpecification\",\"valueRequired\":true,\"valueName\":\"search_term_string\"}}],\"inLanguage\":\"en-US\"},{\"@type\":\"Organization\",\"@id\":\"https:\/\/www.cogelec.fr\/#organization\",\"name\":\"Cogelec\",\"url\":\"https:\/\/www.cogelec.fr\/\",\"logo\":{\"@type\":\"ImageObject\",\"inLanguage\":\"en-US\",\"@id\":\"https:\/\/www.cogelec.fr\/#\/schema\/logo\/image\/\",\"url\":\"https:\/\/www.cogelec.fr\/wp-content\/uploads\/2025\/07\/logo-cogelec-black.svg\",\"contentUrl\":\"https:\/\/www.cogelec.fr\/wp-content\/uploads\/2025\/07\/logo-cogelec-black.svg\",\"caption\":\"Cogelec\"},\"image\":{\"@id\":\"https:\/\/www.cogelec.fr\/#\/schema\/logo\/image\/\"}}]}<\/script>\n<!-- \/ Yoast SEO plugin. -->","yoast_head_json":{"title":"Working at Cogelec","robots":{"index":"index","follow":"follow","max-snippet":"max-snippet:-1","max-image-preview":"max-image-preview:large","max-video-preview":"max-video-preview:-1"},"canonical":"https:\/\/www.cogelec.fr\/en\/discover-us\/","og_locale":"en_US","og_type":"article","og_title":"Working at Cogelec","og_description":"Welcome to Cogelec! A fulfilling professional environment Individualized working hours depending on the position It&#8217;s up to you to manage your weekly schedule, based on a common set of hours for the whole company. Do you have a family, obligations or passions? So do we! Services for your workplace Stress-free everyday life! Challenging responsibilities Cogelec [&hellip;]","og_url":"https:\/\/www.cogelec.fr\/en\/discover-us\/","og_site_name":"Cogelec","article_modified_time":"2026-02-03T14:17:47+00:00","og_image":[{"url":"https:\/\/www.cogelec.fr\/wp-content\/uploads\/2025\/07\/4Y8A7885-scaled.jpg","type":"","width":"","height":""}],"twitter_card":"summary_large_image","twitter_misc":{"Est. reading time":"2 minutes"},"schema":{"@context":"https:\/\/schema.org","@graph":[{"@type":"WebPage","@id":"https:\/\/www.cogelec.fr\/en\/discover-us\/","url":"https:\/\/www.cogelec.fr\/en\/discover-us\/","name":"Working at Cogelec","isPartOf":{"@id":"https:\/\/www.cogelec.fr\/#website"},"primaryImageOfPage":{"@id":"https:\/\/www.cogelec.fr\/en\/discover-us\/#primaryimage"},"image":{"@id":"https:\/\/www.cogelec.fr\/en\/discover-us\/#primaryimage"},"thumbnailUrl":"https:\/\/www.cogelec.fr\/wp-content\/uploads\/2025\/07\/4Y8A7885-scaled.jpg","datePublished":"2025-07-23T14:58:10+00:00","dateModified":"2026-02-03T14:17:47+00:00","breadcrumb":{"@id":"https:\/\/www.cogelec.fr\/en\/discover-us\/#breadcrumb"},"inLanguage":"en-US","potentialAction":[{"@type":"ReadAction","target":["https:\/\/www.cogelec.fr\/en\/discover-us\/"]}]},{"@type":"ImageObject","inLanguage":"en-US","@id":"https:\/\/www.cogelec.fr\/en\/discover-us\/#primaryimage","url":"https:\/\/www.cogelec.fr\/wp-content\/uploads\/2025\/07\/4Y8A7885-scaled.jpg","contentUrl":"https:\/\/www.cogelec.fr\/wp-content\/uploads\/2025\/07\/4Y8A7885-scaled.jpg"},{"@type":"BreadcrumbList","@id":"https:\/\/www.cogelec.fr\/en\/discover-us\/#breadcrumb","itemListElement":[{"@type":"ListItem","position":1,"name":"Home","item":"https:\/\/www.cogelec.fr\/en\/"},{"@type":"ListItem","position":2,"name":"Discover us"}]},{"@type":"WebSite","@id":"https:\/\/www.cogelec.fr\/#website","url":"https:\/\/www.cogelec.fr\/","name":"Cogelec","description":"Interphones t\u00e9l\u00e9phoniques et contr\u00f4le d&#039;acc\u00e8s Vigik\u00ae","publisher":{"@id":"https:\/\/www.cogelec.fr\/#organization"},"potentialAction":[{"@type":"SearchAction","target":{"@type":"EntryPoint","urlTemplate":"https:\/\/www.cogelec.fr\/?s={search_term_string}"},"query-input":{"@type":"PropertyValueSpecification","valueRequired":true,"valueName":"search_term_string"}}],"inLanguage":"en-US"},{"@type":"Organization","@id":"https:\/\/www.cogelec.fr\/#organization","name":"Cogelec","url":"https:\/\/www.cogelec.fr\/","logo":{"@type":"ImageObject","inLanguage":"en-US","@id":"https:\/\/www.cogelec.fr\/#\/schema\/logo\/image\/","url":"https:\/\/www.cogelec.fr\/wp-content\/uploads\/2025\/07\/logo-cogelec-black.svg","contentUrl":"https:\/\/www.cogelec.fr\/wp-content\/uploads\/2025\/07\/logo-cogelec-black.svg","caption":"Cogelec"},"image":{"@id":"https:\/\/www.cogelec.fr\/#\/schema\/logo\/image\/"}}]}},"_links":{"self":[{"href":"https:\/\/www.cogelec.fr\/en\/wp-json\/wp\/v2\/pages\/1384","targetHints":{"allow":["GET"]}}],"collection":[{"href":"https:\/\/www.cogelec.fr\/en\/wp-json\/wp\/v2\/pages"}],"about":[{"href":"https:\/\/www.cogelec.fr\/en\/wp-json\/wp\/v2\/types\/page"}],"author":[{"embeddable":true,"href":"https:\/\/www.cogelec.fr\/en\/wp-json\/wp\/v2\/users\/2"}],"replies":[{"embeddable":true,"href":"https:\/\/www.cogelec.fr\/en\/wp-json\/wp\/v2\/comments?post=1384"}],"version-history":[{"count":4,"href":"https:\/\/www.cogelec.fr\/en\/wp-json\/wp\/v2\/pages\/1384\/revisions"}],"predecessor-version":[{"id":1556,"href":"https:\/\/www.cogelec.fr\/en\/wp-json\/wp\/v2\/pages\/1384\/revisions\/1556"}],"wp:attachment":[{"href":"https:\/\/www.cogelec.fr\/en\/wp-json\/wp\/v2\/media?parent=1384"}],"curies":[{"name":"wp","href":"https:\/\/api.w.org\/{rel}","templated":true}]}}