{"id":1387,"date":"2025-07-23T17:04:00","date_gmt":"2025-07-23T15:04:00","guid":{"rendered":"https:\/\/www.cogelec.fr\/discover-our-professions\/"},"modified":"2026-01-14T14:24:09","modified_gmt":"2026-01-14T13:24:09","slug":"discover-our-professions","status":"publish","type":"page","link":"https:\/\/www.cogelec.fr\/en\/discover-our-professions\/","title":{"rendered":"Discover our professions"},"content":{"rendered":"\n<h1 class=\"wp-block-heading\">Discover our professions<\/h1>\n\n<div style=\"height:38px\" aria-hidden=\"true\" class=\"wp-block-spacer\"><\/div>\n\n<div class=\"wp-block-group alignfull offset-background txt-img has-color-2-background-color has-background\"><div class=\"wp-block-group__inner-container is-layout-constrained wp-block-group-is-layout-constrained\">\n<div class=\"wp-block-columns is-layout-flex wp-container-core-columns-is-layout-9d6595d7 wp-block-columns-is-layout-flex\">\n<div class=\"wp-block-column is-layout-flow wp-block-column-is-layout-flow\">\n<p class=\"has-white-color has-text-color has-link-color wp-elements-15184e6a7a8146a74d45174bec76c0c7\">Discover the inspiring testimonials of our employees through our business videos.  <br\/><br\/>Immerse yourself in their daily lives and see how they contribute to our collective success. These videos will make you want to join our dynamic and passionate team.   <strong>Click and be inspired by their stories!<\/strong><\/p>\n<\/div>\n\n\n\n<div class=\"wp-block-column is-layout-flow wp-block-column-is-layout-flow\">\n<figure class=\"wp-block-image size-full is-style-shadow\"><img decoding=\"async\" width=\"2560\" height=\"1707\" src=\"https:\/\/www.cogelec.fr\/wp-content\/uploads\/2025\/08\/4Y8A7202-scaled.jpg\" alt=\"\" class=\"wp-image-1140\" srcset=\"https:\/\/www.cogelec.fr\/wp-content\/uploads\/2025\/08\/4Y8A7202-scaled.jpg 2560w, https:\/\/www.cogelec.fr\/wp-content\/uploads\/2025\/08\/4Y8A7202-300x200.jpg 300w, https:\/\/www.cogelec.fr\/wp-content\/uploads\/2025\/08\/4Y8A7202-1024x683.jpg 1024w, https:\/\/www.cogelec.fr\/wp-content\/uploads\/2025\/08\/4Y8A7202-768x512.jpg 768w, https:\/\/www.cogelec.fr\/wp-content\/uploads\/2025\/08\/4Y8A7202-1536x1024.jpg 1536w, https:\/\/www.cogelec.fr\/wp-content\/uploads\/2025\/08\/4Y8A7202-2048x1365.jpg 2048w\" sizes=\"(max-width: 2560px) 100vw, 2560px\" \/><\/figure>\n<\/div>\n<\/div>\n\n\n\n<p><\/p>\n<\/div><\/div>\n\n<div class=\"wp-block-columns is-layout-flex wp-container-core-columns-is-layout-9d6595d7 wp-block-columns-is-layout-flex\">\n<div class=\"wp-block-column is-layout-flow wp-block-column-is-layout-flow\">\n<h2 class=\"wp-block-heading is-style-title-lg\">Customer Service Manager<\/h2>\n\n\n\n<p>We invite you to discover the <strong>programming department<\/strong>. \ud83d\udc69\u200d\ud83d\udcbb <br\/><br\/>Doesn&#8217;t it speak to you? Of course not! It&#8217;s a special Cogelec service.  <br\/><br\/>Charl\u00e8ne,<strong> Customer Services Manager<\/strong>, introduces you to her daily routine, her missions and her working environment.<\/p>\n<\/div>\n\n\n\n<div class=\"wp-block-column is-layout-flow wp-block-column-is-layout-flow\">\n<figure class=\"wp-block-embed is-type-video is-provider-youtube wp-block-embed-youtube wp-embed-aspect-16-9 wp-has-aspect-ratio\"><div class=\"wp-block-embed__wrapper\">\n<iframe loading=\"lazy\" title=\"CHARGEE DE SERVICES CLIENTS\" width=\"640\" height=\"360\" src=\"https:\/\/www.youtube.com\/embed\/yuPtOZJokbU?feature=oembed\" frameborder=\"0\" allow=\"accelerometer; autoplay; clipboard-write; encrypted-media; gyroscope; picture-in-picture; web-share\" referrerpolicy=\"strict-origin-when-cross-origin\" allowfullscreen><\/iframe>\n<\/div><\/figure>\n<\/div>\n<\/div>\n\n<div style=\"height:30px\" aria-hidden=\"true\" class=\"wp-block-spacer\"><\/div>\n\n<div class=\"wp-block-columns is-layout-flex wp-container-core-columns-is-layout-9d6595d7 wp-block-columns-is-layout-flex\">\n<div class=\"wp-block-column is-layout-flow wp-block-column-is-layout-flow\" style=\"flex-basis:66.66%\">\n<figure class=\"wp-block-embed is-type-video is-provider-youtube wp-block-embed-youtube wp-embed-aspect-16-9 wp-has-aspect-ratio\"><div class=\"wp-block-embed__wrapper\">\n<iframe loading=\"lazy\" title=\"TESTEUR EMBARQUE\" width=\"640\" height=\"360\" src=\"https:\/\/www.youtube.com\/embed\/F-9oX1NTw-s?feature=oembed\" frameborder=\"0\" allow=\"accelerometer; autoplay; clipboard-write; encrypted-media; gyroscope; picture-in-picture; web-share\" referrerpolicy=\"strict-origin-when-cross-origin\" allowfullscreen><\/iframe>\n<\/div><\/figure>\n<\/div>\n\n\n\n<div class=\"wp-block-column is-layout-flow wp-block-column-is-layout-flow\" style=\"flex-basis:33.33%\">\n<h2 class=\"wp-block-heading is-style-title-lg\">Hexact referent and embedded QR tester<\/h2>\n\n\n\n<p>Dive into Laurent&#8217;s day-to-day work in the <strong>validation and compliance<\/strong> department \u2705<\/p>\n\n\n\n<p>&#8220;On a daily basis, there is a telephone part, but mostly product testing&#8221;.<\/p>\n<\/div>\n<\/div>\n\n<div style=\"height:30px\" aria-hidden=\"true\" class=\"wp-block-spacer\"><\/div>\n\n<div class=\"wp-block-columns is-layout-flex wp-container-core-columns-is-layout-9d6595d7 wp-block-columns-is-layout-flex\">\n<div class=\"wp-block-column is-layout-flow wp-block-column-is-layout-flow\">\n<h2 class=\"wp-block-heading is-style-title-lg\">Lead Developer<\/h2>\n\n\n\n<p>Find out more about Anthony, <strong>Lead Developer<\/strong> \ud83d\udcbb<\/p>\n\n\n\n<p>What does his job involve?<\/p>\n\n\n\n<p>&#8220;My day-to-day role as lead dev is to act as a relay between the project manager and the development team&#8221;.<\/p>\n<\/div>\n\n\n\n<div class=\"wp-block-column is-layout-flow wp-block-column-is-layout-flow\">\n<figure class=\"wp-block-embed is-type-video is-provider-youtube wp-block-embed-youtube wp-embed-aspect-16-9 wp-has-aspect-ratio\"><div class=\"wp-block-embed__wrapper\">\n<iframe loading=\"lazy\" title=\"LEAD DEVELOPER\" width=\"640\" height=\"360\" src=\"https:\/\/www.youtube.com\/embed\/hRoRvBJnxeE?feature=oembed\" frameborder=\"0\" allow=\"accelerometer; autoplay; clipboard-write; encrypted-media; gyroscope; picture-in-picture; web-share\" referrerpolicy=\"strict-origin-when-cross-origin\" allowfullscreen><\/iframe>\n<\/div><\/figure>\n<\/div>\n<\/div>\n\n<div style=\"height:30px\" aria-hidden=\"true\" class=\"wp-block-spacer\"><\/div>\n\n<div class=\"wp-block-columns is-layout-flex wp-container-core-columns-is-layout-9d6595d7 wp-block-columns-is-layout-flex\">\n<div class=\"wp-block-column is-layout-flow wp-block-column-is-layout-flow\">\n<figure class=\"wp-block-embed is-type-video is-provider-youtube wp-block-embed-youtube wp-embed-aspect-16-9 wp-has-aspect-ratio\"><div class=\"wp-block-embed__wrapper\">\n<iframe loading=\"lazy\" title=\"COMMERCIALE SEDENTAIRE\" width=\"640\" height=\"360\" src=\"https:\/\/www.youtube.com\/embed\/Vzyu9mb-nzU?feature=oembed\" frameborder=\"0\" allow=\"accelerometer; autoplay; clipboard-write; encrypted-media; gyroscope; picture-in-picture; web-share\" referrerpolicy=\"strict-origin-when-cross-origin\" allowfullscreen><\/iframe>\n<\/div><\/figure>\n<\/div>\n\n\n\n<div class=\"wp-block-column is-layout-flow wp-block-column-is-layout-flow\">\n<h2 class=\"wp-block-heading is-style-title-lg\">Inside Sales<\/h2>\n\n\n\n<p>Cogelec is also a team of outstanding <strong>sedentary salespeople<\/strong>! Discover L\u00e9a&#8217;s daily life.   <\/p>\n\n\n\n<p>What qualities and skills do you need for the job?  <\/p>\n\n\n\n<p>&#8220;In this type of job you need to be versatile, you often go from one thing to another, you&#8217;re often interrupted by calls, so you need to know how to refocus. You have to be rigorous and at ease on the phone, because we spend 70% of our time there.&#8221;<\/p>\n<\/div>\n<\/div>\n\n<div style=\"height:30px\" aria-hidden=\"true\" class=\"wp-block-spacer\"><\/div>\n\n<div class=\"wp-block-columns is-layout-flex wp-container-core-columns-is-layout-9d6595d7 wp-block-columns-is-layout-flex\">\n<div class=\"wp-block-column is-layout-flow wp-block-column-is-layout-flow\" style=\"flex-basis:33.33%\">\n<h2 class=\"wp-block-heading is-style-title-lg\">Production Operator<\/h2>\n\n\n\n<p>Am\u00e9lie tells you about her career and daily life as a<strong> production operator.<\/strong> \u2699\ufe0f<\/p>\n\n\n\n<p>What would you say to someone interested in joining Cogelec?<\/p>\n\n\n\n<p>&#8220;We have a comfortable working environment with daytime hours, we have managers who listen, who are there to help us. Come and join our team!&#8221;<\/p>\n<\/div>\n\n\n\n<div class=\"wp-block-column is-layout-flow wp-block-column-is-layout-flow\" style=\"flex-basis:66.66%\">\n<figure class=\"wp-block-embed is-type-video is-provider-youtube wp-block-embed-youtube wp-embed-aspect-16-9 wp-has-aspect-ratio\"><div class=\"wp-block-embed__wrapper\">\n<iframe loading=\"lazy\" title=\"OPERATRICE DE PRODUCTION\" width=\"640\" height=\"360\" src=\"https:\/\/www.youtube.com\/embed\/L8WO7_3fS6M?feature=oembed\" frameborder=\"0\" allow=\"accelerometer; autoplay; clipboard-write; encrypted-media; gyroscope; picture-in-picture; web-share\" referrerpolicy=\"strict-origin-when-cross-origin\" allowfullscreen><\/iframe>\n<\/div><\/figure>\n<\/div>\n<\/div>\n\n<div style=\"height:30px\" aria-hidden=\"true\" class=\"wp-block-spacer\"><\/div>\n\n<div class=\"wp-block-columns is-layout-flex wp-container-core-columns-is-layout-9d6595d7 wp-block-columns-is-layout-flex\">\n<div class=\"wp-block-column is-layout-flow wp-block-column-is-layout-flow\">\n<figure class=\"wp-block-embed is-type-video is-provider-youtube wp-block-embed-youtube wp-embed-aspect-16-9 wp-has-aspect-ratio\"><div class=\"wp-block-embed__wrapper\">\n<iframe loading=\"lazy\" title=\"INGENIEUR ELECTRONIQUE\" width=\"640\" height=\"360\" src=\"https:\/\/www.youtube.com\/embed\/OIXkpwd10vQ?feature=oembed\" frameborder=\"0\" allow=\"accelerometer; autoplay; clipboard-write; encrypted-media; gyroscope; picture-in-picture; web-share\" referrerpolicy=\"strict-origin-when-cross-origin\" allowfullscreen><\/iframe>\n<\/div><\/figure>\n<\/div>\n\n\n\n<div class=\"wp-block-column is-layout-flow wp-block-column-is-layout-flow\">\n<h2 class=\"wp-block-heading is-style-title-lg\">Electronics Engineer<\/h2>\n\n\n\n<p>SOFTWARE &amp; HARDWARE, are you interested? \ud83d\ude35\u200d\ud83d\udcab <\/p>\n\n\n\n<p>Not at all? Don&#8217;t worry, Nicolas, an <strong>electronics engineer<\/strong>, tells you about his day-to-day work in the Software and Hardware department of our design office, his missions and his working environment. <\/p>\n<\/div>\n<\/div>\n\n<div style=\"height:30px\" aria-hidden=\"true\" class=\"wp-block-spacer\"><\/div>\n\n<div class=\"wp-block-columns is-layout-flex wp-container-core-columns-is-layout-9d6595d7 wp-block-columns-is-layout-flex\">\n<div class=\"wp-block-column is-layout-flow wp-block-column-is-layout-flow\" style=\"flex-basis:33.33%\">\n<h2 class=\"wp-block-heading is-style-title-lg\">Service Offer Manager<\/h2>\n\n\n\n<p>ove into<strong> Marion<\/strong>&#8216;s daily life in the<strong>Service<\/strong> <strong>Offer Management<\/strong> division<strong>\ud83d\udcc3<\/strong>:  <\/p>\n\n\n\n<p>&#8220;Our day-to-day tasks involve all aspects of managing and monitoring subscriber contracts, including changes in the number of homes, the number of access points to be equipped, and changes in third parties for billing and termination&#8221;.<\/p>\n<\/div>\n\n\n\n<div class=\"wp-block-column is-layout-flow wp-block-column-is-layout-flow\" style=\"flex-basis:66.66%\">\n<figure class=\"wp-block-embed is-type-video is-provider-youtube wp-block-embed-youtube wp-embed-aspect-16-9 wp-has-aspect-ratio\"><div class=\"wp-block-embed__wrapper\">\n<iframe loading=\"lazy\" title=\"GESTIONNAIRE DES OFFRES DE SERVICE\" width=\"640\" height=\"360\" src=\"https:\/\/www.youtube.com\/embed\/_YVwwaTH2Gc?feature=oembed\" frameborder=\"0\" allow=\"accelerometer; autoplay; clipboard-write; encrypted-media; gyroscope; picture-in-picture; web-share\" referrerpolicy=\"strict-origin-when-cross-origin\" allowfullscreen><\/iframe>\n<\/div><\/figure>\n<\/div>\n<\/div>\n\n<div style=\"height:30px\" aria-hidden=\"true\" class=\"wp-block-spacer\"><\/div>\n\n<div class=\"wp-block-columns is-layout-flex wp-container-core-columns-is-layout-9d6595d7 wp-block-columns-is-layout-flex\">\n<div class=\"wp-block-column is-layout-flow wp-block-column-is-layout-flow\">\n<figure class=\"wp-block-embed is-type-video is-provider-youtube wp-block-embed-youtube wp-embed-aspect-16-9 wp-has-aspect-ratio\"><div class=\"wp-block-embed__wrapper\">\n<iframe loading=\"lazy\" title=\"INGENIEUR SYSTEMES EMBARQUES\" width=\"640\" height=\"360\" src=\"https:\/\/www.youtube.com\/embed\/2xPV23HDt9g?feature=oembed\" frameborder=\"0\" allow=\"accelerometer; autoplay; clipboard-write; encrypted-media; gyroscope; picture-in-picture; web-share\" referrerpolicy=\"strict-origin-when-cross-origin\" allowfullscreen><\/iframe>\n<\/div><\/figure>\n<\/div>\n\n\n\n<div class=\"wp-block-column is-layout-flow wp-block-column-is-layout-flow\">\n<h2 class=\"wp-block-heading is-style-title-lg\">Embedded Systems Engineer<\/h2>\n\n\n\n<p><strong>Alan<\/strong>, a young <strong>embedded systems engineer \ud83d\udcbb,<\/strong> shares his experience :  <\/p>\n\n\n\n<p>&#8220;It&#8217;s a great team with a great atmosphere and a lot of mutual support&#8221;.<\/p>\n<\/div>\n<\/div>\n\n<div style=\"height:30px\" aria-hidden=\"true\" class=\"wp-block-spacer\"><\/div>\n\n<div class=\"wp-block-cover is-light\" style=\"min-height:205px;aspect-ratio:unset;\"><img decoding=\"async\" width=\"1024\" height=\"683\" class=\"wp-block-cover__image-background wp-image-1089 size-large\" alt=\"\" src=\"https:\/\/www.cogelec.fr\/wp-content\/uploads\/2025\/07\/4Y8A7798-1024x683.jpg\" data-object-fit=\"cover\" srcset=\"https:\/\/www.cogelec.fr\/wp-content\/uploads\/2025\/07\/4Y8A7798-1024x683.jpg 1024w, https:\/\/www.cogelec.fr\/wp-content\/uploads\/2025\/07\/4Y8A7798-300x200.jpg 300w, https:\/\/www.cogelec.fr\/wp-content\/uploads\/2025\/07\/4Y8A7798-768x512.jpg 768w, https:\/\/www.cogelec.fr\/wp-content\/uploads\/2025\/07\/4Y8A7798-1536x1024.jpg 1536w, https:\/\/www.cogelec.fr\/wp-content\/uploads\/2025\/07\/4Y8A7798-2048x1365.jpg 2048w\" sizes=\"(max-width: 1024px) 100vw, 1024px\" \/><span aria-hidden=\"true\" class=\"wp-block-cover__background has-background-dim\" style=\"background-color:#beb3a9\"><\/span><div class=\"wp-block-cover__inner-container is-layout-constrained wp-block-cover-is-layout-constrained\">\n<p class=\"has-text-align-center\"><\/p>\n\n\n\n<h2 class=\"wp-block-heading has-text-align-center is-style-default\"><a href=\"https:\/\/www.cogelec.fr\/nos-offres-demploi\/\" target=\"_blank\" rel=\"noreferrer noopener\">Discover our job offers<\/a><\/h2>\n<\/div><\/div>\n\n<div style=\"height:30px\" aria-hidden=\"true\" class=\"wp-block-spacer\"><\/div>\n","protected":false},"excerpt":{"rendered":"<p>Discover our professions Discover the inspiring testimonials of our employees through our business videos. Immerse yourself in their daily lives and see how they contribute to our collective success. These videos will make you want to join our dynamic and passionate team. Click and be inspired by their stories! Customer Service Manager We invite you [&hellip;]<\/p>\n","protected":false},"author":2,"featured_media":0,"parent":0,"menu_order":16,"comment_status":"closed","ping_status":"closed","template":"","meta":{"inline_featured_image":false,"footnotes":""},"class_list":["post-1387","page","type-page","status-publish","hentry"],"yoast_head":"<!-- This site is optimized with the Yoast SEO plugin v26.9 - https:\/\/yoast.com\/product\/yoast-seo-wordpress\/ -->\n<title>The careers and daily lives of our talents - Cogelec<\/title>\n<meta name=\"robots\" content=\"index, follow, max-snippet:-1, max-image-preview:large, max-video-preview:-1\" \/>\n<link rel=\"canonical\" href=\"https:\/\/www.cogelec.fr\/en\/discover-our-professions\/\" \/>\n<meta property=\"og:locale\" content=\"en_US\" \/>\n<meta property=\"og:type\" content=\"article\" \/>\n<meta property=\"og:title\" content=\"The careers and daily lives of our talents - Cogelec\" \/>\n<meta property=\"og:description\" content=\"Discover our professions Discover the inspiring testimonials of our employees through our business videos. Immerse yourself in their daily lives and see how they contribute to our collective success. These videos will make you want to join our dynamic and passionate team. Click and be inspired by their stories! Customer Service Manager We invite you [&hellip;]\" \/>\n<meta property=\"og:url\" content=\"https:\/\/www.cogelec.fr\/en\/discover-our-professions\/\" \/>\n<meta property=\"og:site_name\" content=\"Cogelec\" \/>\n<meta property=\"article:modified_time\" content=\"2026-01-14T13:24:09+00:00\" \/>\n<meta property=\"og:image\" content=\"https:\/\/www.cogelec.fr\/wp-content\/uploads\/2025\/08\/4Y8A7202-scaled.jpg\" \/>\n<meta name=\"twitter:card\" content=\"summary_large_image\" \/>\n<meta name=\"twitter:label1\" content=\"Est. reading time\" \/>\n\t<meta name=\"twitter:data1\" content=\"2 minutes\" \/>\n<script type=\"application\/ld+json\" class=\"yoast-schema-graph\">{\"@context\":\"https:\/\/schema.org\",\"@graph\":[{\"@type\":\"WebPage\",\"@id\":\"https:\/\/www.cogelec.fr\/en\/discover-our-professions\/\",\"url\":\"https:\/\/www.cogelec.fr\/en\/discover-our-professions\/\",\"name\":\"The careers and daily lives of our talents - Cogelec\",\"isPartOf\":{\"@id\":\"https:\/\/www.cogelec.fr\/#website\"},\"primaryImageOfPage\":{\"@id\":\"https:\/\/www.cogelec.fr\/en\/discover-our-professions\/#primaryimage\"},\"image\":{\"@id\":\"https:\/\/www.cogelec.fr\/en\/discover-our-professions\/#primaryimage\"},\"thumbnailUrl\":\"https:\/\/www.cogelec.fr\/wp-content\/uploads\/2025\/08\/4Y8A7202-scaled.jpg\",\"datePublished\":\"2025-07-23T15:04:00+00:00\",\"dateModified\":\"2026-01-14T13:24:09+00:00\",\"breadcrumb\":{\"@id\":\"https:\/\/www.cogelec.fr\/en\/discover-our-professions\/#breadcrumb\"},\"inLanguage\":\"en-US\",\"potentialAction\":[{\"@type\":\"ReadAction\",\"target\":[\"https:\/\/www.cogelec.fr\/en\/discover-our-professions\/\"]}]},{\"@type\":\"ImageObject\",\"inLanguage\":\"en-US\",\"@id\":\"https:\/\/www.cogelec.fr\/en\/discover-our-professions\/#primaryimage\",\"url\":\"https:\/\/www.cogelec.fr\/wp-content\/uploads\/2025\/08\/4Y8A7202-scaled.jpg\",\"contentUrl\":\"https:\/\/www.cogelec.fr\/wp-content\/uploads\/2025\/08\/4Y8A7202-scaled.jpg\"},{\"@type\":\"BreadcrumbList\",\"@id\":\"https:\/\/www.cogelec.fr\/en\/discover-our-professions\/#breadcrumb\",\"itemListElement\":[{\"@type\":\"ListItem\",\"position\":1,\"name\":\"Home\",\"item\":\"https:\/\/www.cogelec.fr\/en\/\"},{\"@type\":\"ListItem\",\"position\":2,\"name\":\"Discover our professions\"}]},{\"@type\":\"WebSite\",\"@id\":\"https:\/\/www.cogelec.fr\/#website\",\"url\":\"https:\/\/www.cogelec.fr\/\",\"name\":\"Cogelec\",\"description\":\"Interphones t\u00e9l\u00e9phoniques et contr\u00f4le d&#039;acc\u00e8s Vigik\u00ae\",\"publisher\":{\"@id\":\"https:\/\/www.cogelec.fr\/#organization\"},\"potentialAction\":[{\"@type\":\"SearchAction\",\"target\":{\"@type\":\"EntryPoint\",\"urlTemplate\":\"https:\/\/www.cogelec.fr\/?s={search_term_string}\"},\"query-input\":{\"@type\":\"PropertyValueSpecification\",\"valueRequired\":true,\"valueName\":\"search_term_string\"}}],\"inLanguage\":\"en-US\"},{\"@type\":\"Organization\",\"@id\":\"https:\/\/www.cogelec.fr\/#organization\",\"name\":\"Cogelec\",\"url\":\"https:\/\/www.cogelec.fr\/\",\"logo\":{\"@type\":\"ImageObject\",\"inLanguage\":\"en-US\",\"@id\":\"https:\/\/www.cogelec.fr\/#\/schema\/logo\/image\/\",\"url\":\"https:\/\/www.cogelec.fr\/wp-content\/uploads\/2025\/07\/logo-cogelec-black.svg\",\"contentUrl\":\"https:\/\/www.cogelec.fr\/wp-content\/uploads\/2025\/07\/logo-cogelec-black.svg\",\"caption\":\"Cogelec\"},\"image\":{\"@id\":\"https:\/\/www.cogelec.fr\/#\/schema\/logo\/image\/\"}}]}<\/script>\n<!-- \/ Yoast SEO plugin. -->","yoast_head_json":{"title":"The careers and daily lives of our talents - Cogelec","robots":{"index":"index","follow":"follow","max-snippet":"max-snippet:-1","max-image-preview":"max-image-preview:large","max-video-preview":"max-video-preview:-1"},"canonical":"https:\/\/www.cogelec.fr\/en\/discover-our-professions\/","og_locale":"en_US","og_type":"article","og_title":"The careers and daily lives of our talents - Cogelec","og_description":"Discover our professions Discover the inspiring testimonials of our employees through our business videos. Immerse yourself in their daily lives and see how they contribute to our collective success. These videos will make you want to join our dynamic and passionate team. Click and be inspired by their stories! Customer Service Manager We invite you [&hellip;]","og_url":"https:\/\/www.cogelec.fr\/en\/discover-our-professions\/","og_site_name":"Cogelec","article_modified_time":"2026-01-14T13:24:09+00:00","og_image":[{"url":"https:\/\/www.cogelec.fr\/wp-content\/uploads\/2025\/08\/4Y8A7202-scaled.jpg","type":"","width":"","height":""}],"twitter_card":"summary_large_image","twitter_misc":{"Est. reading time":"2 minutes"},"schema":{"@context":"https:\/\/schema.org","@graph":[{"@type":"WebPage","@id":"https:\/\/www.cogelec.fr\/en\/discover-our-professions\/","url":"https:\/\/www.cogelec.fr\/en\/discover-our-professions\/","name":"The careers and daily lives of our talents - Cogelec","isPartOf":{"@id":"https:\/\/www.cogelec.fr\/#website"},"primaryImageOfPage":{"@id":"https:\/\/www.cogelec.fr\/en\/discover-our-professions\/#primaryimage"},"image":{"@id":"https:\/\/www.cogelec.fr\/en\/discover-our-professions\/#primaryimage"},"thumbnailUrl":"https:\/\/www.cogelec.fr\/wp-content\/uploads\/2025\/08\/4Y8A7202-scaled.jpg","datePublished":"2025-07-23T15:04:00+00:00","dateModified":"2026-01-14T13:24:09+00:00","breadcrumb":{"@id":"https:\/\/www.cogelec.fr\/en\/discover-our-professions\/#breadcrumb"},"inLanguage":"en-US","potentialAction":[{"@type":"ReadAction","target":["https:\/\/www.cogelec.fr\/en\/discover-our-professions\/"]}]},{"@type":"ImageObject","inLanguage":"en-US","@id":"https:\/\/www.cogelec.fr\/en\/discover-our-professions\/#primaryimage","url":"https:\/\/www.cogelec.fr\/wp-content\/uploads\/2025\/08\/4Y8A7202-scaled.jpg","contentUrl":"https:\/\/www.cogelec.fr\/wp-content\/uploads\/2025\/08\/4Y8A7202-scaled.jpg"},{"@type":"BreadcrumbList","@id":"https:\/\/www.cogelec.fr\/en\/discover-our-professions\/#breadcrumb","itemListElement":[{"@type":"ListItem","position":1,"name":"Home","item":"https:\/\/www.cogelec.fr\/en\/"},{"@type":"ListItem","position":2,"name":"Discover our professions"}]},{"@type":"WebSite","@id":"https:\/\/www.cogelec.fr\/#website","url":"https:\/\/www.cogelec.fr\/","name":"Cogelec","description":"Interphones t\u00e9l\u00e9phoniques et contr\u00f4le d&#039;acc\u00e8s Vigik\u00ae","publisher":{"@id":"https:\/\/www.cogelec.fr\/#organization"},"potentialAction":[{"@type":"SearchAction","target":{"@type":"EntryPoint","urlTemplate":"https:\/\/www.cogelec.fr\/?s={search_term_string}"},"query-input":{"@type":"PropertyValueSpecification","valueRequired":true,"valueName":"search_term_string"}}],"inLanguage":"en-US"},{"@type":"Organization","@id":"https:\/\/www.cogelec.fr\/#organization","name":"Cogelec","url":"https:\/\/www.cogelec.fr\/","logo":{"@type":"ImageObject","inLanguage":"en-US","@id":"https:\/\/www.cogelec.fr\/#\/schema\/logo\/image\/","url":"https:\/\/www.cogelec.fr\/wp-content\/uploads\/2025\/07\/logo-cogelec-black.svg","contentUrl":"https:\/\/www.cogelec.fr\/wp-content\/uploads\/2025\/07\/logo-cogelec-black.svg","caption":"Cogelec"},"image":{"@id":"https:\/\/www.cogelec.fr\/#\/schema\/logo\/image\/"}}]}},"_links":{"self":[{"href":"https:\/\/www.cogelec.fr\/en\/wp-json\/wp\/v2\/pages\/1387","targetHints":{"allow":["GET"]}}],"collection":[{"href":"https:\/\/www.cogelec.fr\/en\/wp-json\/wp\/v2\/pages"}],"about":[{"href":"https:\/\/www.cogelec.fr\/en\/wp-json\/wp\/v2\/types\/page"}],"author":[{"embeddable":true,"href":"https:\/\/www.cogelec.fr\/en\/wp-json\/wp\/v2\/users\/2"}],"replies":[{"embeddable":true,"href":"https:\/\/www.cogelec.fr\/en\/wp-json\/wp\/v2\/comments?post=1387"}],"version-history":[{"count":2,"href":"https:\/\/www.cogelec.fr\/en\/wp-json\/wp\/v2\/pages\/1387\/revisions"}],"predecessor-version":[{"id":1389,"href":"https:\/\/www.cogelec.fr\/en\/wp-json\/wp\/v2\/pages\/1387\/revisions\/1389"}],"wp:attachment":[{"href":"https:\/\/www.cogelec.fr\/en\/wp-json\/wp\/v2\/media?parent=1387"}],"curies":[{"name":"wp","href":"https:\/\/api.w.org\/{rel}","templated":true}]}}